{"id":2489,"date":"2024-11-24T22:17:46","date_gmt":"2024-11-24T21:17:46","guid":{"rendered":"https:\/\/visitkorculaisland.com\/?page_id=2489"},"modified":"2024-12-09T12:46:33","modified_gmt":"2024-12-09T11:46:33","slug":"ostale-agencije-pjesacenje","status":"publish","type":"page","link":"https:\/\/visitkorculaisland.com\/hr\/ostale-agencije-pjesacenje\/","title":{"rendered":"Ostale agencije &#8211; pje\u0161a\u010denje"},"content":{"rendered":"\t\t<div data-elementor-type=\"wp-page\" data-elementor-id=\"2489\" class=\"elementor elementor-2489\" data-elementor-post-type=\"page\">\n\t\t\t\t\t\t<section class=\"elementor-section elementor-top-section elementor-element elementor-element-caef1f9 elementor-section-boxed elementor-section-height-default elementor-section-height-default\" data-id=\"caef1f9\" data-element_type=\"section\">\n\t\t\t\t\t\t<div class=\"elementor-container elementor-column-gap-default\">\n\t\t\t\t\t<div class=\"elementor-column elementor-col-100 elementor-top-column elementor-element elementor-element-2182ce6\" data-id=\"2182ce6\" data-element_type=\"column\">\n\t\t\t<div class=\"elementor-widget-wrap elementor-element-populated\">\n\t\t\t\t\t\t<div class=\"elementor-element elementor-element-b633d0b elementor-widget elementor-widget-heading\" data-id=\"b633d0b\" data-element_type=\"widget\" data-widget_type=\"heading.default\">\n\t\t\t\t<div class=\"elementor-widget-container\">\n\t\t\t\t\t<h1 class=\"elementor-heading-title elementor-size-default\">OSTALE AGENCIJE - PJE\u0160A\u010cENJE<\/h1>\t\t\t\t<\/div>\n\t\t\t\t<\/div>\n\t\t\t\t\t<\/div>\n\t\t<\/div>\n\t\t\t\t\t<\/div>\n\t\t<\/section>\n\t\t\t\t<section class=\"elementor-section elementor-top-section elementor-element elementor-element-b272231 elementor-section-boxed elementor-section-height-default elementor-section-height-default elementor-invisible\" data-id=\"b272231\" data-element_type=\"section\" data-settings=\"{&quot;animation&quot;:&quot;slideInUp&quot;}\">\n\t\t\t\t\t\t<div class=\"elementor-container elementor-column-gap-default\">\n\t\t\t\t\t<div class=\"elementor-column elementor-col-100 elementor-top-column elementor-element elementor-element-6b4ec2f\" data-id=\"6b4ec2f\" data-element_type=\"column\">\n\t\t\t<div class=\"elementor-widget-wrap elementor-element-populated\">\n\t\t\t\t\t\t<div class=\"elementor-element elementor-element-82886cb elementor-widget elementor-widget-heading\" data-id=\"82886cb\" data-element_type=\"widget\" data-widget_type=\"heading.default\">\n\t\t\t\t<div class=\"elementor-widget-container\">\n\t\t\t\t\t<h2 class=\"elementor-heading-title elementor-size-default\">Travel Matters - putovnja na \u0161estu<\/h2>\t\t\t\t<\/div>\n\t\t\t\t<\/div>\n\t\t\t\t<div class=\"elementor-element elementor-element-7f3a51c elementor-widget elementor-widget-text-editor\" data-id=\"7f3a51c\" data-element_type=\"widget\" data-widget_type=\"text-editor.default\">\n\t\t\t\t<div class=\"elementor-widget-container\">\n\t\t\t\t\t\t\t\t\t<p style=\"text-align: center;\">Sightseeing Tours, Sightrunning Tours, Hiking Tours, Excursions, Package Holidays,\u00a0 Hiking Holidays<\/p><p style=\"text-align: center;\"><span style=\"color: #00ccff;\"><a style=\"color: #00ccff;\" href=\"https:\/\/travelmatters.hr\/\" target=\"_blank\" rel=\"noopener\">https:\/\/travelmatters.hr\/<\/a><\/span><\/p><p style=\"text-align: center;\">+385 98 175 77 16<br \/><span style=\"color: #00ccff;\"><a style=\"color: #00ccff;\" href=\"mailto:info@travelmatters.hr\">info@travelmatters.hr<\/a><\/span><\/p>\t\t\t\t\t\t\t\t<\/div>\n\t\t\t\t<\/div>\n\t\t\t\t\t<\/div>\n\t\t<\/div>\n\t\t\t\t\t<\/div>\n\t\t<\/section>\n\t\t\t\t<section class=\"elementor-section elementor-top-section elementor-element elementor-element-ea3e217 elementor-section-boxed elementor-section-height-default elementor-section-height-default elementor-invisible\" data-id=\"ea3e217\" data-element_type=\"section\" data-settings=\"{&quot;animation&quot;:&quot;slideInUp&quot;}\">\n\t\t\t\t\t\t<div class=\"elementor-container elementor-column-gap-default\">\n\t\t\t\t\t<div class=\"elementor-column elementor-col-100 elementor-top-column elementor-element elementor-element-52338fd\" data-id=\"52338fd\" data-element_type=\"column\">\n\t\t\t<div class=\"elementor-widget-wrap elementor-element-populated\">\n\t\t\t\t\t\t<div class=\"elementor-element elementor-element-60a7bbb elementor-widget elementor-widget-heading\" data-id=\"60a7bbb\" data-element_type=\"widget\" data-widget_type=\"heading.default\">\n\t\t\t\t<div class=\"elementor-widget-container\">\n\t\t\t\t\t<h2 class=\"elementor-heading-title elementor-size-default\">Kaleta <\/h2>\t\t\t\t<\/div>\n\t\t\t\t<\/div>\n\t\t\t\t<div class=\"elementor-element elementor-element-b490770 elementor-widget elementor-widget-text-editor\" data-id=\"b490770\" data-element_type=\"widget\" data-widget_type=\"text-editor.default\">\n\t\t\t\t<div class=\"elementor-widget-container\">\n\t\t\t\t\t\t\t\t\t<p>Turisti\u010dka agencija, Servis centar, Rent a bike, Transfer<\/p><p>Plokata 19. travnja 1921. br.36, Grad Kor\u010dula<\/p><p class=\"MsoNormal\">+385 98 979 98 96<\/p><p class=\"MsoNormal\">+ 385 20 711 282<\/p><p class=\"MsoNormal\"><a name=\"_Hlk104292226\"><\/a><span style=\"color: #00ccff;\"><a style=\"color: #00ccff;\" href=\"mailto:kaleta@kaleta.hr\" target=\"_blank\" rel=\"noopener\">kaleta@kaleta.hr<\/a><\/span><\/p><p class=\"MsoNormal\"><span style=\"color: #00ccff;\"><a style=\"color: #00ccff;\" href=\"http:\/\/www.kaleta.hr\/\" target=\"_blank\" rel=\"noopener\">www.kaleta.hr<\/a><\/span><\/p><p class=\"MsoNormal\"><span style=\"color: #00ccff;\"><a style=\"color: #00ccff;\" href=\"https:\/\/www.facebook.com\/korcula.apartments\" target=\"_blank\" rel=\"noopener\">https:\/\/www.facebook.com\/korcula.apartments<\/a><\/span><\/p><p>\u00a0<\/p>\t\t\t\t\t\t\t\t<\/div>\n\t\t\t\t<\/div>\n\t\t\t\t\t<\/div>\n\t\t<\/div>\n\t\t\t\t\t<\/div>\n\t\t<\/section>\n\t\t\t\t<section class=\"elementor-section elementor-top-section elementor-element elementor-element-95fc7dd elementor-section-boxed elementor-section-height-default elementor-section-height-default elementor-invisible\" data-id=\"95fc7dd\" data-element_type=\"section\" data-settings=\"{&quot;animation&quot;:&quot;slideInUp&quot;}\">\n\t\t\t\t\t\t<div class=\"elementor-container elementor-column-gap-default\">\n\t\t\t\t\t<div class=\"elementor-column elementor-col-100 elementor-top-column elementor-element elementor-element-addb7b0\" data-id=\"addb7b0\" data-element_type=\"column\">\n\t\t\t<div class=\"elementor-widget-wrap elementor-element-populated\">\n\t\t\t\t\t\t<div class=\"elementor-element elementor-element-40271cf elementor-widget elementor-widget-heading\" data-id=\"40271cf\" data-element_type=\"widget\" data-widget_type=\"heading.default\">\n\t\t\t\t<div class=\"elementor-widget-container\">\n\t\t\t\t\t<h2 class=\"elementor-heading-title elementor-size-default\">Kor\u010dula Outdoor<\/h2>\t\t\t\t<\/div>\n\t\t\t\t<\/div>\n\t\t\t\t<div class=\"elementor-element elementor-element-934f24f elementor-widget elementor-widget-text-editor\" data-id=\"934f24f\" data-element_type=\"widget\" data-widget_type=\"text-editor.default\">\n\t\t\t\t<div class=\"elementor-widget-container\">\n\t\t\t\t\t\t\t\t\t<p>Turisti\u010dka agencija Ju\u017eno more, Rent a bike, Transfer<\/p><p>Put Sv. Antuna 4, Grad Kor\u010dula<\/p><p>+385 91 622 4566<\/p><p><span style=\"color: #00ccff;\"><a style=\"color: #00ccff;\" href=\"mailto:info@korculaoutdoor.com\" target=\"_blank\" rel=\"noopener\">info@korculaoutdoor.com<\/a><\/span><\/p><p><span style=\"color: #00ccff;\"><a style=\"color: #00ccff;\" href=\"https:\/\/www.korcula-outdoor.com\" target=\"_blank\" rel=\"noopener\">https:\/\/www.korcula-outdoor.com<\/a><\/span><\/p><p><span style=\"color: #00ccff;\"><a style=\"color: #00ccff;\" href=\"https:\/\/www.facebook.com\/KorculaOutdoorExperience\" target=\"_blank\" rel=\"noopener\">https:\/\/www.facebook.com\/KorculaOutdoorExperience<\/a><\/span><\/p><p><span style=\"color: #00ccff;\"><a style=\"color: #00ccff;\" href=\"https:\/\/www.instagram.com\/korculaoutdoor\/\" target=\"_blank\" rel=\"noopener\">https:\/\/www.instagram.com\/korculaoutdoor\/<\/a><\/span><\/p>\t\t\t\t\t\t\t\t<\/div>\n\t\t\t\t<\/div>\n\t\t\t\t\t<\/div>\n\t\t<\/div>\n\t\t\t\t\t<\/div>\n\t\t<\/section>\n\t\t\t\t<\/div>\n\t\t","protected":false},"excerpt":{"rendered":"<p>OSTALE AGENCIJE &#8211; PJE\u0160A\u010cENJE Travel Matters &#8211; putovnja na \u0161estu Sightseeing Tours, Sightrunning Tours, Hiking Tours, Excursions, Package Holidays,\u00a0 Hiking Holidays https:\/\/travelmatters.hr\/ +385 98 175 77 16info@travelmatters.hr Kaleta Turisti\u010dka agencija, Servis centar, Rent a bike, Transfer Plokata 19. travnja 1921. br.36, Grad Kor\u010dula +385 98 979 98 96 + 385 20 711 282 kaleta@kaleta.hr www.kaleta.hr [&hellip;]<\/p>\n","protected":false},"author":1,"featured_media":0,"parent":0,"menu_order":0,"comment_status":"closed","ping_status":"closed","template":"elementor_header_footer","meta":{"footnotes":""},"class_list":["post-2489","page","type-page","status-publish","hentry"],"_links":{"self":[{"href":"https:\/\/visitkorculaisland.com\/hr\/wp-json\/wp\/v2\/pages\/2489","targetHints":{"allow":["GET"]}}],"collection":[{"href":"https:\/\/visitkorculaisland.com\/hr\/wp-json\/wp\/v2\/pages"}],"about":[{"href":"https:\/\/visitkorculaisland.com\/hr\/wp-json\/wp\/v2\/types\/page"}],"author":[{"embeddable":true,"href":"https:\/\/visitkorculaisland.com\/hr\/wp-json\/wp\/v2\/users\/1"}],"replies":[{"embeddable":true,"href":"https:\/\/visitkorculaisland.com\/hr\/wp-json\/wp\/v2\/comments?post=2489"}],"version-history":[{"count":19,"href":"https:\/\/visitkorculaisland.com\/hr\/wp-json\/wp\/v2\/pages\/2489\/revisions"}],"predecessor-version":[{"id":3833,"href":"https:\/\/visitkorculaisland.com\/hr\/wp-json\/wp\/v2\/pages\/2489\/revisions\/3833"}],"wp:attachment":[{"href":"https:\/\/visitkorculaisland.com\/hr\/wp-json\/wp\/v2\/media?parent=2489"}],"curies":[{"name":"wp","href":"https:\/\/api.w.org\/{rel}","templated":true}]}}