{"id":147,"date":"2023-04-05T12:40:03","date_gmt":"2023-04-05T11:40:03","guid":{"rendered":"https:\/\/visitkorculaisland.com\/?page_id=147"},"modified":"2023-05-15T13:00:16","modified_gmt":"2023-05-15T12:00:16","slug":"turisticke-agencije-s-hikers-friendly-oznakom","status":"publish","type":"page","link":"https:\/\/visitkorculaisland.com\/hr\/turisticke-agencije-s-hikers-friendly-oznakom\/","title":{"rendered":"Turisti\u010dke agencije s Hikers friendly oznakom"},"content":{"rendered":"\t\t<div data-elementor-type=\"wp-page\" data-elementor-id=\"147\" class=\"elementor elementor-147\" data-elementor-post-type=\"page\">\n\t\t\t\t\t\t<section class=\"elementor-section elementor-top-section elementor-element elementor-element-caef1f9 elementor-section-boxed elementor-section-height-default elementor-section-height-default\" data-id=\"caef1f9\" data-element_type=\"section\">\n\t\t\t\t\t\t<div class=\"elementor-container elementor-column-gap-default\">\n\t\t\t\t\t<div class=\"elementor-column elementor-col-100 elementor-top-column elementor-element elementor-element-2182ce6\" data-id=\"2182ce6\" data-element_type=\"column\">\n\t\t\t<div class=\"elementor-widget-wrap elementor-element-populated\">\n\t\t\t\t\t\t<div class=\"elementor-element elementor-element-b633d0b elementor-widget elementor-widget-heading\" data-id=\"b633d0b\" data-element_type=\"widget\" data-widget_type=\"heading.default\">\n\t\t\t\t<div class=\"elementor-widget-container\">\n\t\t\t\t\t<h1 class=\"elementor-heading-title elementor-size-default\">TURISTI\u010cKE AGENCIJE S HIKERS FRIENDLY OZNAKOM<\/h1>\t\t\t\t<\/div>\n\t\t\t\t<\/div>\n\t\t\t\t\t<\/div>\n\t\t<\/div>\n\t\t\t\t\t<\/div>\n\t\t<\/section>\n\t\t\t\t<section class=\"elementor-section elementor-top-section elementor-element elementor-element-b272231 elementor-section-boxed elementor-section-height-default elementor-section-height-default elementor-invisible\" data-id=\"b272231\" data-element_type=\"section\" data-settings=\"{&quot;animation&quot;:&quot;slideInUp&quot;}\">\n\t\t\t\t\t\t<div class=\"elementor-container elementor-column-gap-default\">\n\t\t\t\t\t<div class=\"elementor-column elementor-col-100 elementor-top-column elementor-element elementor-element-6b4ec2f\" data-id=\"6b4ec2f\" data-element_type=\"column\">\n\t\t\t<div class=\"elementor-widget-wrap elementor-element-populated\">\n\t\t\t\t\t\t<div class=\"elementor-element elementor-element-82886cb elementor-widget elementor-widget-heading\" data-id=\"82886cb\" data-element_type=\"widget\" data-widget_type=\"heading.default\">\n\t\t\t\t<div class=\"elementor-widget-container\">\n\t\t\t\t\t<h2 class=\"elementor-heading-title elementor-size-default\">Kaleta <\/h2>\t\t\t\t<\/div>\n\t\t\t\t<\/div>\n\t\t\t\t<div class=\"elementor-element elementor-element-7f3a51c elementor-widget elementor-widget-text-editor\" data-id=\"7f3a51c\" data-element_type=\"widget\" data-widget_type=\"text-editor.default\">\n\t\t\t\t<div class=\"elementor-widget-container\">\n\t\t\t\t\t\t\t\t\t<p>Turisti\u010dka agencija, Servis centar, Rent a bike, Transfer<\/p><p>Plokata 19. travnja 1921. br.36, Grad Kor\u010dula<\/p><p class=\"MsoNormal\">+385 98 979 98 96<\/p><p class=\"MsoNormal\">+ 385 20 711 282<\/p><p class=\"MsoNormal\"><a name=\"_Hlk104292226\"><\/a><span style=\"color: #00ccff;\"><a style=\"color: #00ccff;\" href=\"mailto:kaleta@kaleta.hr\" target=\"_blank\" rel=\"noopener\">kaleta@kaleta.hr<\/a><\/span><\/p><p class=\"MsoNormal\"><span style=\"color: #00ccff;\"><a style=\"color: #00ccff;\" href=\"http:\/\/www.kaleta.hr\/\" target=\"_blank\" rel=\"noopener\">www.kaleta.hr<\/a><\/span><\/p><p class=\"MsoNormal\"><span style=\"color: #00ccff;\"><a style=\"color: #00ccff;\" href=\"https:\/\/www.facebook.com\/korcula.apartments\" target=\"_blank\" rel=\"noopener\">https:\/\/www.facebook.com\/korcula.apartments<\/a><\/span><\/p><p>\u00a0<\/p>\t\t\t\t\t\t\t\t<\/div>\n\t\t\t\t<\/div>\n\t\t\t\t\t<\/div>\n\t\t<\/div>\n\t\t\t\t\t<\/div>\n\t\t<\/section>\n\t\t\t\t<section class=\"elementor-section elementor-top-section elementor-element elementor-element-95fc7dd elementor-section-boxed elementor-section-height-default elementor-section-height-default elementor-invisible\" data-id=\"95fc7dd\" data-element_type=\"section\" data-settings=\"{&quot;animation&quot;:&quot;slideInUp&quot;}\">\n\t\t\t\t\t\t<div class=\"elementor-container elementor-column-gap-default\">\n\t\t\t\t\t<div class=\"elementor-column elementor-col-100 elementor-top-column elementor-element elementor-element-addb7b0\" data-id=\"addb7b0\" data-element_type=\"column\">\n\t\t\t<div class=\"elementor-widget-wrap elementor-element-populated\">\n\t\t\t\t\t\t<div class=\"elementor-element elementor-element-40271cf elementor-widget elementor-widget-heading\" data-id=\"40271cf\" data-element_type=\"widget\" data-widget_type=\"heading.default\">\n\t\t\t\t<div class=\"elementor-widget-container\">\n\t\t\t\t\t<h2 class=\"elementor-heading-title elementor-size-default\">Ju\u017eno more- Kor\u010dula Outdoor<\/h2>\t\t\t\t<\/div>\n\t\t\t\t<\/div>\n\t\t\t\t<div class=\"elementor-element elementor-element-934f24f elementor-widget elementor-widget-text-editor\" data-id=\"934f24f\" data-element_type=\"widget\" data-widget_type=\"text-editor.default\">\n\t\t\t\t<div class=\"elementor-widget-container\">\n\t\t\t\t\t\t\t\t\t<p>Turisti\u010dka agencija, Rent a bike, Transfer<\/p><p>Put Sv. Antuna 4, Grad Kor\u010dula<\/p><p>+385 91 622 4566<\/p><p><span style=\"color: #00ccff;\"><a style=\"color: #00ccff;\" href=\"mailto:info@korculaoutdoor.com\" target=\"_blank\" rel=\"noopener\">info@korculaoutdoor.com<\/a><\/span><\/p><p><span style=\"color: #00ccff;\"><a style=\"color: #00ccff;\" href=\"https:\/\/www.korcula-outdoor.com\" target=\"_blank\" rel=\"noopener\">https:\/\/www.korcula-outdoor.com<\/a><\/span><\/p><p><span style=\"color: #00ccff;\"><a style=\"color: #00ccff;\" href=\"https:\/\/www.facebook.com\/KorculaOutdoorExperience\" target=\"_blank\" rel=\"noopener\">https:\/\/www.facebook.com\/KorculaOutdoorExperience<\/a><\/span><\/p><p><span style=\"color: #00ccff;\"><a style=\"color: #00ccff;\" href=\"https:\/\/www.instagram.com\/korculaoutdoor\/\" target=\"_blank\" rel=\"noopener\">https:\/\/www.instagram.com\/korculaoutdoor\/<\/a><\/span><\/p>\t\t\t\t\t\t\t\t<\/div>\n\t\t\t\t<\/div>\n\t\t\t\t\t<\/div>\n\t\t<\/div>\n\t\t\t\t\t<\/div>\n\t\t<\/section>\n\t\t\t\t<\/div>\n\t\t","protected":false},"excerpt":{"rendered":"<p>TURISTI\u010cKE AGENCIJE S HIKERS FRIENDLY OZNAKOM Kaleta Turisti\u010dka agencija, Servis centar, Rent a bike, Transfer Plokata 19. travnja 1921. br.36, Grad Kor\u010dula +385 98 979 98 96 + 385 20 711 282 kaleta@kaleta.hr www.kaleta.hr https:\/\/www.facebook.com\/korcula.apartments \u00a0 Ju\u017eno more- Kor\u010dula Outdoor Turisti\u010dka agencija, Rent a bike, Transfer Put Sv. Antuna 4, Grad Kor\u010dula +385 91 622 [&hellip;]<\/p>\n","protected":false},"author":1,"featured_media":0,"parent":0,"menu_order":0,"comment_status":"closed","ping_status":"closed","template":"elementor_header_footer","meta":{"footnotes":""},"class_list":["post-147","page","type-page","status-publish","hentry"],"_links":{"self":[{"href":"https:\/\/visitkorculaisland.com\/hr\/wp-json\/wp\/v2\/pages\/147","targetHints":{"allow":["GET"]}}],"collection":[{"href":"https:\/\/visitkorculaisland.com\/hr\/wp-json\/wp\/v2\/pages"}],"about":[{"href":"https:\/\/visitkorculaisland.com\/hr\/wp-json\/wp\/v2\/types\/page"}],"author":[{"embeddable":true,"href":"https:\/\/visitkorculaisland.com\/hr\/wp-json\/wp\/v2\/users\/1"}],"replies":[{"embeddable":true,"href":"https:\/\/visitkorculaisland.com\/hr\/wp-json\/wp\/v2\/comments?post=147"}],"version-history":[{"count":0,"href":"https:\/\/visitkorculaisland.com\/hr\/wp-json\/wp\/v2\/pages\/147\/revisions"}],"wp:attachment":[{"href":"https:\/\/visitkorculaisland.com\/hr\/wp-json\/wp\/v2\/media?parent=147"}],"curies":[{"name":"wp","href":"https:\/\/api.w.org\/{rel}","templated":true}]}}