{"id":109,"date":"2023-04-05T12:31:00","date_gmt":"2023-04-05T11:31:00","guid":{"rendered":"https:\/\/visitkorculaisland.com\/?page_id=109"},"modified":"2024-10-23T12:55:44","modified_gmt":"2024-10-23T10:55:44","slug":"kako-doci-do-otoka","status":"publish","type":"page","link":"https:\/\/visitkorculaisland.com\/hr\/kako-doci-do-otoka\/","title":{"rendered":"KAKO DO\u0106I DO OTOKA?"},"content":{"rendered":"<h1>KAKO DO\u0106I DO OTOKA?<\/h1>\n<h2>BRODOM<\/h2>\n<p>Plovidbeni red za trajekte, katamarane i brodove iz Splita, Orebi\u0107a i Dubrovnika. Jadrolinija \u0107e vas odvesti do prekrasnog otoka Kor\u010dula, sigurno, udobno i na vrijeme. Nudi vam nezaboravan do\u017eivljaj putovanja s okusom mora i do\u017eivljajem najljep\u0161ih obalnih i oto\u010dkih krajolika.<br \/>Flota \u2018Kapetan Luka\u2019 se sastoji od brzih brodova sa sjedi\u0161nim kapacitetima izme\u0111u 180-396.<\/p>\n<p style=\"text-align: center;\" align=\"justify\"><a style=\"color: #00ccff;\" href=\"http:\/\/jadrolinija.hr\/\" target=\"_blank\" rel=\"noopener\">Jadrolinija<\/a>\u00a0\/\u00a0<a style=\"color: #00ccff;\" href=\"http:\/\/krilo.hr\/\" target=\"_blank\" rel=\"noopener\">MB Kapetan Luka<\/a>\u00a0\/\u00a0<a style=\"color: #00ccff;\" href=\"http:\/\/agencija-zolpp.hr\/\" target=\"_blank\" rel=\"noopener\">KTD Bilan<\/a>\u00a0\/\u00a0<a style=\"color: #00ccff;\" href=\"https:\/\/gv-zadar.hr\/linija\/drzavna-brodska-linija-br-614-orebic-peljesac-korcula-i-obratno\/\" target=\"_blank\" rel=\"noopener\">G&amp;V Line\u00a0<\/a>\u00a0\/ <a href=\"https:\/\/www.tp-line.hr\/hr\/red-plovidbe\" target=\"_blank\" rel=\"noopener\">TP Line<\/a><\/p>\n<p style=\"text-align: center;\" align=\"justify\">Vi\u0161e informacija mo\u017eete pro\u010ditati <a href=\"https:\/\/www.visitkorcula.eu\/cro\/dolazak-brodom.html\" target=\"_blank\" rel=\"noopener\">ovdje<\/a>.<\/p>\n<figure>\n\t\t\t\t\t\t\t\t\t\t<img decoding=\"async\" width=\"570\" height=\"355\" data-src=\"http:\/\/visitkorculaisland.com\/wp-content\/uploads\/2023\/04\/Kako-doci-brodom.jpg\" alt=\"\" data-srcset=\"https:\/\/visitkorculaisland.com\/wp-content\/uploads\/2023\/04\/Kako-doci-brodom.jpg 570w, https:\/\/visitkorculaisland.com\/wp-content\/uploads\/2023\/04\/Kako-doci-brodom-300x187.jpg 300w\" data-sizes=\"auto, (max-width: 570px) 100vw, 570px\" src=\"data:image\/svg+xml;base64,PHN2ZyB3aWR0aD0iMSIgaGVpZ2h0PSIxIiB4bWxucz0iaHR0cDovL3d3dy53My5vcmcvMjAwMC9zdmciPjwvc3ZnPg==\" class=\"lazyload\" style=\"--smush-placeholder-width: 570px; --smush-placeholder-aspect-ratio: 570\/355;\" \/><figcaption><\/figcaption><\/figure>\n<h2>AUTOMOBILOM<\/h2>\n<p>1 \u2013 Isto\u010dna riva<\/p>\n<p>2 \u2013 Parking Ex Liburna<\/p>\n<p>3 \u2013 Parkomat Tommy<\/p>\n<p>4 \u2013 Gara\u017ea<\/p>\n<p>POMO\u0106 NA CESTI \u2013\u00a0<a style=\"color: #00ccff;\" href=\"http:\/\/www.hak.hr\/\" target=\"_blank\" rel=\"noopener\">Hrvatski Autoklub (HAK)<\/a><\/p>\n<p>e-mail :\u00a0<a style=\"color: #00ccff;\" href=\"mailto:1987@hak.hr?subject=visitor%20visitkorcula.eu\" target=\"_blank\" rel=\"noopener\">1987@hak.hr\u00a0<\/a><\/p>\n<p>Vi\u0161e informacija mo\u017eete pro\u010ditati <a href=\"https:\/\/www.visitkorcula.eu\/cro\/dolazak-automobilom.html\" target=\"_blank\" rel=\"noopener\">ovdje<\/a>.<\/p>\n<figure>\n\t\t\t\t\t\t\t\t\t\t<img decoding=\"async\" width=\"800\" height=\"483\" data-src=\"http:\/\/visitkorculaisland.com\/wp-content\/uploads\/2023\/04\/Korcula_Parking-1024x618.png\" alt=\"\" data-srcset=\"https:\/\/visitkorculaisland.com\/wp-content\/uploads\/2023\/04\/Korcula_Parking-1024x618.png 1024w, https:\/\/visitkorculaisland.com\/wp-content\/uploads\/2023\/04\/Korcula_Parking-300x181.png 300w, https:\/\/visitkorculaisland.com\/wp-content\/uploads\/2023\/04\/Korcula_Parking-768x464.png 768w, https:\/\/visitkorculaisland.com\/wp-content\/uploads\/2023\/04\/Korcula_Parking.png 1070w\" data-sizes=\"auto, (max-width: 800px) 100vw, 800px\" src=\"data:image\/svg+xml;base64,PHN2ZyB3aWR0aD0iMSIgaGVpZ2h0PSIxIiB4bWxucz0iaHR0cDovL3d3dy53My5vcmcvMjAwMC9zdmciPjwvc3ZnPg==\" class=\"lazyload\" style=\"--smush-placeholder-width: 800px; --smush-placeholder-aspect-ratio: 800\/483;\" \/><figcaption><\/figcaption><\/figure>\n<h2>AUTOBUSOM<\/h2>\n<p><a style=\"color: #00ccff;\" href=\"http:\/\/www.korkyra.info\/\" target=\"_blank\" rel=\"noopener\">KORKYRA TRANSFERI<\/a><br \/>e-mail :\u00a0info@korkyra.info<br \/>Transferi\/Shuttle bus\/Tours\/Excursions<\/p>\n<p><a style=\"color: #00ccff;\" href=\"https:\/\/www.arriva.com.hr\/en-us\/\" target=\"_blank\" rel=\"noopener\">ARRIVA KOR\u010cULA\u00a0<\/a>\u00a0<br \/>e-mail :\u00a0info@arriva.com.hr<br \/>Ticket office Kor\u010dula<\/p>\n<p>Vi\u0161e informacija mo\u017eete pro\u010ditati <a href=\"https:\/\/www.visitkorcula.eu\/cro\/dolazak-autobusom.html\" target=\"_blank\" rel=\"noopener\">ovdje<\/a>.<\/p>\n<figure>\n\t\t\t\t\t\t\t\t\t\t<img decoding=\"async\" width=\"500\" height=\"250\" data-src=\"http:\/\/visitkorculaisland.com\/wp-content\/uploads\/2023\/04\/Arriva-bus-korcula.jpg\" alt=\"\" data-srcset=\"https:\/\/visitkorculaisland.com\/wp-content\/uploads\/2023\/04\/Arriva-bus-korcula.jpg 500w, https:\/\/visitkorculaisland.com\/wp-content\/uploads\/2023\/04\/Arriva-bus-korcula-300x150.jpg 300w\" data-sizes=\"auto, (max-width: 500px) 100vw, 500px\" src=\"data:image\/svg+xml;base64,PHN2ZyB3aWR0aD0iMSIgaGVpZ2h0PSIxIiB4bWxucz0iaHR0cDovL3d3dy53My5vcmcvMjAwMC9zdmciPjwvc3ZnPg==\" class=\"lazyload\" style=\"--smush-placeholder-width: 500px; --smush-placeholder-aspect-ratio: 500\/250;\" \/><figcaption><\/figcaption><\/figure>\n<h2>ZRAKOPLOVOM<\/h2>\n<p>\t\t\t\t\t\t\t\t\t\t\t\t<a href=\"\">CROATIA AIRLINES<\/a><\/p>\n<p>Od 24.06<br \/>Split \u2013 Frankfurt \u2013 dva puta tjedno (srijeda \u2013 subota)<br \/>Od 26.06<br \/>Split \u2013 Munchen \u2013 dva puta tjedno (petak \u2013 subota)<br \/>Split \u2013 Zurich \u2013 dva puta tjedno (petak \u2013 subota)<br \/>Od 27.06<br \/>Split \u2013 Dusseldorf \u2013 jedanput tjedno (subota)<br \/>Split \u2013 Berlin \u2013 jedanput tjedno (subota)<\/p>\n<p>\t\t\t\t\t\t\t\t\t\t\t\t<a href=\"\">SMART WINGS<\/a><\/p>\n<p>Od 10.06<br \/>Prag \u2013 Split \u2013 dva puta tjedno (srijeda \u2013 subota)<br \/>Od 17.06 \u2013 tri puta tjedno (ponedjeljak \u2013 srijeda \u2013 subota)<br \/>Od 24.06 \u2013 svaki dan<br \/>Od 18.06<br \/>Katowice \u2013 Split \u2013 jedanput tjedno (\u010detvrtak)<br \/>Var\u0161ava \u2013 Split \u2013 jedanput tjedno (\u010detvrtak)<\/p>\n<p>\t\t\t\t\t\t\t\t\t\t\t\t<a href=\"\">TUI<\/a><\/p>\n<p>Od 20.06<br \/>Brussels \u2013 Dubrovnik \u2013 dva puta tjedno (srijeda \u2013 subota)<br \/>Od 10.07<br \/>Antwerp \u2013 Split \u2013 dva puta tjedno (ponedjeljak \u2013 petak)<\/p>\n<p>\t\t\t\t\t\t\t\t\t\t\t\t<a href=\"\">SAS<\/a><\/p>\n<p>Od 20.06<br \/>Copenhagen \u2013 Split \u2013 dva puta tjedno (srijeda \u2013 subota)<br \/>Oslo \u2013 Split \u2013 jedanput tjedno (subota)<\/p>\n<p>\t\t\t\t\t\t\t\t\t\t\t\t<a href=\"\">AIR BALTIC<\/a><\/p>\n<p>Od 17.06<br \/>Riga \u2013 Dubrovnik \u2013 dva puta tjedno (ponedjeljak \u2013 \u010detvrtak)<br \/>Od 22.06<br \/>Riga \u2013 Split \u2013 jedanput tjedno (srijeda)<br \/>Od 03.07<br \/>Riga \u2013 Split \u2013 dva puta tjedno<\/p>\n<p>\t\t\t\t\t\t\t\t\t\t\t\t<a href=\"\">LUFTHANSA<\/a><\/p>\n<p>Od 20.06<br \/>Munchen \u2013 Dubrovnik \u2013 jedanput tjedno (subota)<br \/>Munchen \u2013 Split \u2013 jedanput tjedno (subota)<br \/>Od 27.06<br \/>Frankfurt \u2013 Split \u2013 jedanput tjedno (subota)<\/p>\n<p>\t\t\t\t\t\t\t\t\t\t\t\t<a href=\"\">BRUSSELS AIRLINES<\/a><\/p>\n<p>Od 27.06<br \/>Brussels \u2013 Dubrovnik \u2013 dva puta tjedno (utorak \u2013 nedjelja)<\/p>\n<p>Civilne zra\u010dne luke \/ HACZ \u2013\u00a0<a style=\"color: #00ccff;\" title=\"Hrvatska agencija za civilno zrakoplovstvo\" href=\"http:\/\/www.ccaa.hr\/english\/naslovnica_1\/\" target=\"_blank\" rel=\"noopener\">www.ccaa.hr<\/a><\/p>\n<p><a style=\"color: #00ccff;\" title=\"Zra\u010dna luka Bra\u010d\" href=\"https:\/\/www.airport-brac.hr\/en\/\" target=\"_blank\" rel=\"noopener\">Bra\u010d<\/a>\u00a0::\u00a0<a style=\"color: #00ccff;\" title=\"Zra\u010dna luka Dubrovnik\" href=\"https:\/\/www.airport-dubrovnik.hr\/index.php\/en\/\" target=\"_blank\" rel=\"noopener\">Dubrovnik<\/a>\u00a0::\u00a0<a style=\"color: #00ccff;\" title=\"Zra\u010dna luka Mali Lo\u0161inj\" href=\"https:\/\/www.airportmalilosinj.hr\/\" target=\"_blank\" rel=\"noopener\">Mali Lo\u0161inj<\/a>\u00a0::\u00a0<a style=\"color: #00ccff;\" title=\"Zra\u010dna luka Osijek\" href=\"http:\/\/www.osijek-airport.hr\/\" target=\"_blank\" rel=\"noopener\">Osijek<\/a><br \/><a style=\"color: #00ccff;\" title=\"Zra\u010dna luka Pula\" href=\"https:\/\/airport-pula.hr\/en\/\" target=\"_blank\" rel=\"noopener\">Pula<\/a>\u00a0::\u00a0<a style=\"color: #00ccff;\" title=\"Zra\u010dna luka Rijeka\" href=\"http:\/\/rijeka-airport.hr\/\" target=\"_blank\" rel=\"noopener\">Rijeka<\/a>\u00a0::\u00a0<a style=\"color: #00ccff;\" title=\"Zra\u010dna luka Split\" href=\"http:\/\/www.split-airport.hr\/index.php?lang=en\" target=\"_blank\" rel=\"noopener\">Split<\/a>\u00a0::\u00a0<a style=\"color: #00ccff;\" title=\"Zra\u010dna luka Zadar\" href=\"https:\/\/www.zadar-airport.hr\/\" target=\"_blank\" rel=\"noopener\">Zadar<\/a><br \/><a title=\"Zra\u010dna luka Franjo Tu\u0111man Zagreb\" href=\"http:\/\/www.zagreb-airport.hr\/en\" target=\"_blank\" rel=\"noopener\">MZL Franjo Tu\u0111man Zagreb<\/a><\/p>\n<p>Vi\u0161e informacija mo\u017eete pro\u010ditati <a href=\"https:\/\/www.visitkorcula.eu\/cro\/dolazak-zrakoplovom.html\" target=\"_blank\" rel=\"noopener\">ovdje<\/a>.<\/p>\n<figure>\n\t\t\t\t\t\t\t\t\t\t<img decoding=\"async\" width=\"500\" height=\"250\" data-src=\"http:\/\/visitkorculaisland.com\/wp-content\/uploads\/2023\/04\/Zracna-luka-Dubrovnik.jpg\" alt=\"\" data-srcset=\"https:\/\/visitkorculaisland.com\/wp-content\/uploads\/2023\/04\/Zracna-luka-Dubrovnik.jpg 500w, https:\/\/visitkorculaisland.com\/wp-content\/uploads\/2023\/04\/Zracna-luka-Dubrovnik-300x150.jpg 300w\" data-sizes=\"auto, (max-width: 500px) 100vw, 500px\" src=\"data:image\/svg+xml;base64,PHN2ZyB3aWR0aD0iMSIgaGVpZ2h0PSIxIiB4bWxucz0iaHR0cDovL3d3dy53My5vcmcvMjAwMC9zdmciPjwvc3ZnPg==\" class=\"lazyload\" style=\"--smush-placeholder-width: 500px; --smush-placeholder-aspect-ratio: 500\/250;\" \/><figcaption><\/figcaption><\/figure>\n<figure>\n\t\t\t\t\t\t\t\t\t\t<img decoding=\"async\" width=\"500\" height=\"250\" data-src=\"http:\/\/visitkorculaisland.com\/wp-content\/uploads\/2023\/04\/Korcula-civil-airport.jpg\" alt=\"\" data-srcset=\"https:\/\/visitkorculaisland.com\/wp-content\/uploads\/2023\/04\/Korcula-civil-airport.jpg 500w, https:\/\/visitkorculaisland.com\/wp-content\/uploads\/2023\/04\/Korcula-civil-airport-300x150.jpg 300w\" data-sizes=\"auto, (max-width: 500px) 100vw, 500px\" src=\"data:image\/svg+xml;base64,PHN2ZyB3aWR0aD0iMSIgaGVpZ2h0PSIxIiB4bWxucz0iaHR0cDovL3d3dy53My5vcmcvMjAwMC9zdmciPjwvc3ZnPg==\" class=\"lazyload\" style=\"--smush-placeholder-width: 500px; --smush-placeholder-aspect-ratio: 500\/250;\" \/><figcaption><\/figcaption><\/figure>\n<h2>\u017dELJEZNICOM<\/h2>\n<p><a style=\"color: #00ccff;\" href=\"http:\/\/www.hzpp.hr\/\" target=\"_blank\" rel=\"noopener\">HRVATSKE \u017dELJEZNICE<\/a><\/p>\n<p>Mre\u017ea Hrvatskih \u017eeljeznica (H\u017d) je usmjerena oko glavnog grada Zagreba. \u017deljezni\u010dka mre\u017ea djeluje kao sjeci\u0161te putova iz Europe od zapada prema istoku i od sjevera prema jugu, \u0161to predstavlja najkra\u0107u povezanost sredi\u0161nje Europe s Jadranom i Mediteranom.<\/p>\n<figure>\n\t\t\t\t\t\t\t\t\t\t<img decoding=\"async\" width=\"400\" height=\"270\" data-src=\"http:\/\/visitkorculaisland.com\/wp-content\/uploads\/2023\/04\/HZ-KORCULA.jpg\" alt=\"\" data-srcset=\"https:\/\/visitkorculaisland.com\/wp-content\/uploads\/2023\/04\/HZ-KORCULA.jpg 400w, https:\/\/visitkorculaisland.com\/wp-content\/uploads\/2023\/04\/HZ-KORCULA-300x203.jpg 300w\" data-sizes=\"auto, (max-width: 400px) 100vw, 400px\" src=\"data:image\/svg+xml;base64,PHN2ZyB3aWR0aD0iMSIgaGVpZ2h0PSIxIiB4bWxucz0iaHR0cDovL3d3dy53My5vcmcvMjAwMC9zdmciPjwvc3ZnPg==\" class=\"lazyload\" style=\"--smush-placeholder-width: 400px; --smush-placeholder-aspect-ratio: 400\/270;\" \/><figcaption><\/figcaption><\/figure>\n","protected":false},"excerpt":{"rendered":"<p>KAKO DO\u0106I DO OTOKA? BRODOM Plovidbeni red za trajekte, katamarane i brodove iz Splita, Orebi\u0107a i Dubrovnika. Jadrolinija \u0107e vas odvesti do prekrasnog otoka Kor\u010dula, sigurno, udobno i na vrijeme. Nudi vam nezaboravan do\u017eivljaj putovanja s okusom mora i do\u017eivljajem najljep\u0161ih obalnih i oto\u010dkih krajolika.Flota \u2018Kapetan Luka\u2019 se sastoji od brzih brodova sa sjedi\u0161nim kapacitetima [&hellip;]<\/p>\n","protected":false},"author":1,"featured_media":0,"parent":0,"menu_order":0,"comment_status":"closed","ping_status":"closed","template":"elementor_header_footer","meta":{"footnotes":""},"class_list":["post-109","page","type-page","status-publish","hentry"],"_links":{"self":[{"href":"https:\/\/visitkorculaisland.com\/hr\/wp-json\/wp\/v2\/pages\/109","targetHints":{"allow":["GET"]}}],"collection":[{"href":"https:\/\/visitkorculaisland.com\/hr\/wp-json\/wp\/v2\/pages"}],"about":[{"href":"https:\/\/visitkorculaisland.com\/hr\/wp-json\/wp\/v2\/types\/page"}],"author":[{"embeddable":true,"href":"https:\/\/visitkorculaisland.com\/hr\/wp-json\/wp\/v2\/users\/1"}],"replies":[{"embeddable":true,"href":"https:\/\/visitkorculaisland.com\/hr\/wp-json\/wp\/v2\/comments?post=109"}],"version-history":[{"count":0,"href":"https:\/\/visitkorculaisland.com\/hr\/wp-json\/wp\/v2\/pages\/109\/revisions"}],"wp:attachment":[{"href":"https:\/\/visitkorculaisland.com\/hr\/wp-json\/wp\/v2\/media?parent=109"}],"curies":[{"name":"wp","href":"https:\/\/api.w.org\/{rel}","templated":true}]}}