{"id":90,"date":"2023-04-05T12:26:57","date_gmt":"2023-04-05T11:26:57","guid":{"rendered":"https:\/\/visitkorculaisland.com\/?page_id=90"},"modified":"2026-02-25T09:44:16","modified_gmt":"2026-02-25T08:44:16","slug":"velo","status":"publish","type":"page","link":"https:\/\/visitkorculaisland.com\/fr\/biciklizam\/","title":{"rendered":"V\u00e9lo"},"content":{"rendered":"<div data-elementor-type=\"wp-page\" data-elementor-id=\"90\" class=\"elementor elementor-90\" data-elementor-post-type=\"page\">\n\t\t\t\t\t\t<section class=\"elementor-section elementor-top-section elementor-element elementor-element-6763f55 elementor-section-boxed elementor-section-height-default elementor-section-height-default\" data-id=\"6763f55\" data-element_type=\"section\" data-e-type=\"section\">\n\t\t\t\t\t\t<div class=\"elementor-container elementor-column-gap-default\">\n\t\t\t\t\t<div class=\"elementor-column elementor-col-100 elementor-top-column elementor-element elementor-element-180f0bf\" data-id=\"180f0bf\" data-element_type=\"column\" data-e-type=\"column\">\n\t\t\t<div class=\"elementor-widget-wrap elementor-element-populated\">\n\t\t\t\t\t\t<div class=\"elementor-element elementor-element-329e1a9 elementor-widget elementor-widget-heading\" data-id=\"329e1a9\" data-element_type=\"widget\" data-e-type=\"widget\" data-widget_type=\"heading.default\">\n\t\t\t\t<div class=\"elementor-widget-container\">\n\t\t\t\t\t<h1 class=\"elementor-heading-title elementor-size-default\">CYCLISME<\/h1>\t\t\t\t<\/div>\n\t\t\t\t<\/div>\n\t\t\t\t<section class=\"elementor-section elementor-inner-section elementor-element elementor-element-aebd685 elementor-section-boxed elementor-section-height-default elementor-section-height-default\" data-id=\"aebd685\" data-element_type=\"section\" data-e-type=\"section\">\n\t\t\t\t\t\t<div class=\"elementor-container elementor-column-gap-default\">\n\t\t\t\t\t<div class=\"elementor-column elementor-col-50 elementor-inner-column elementor-element elementor-element-d8ea32f\" data-id=\"d8ea32f\" data-element_type=\"column\" data-e-type=\"column\">\n\t\t\t<div class=\"elementor-widget-wrap elementor-element-populated\">\n\t\t\t\t\t\t<div class=\"elementor-element elementor-element-bba058e elementor-invisible elementor-widget elementor-widget-text-editor\" data-id=\"bba058e\" data-element_type=\"widget\" data-e-type=\"widget\" data-settings=\"{&quot;_animation&quot;:&quot;slideInUp&quot;}\" data-widget_type=\"text-editor.default\">\n\t\t\t\t<div class=\"elementor-widget-container\">\n\t\t\t\t\t\t\t\t\t<p id=\"tw-target-text\" class=\"tw-data-text tw-text-large XcVN5d tw-ta\" dir=\"ltr\" data-placeholder=\"Prijevod\">Passant par plus de 400 kilom\u00e8tres d&#039;itin\u00e9raires cyclables, des plus faciles aux plus exigeants,\nvous traverserez des oliveraies s\u00e9culaires, des vignobles, des murs de pierre s\u00e8che \u00e0 perte de\nvue, des for\u00eats de pins, de beaux sentiers en bord de mer et des sites arch\u00e9ologiques. Par\ncons\u00e9quent, cela plaira m\u00eame les cyclistes et les aventuriers les plus passionn\u00e9s qui aiment\n\nd\u00e9couvrir la nature sur les deux-roues.<\/p><p class=\"tw-data-text tw-text-large XcVN5d tw-ta\" dir=\"ltr\" data-placeholder=\"Prijevod\">Pour vivre une exp\u00e9rience inoubliable de d\u00e9couverte de l&#039;\u00eele \u00e0 v\u00e9lo, les agences de tourisme\nlocales fournissent des services de location de v\u00e9los et de l\u2019\u00e9quipement, des services, du\ntransport de v\u00e9los et des visites guid\u00e9es \u00e0 v\u00e9lo. Avec 2700 heures d\u2019ensoleillement par an et\nles caract\u00e9ristiques du climat m\u00e9diterran\u00e9en, l&#039;\u00eele de Kor\u010dula est id\u00e9ale pour profiter d&#039;activit\u00e9s\nde plein air 365 jours par an. D\u00e9couvrez l\u2019\u00eele \u00e0 v\u00e9lo, atteignez les sommets, profitez des beaux\npanoramas, vivez les plus beaux couchers de soleil ou pratiquez d&#039;autres activit\u00e9s sportives.<\/p><p dir=\"ltr\" data-placeholder=\"Prijevod\">\u00a0Visitez des nombreuses maisons rurales<br \/>qui proposent une riche offre de plats traditionnels \u00e0\nbase d&#039;ingr\u00e9dients originaux, de d\u00e9gustation de vins, d&#039;huile d&#039;olive et de produits de l&#039;\u00eele. Si\nvous souhaitez vous ressourcer avant l&#039;arriv\u00e9e de l&#039;automne et vivre la plus belle aventure\ninsulaire, dirigez-vous sur l&#039;\u00eele de Kor\u010dula et \u00e0 la mi-septembre participez au\u00a0<a href=\"https:\/\/www.facebook.com\/vloutdoors\" target=\"_blank\" rel=\"noopener\"><span style=\"color: #00ccff;\">Vela Luka Outdoors<\/span><\/a>\u00a0et au triathlon de moyenne distance\u00a0<a href=\"http:\/\/marcopolo-challenge.com\/\" target=\"_blank\" rel=\"noopener\"><span style=\"color: #00ccff;\">&quot;D\u00e9fi Marco Polo&quot;.<\/span><\/a><br \/>L&#039;itin\u00e9raire alternatif de l&#039;itin\u00e9raire cyclable international Euro Velo8 passe le long de toute\n\nl&#039;\u00eele de Kor\u010dula.<br \/>Voir plus sur la page\u00a0<a href=\"https:\/\/eurovelo8.hr\/etapa?slug=a8-split-potomje\" target=\"_blank\" rel=\"noopener\"><span style=\"color: #00ccff;\">A8 Split \u2013 Potomje | EuroV\u00e9lo 8<\/span><\/a>\u00a0ou sur les pages<a href=\"https:\/\/visitkorcula.eu\/bike-routes.html\" target=\"_blank\" rel=\"noopener\">\u00a0<span style=\"color: #00ccff;\">des offices de tourisme<\/span><\/a><span style=\"color: #00ccff;\">.<\/span><\/p><p dir=\"ltr\" data-placeholder=\"Prijevod\"><span style=\"color: #00ccff;\"><a style=\"color: #00ccff;\" href=\"https:\/\/visitkorcula.eu\/biciklisticke-rute\/\" target=\"_blank\" rel=\"noopener\">Kor\u010dula<\/a><\/span>\u00a0|\u00a0<a href=\"https:\/\/tzvelaluka.hr\/hr\/biciklisticke-rute\" target=\"_blank\" rel=\"noopener\"><span style=\"color: #00ccff;\">Vela Luka<\/span><\/a>\u00a0|\u00a0<span style=\"color: #00ccff;\"><a style=\"color: #00ccff;\" href=\"https:\/\/tzo-blato.hr\/en\/\" target=\"_blank\" rel=\"noopener\">Blato<\/a><\/span>\u00a0|\u00a0<span style=\"color: #00ccff;\"><a style=\"color: #00ccff;\" href=\"https:\/\/www.tz-lumbarda.hr\/biciklisticke-staze\/\" target=\"_blank\" rel=\"noopener\">Lumbarda<\/a><\/span>\u00a0|\u00a0<span style=\"color: #00ccff;\"><a style=\"color: #00ccff;\" href=\"https:\/\/visitsmokvicabrna.com\/biking\/\" target=\"_blank\" rel=\"noopener\">Smokvica<\/a><\/span><\/p><p dir=\"ltr\" data-placeholder=\"Prijevod\"><span style=\"text-decoration: underline; color: #00ccff;\"><a style=\"color: #00ccff; text-decoration: underline;\" href=\"https:\/\/visitkorculaisland.com\/bike-friendly-smjestaji\/\" target=\"_blank\" rel=\"noopener\">H\u00e9bergements adapt\u00e9s aux v\u00e9los<\/a><\/span><\/p><p dir=\"ltr\" data-placeholder=\"Prijevod\"><span style=\"text-decoration: underline; color: #00ccff;\"><a style=\"color: #00ccff; text-decoration: underline;\" href=\"https:\/\/visitkorculaisland.com\/turisticke-agencije-s-bike-friendly-oznakom\/\" target=\"_blank\" rel=\"noopener\">Agences de voyages labellis\u00e9es bike friendly<\/a><\/span><\/p><p dir=\"ltr\" data-placeholder=\"Prijevod\"><span style=\"text-decoration: underline; color: #00ccff;\"><a style=\"color: #00ccff; text-decoration: underline;\" href=\"https:\/\/visitkorculaisland.com\/bike-stop-stalci\/\" target=\"_blank\" rel=\"noopener\">Supports d&#039;arr\u00eat de v\u00e9lo<\/a><\/span><\/p>\t\t\t\t\t\t\t\t<\/div>\n\t\t\t\t<\/div>\n\t\t\t\t\t<\/div>\n\t\t<\/div>\n\t\t\t\t<div class=\"elementor-column elementor-col-50 elementor-inner-column elementor-element elementor-element-cd68880\" data-id=\"cd68880\" data-element_type=\"column\" data-e-type=\"column\">\n\t\t\t<div class=\"elementor-widget-wrap elementor-element-populated\">\n\t\t\t\t\t\t<div class=\"elementor-element elementor-element-bcb4402 elementor-invisible elementor-widget elementor-widget-image\" data-id=\"bcb4402\" data-element_type=\"widget\" data-e-type=\"widget\" data-settings=\"{&quot;_animation&quot;:&quot;slideInUp&quot;}\" data-widget_type=\"image.default\">\n\t\t\t\t<div class=\"elementor-widget-container\">\n\t\t\t\t\t\t\t\t\t\t\t\t<figure class=\"wp-caption\">\n\t\t\t\t\t\t\t\t\t\t<img fetchpriority=\"high\" decoding=\"async\" width=\"800\" height=\"599\" src=\"https:\/\/visitkorculaisland.com\/wp-content\/uploads\/2023\/04\/Damir-Pacic-Kocula-1-1024x767.jpg\" class=\"attachment-large size-large wp-image-396\" alt=\"\" srcset=\"https:\/\/visitkorculaisland.com\/wp-content\/uploads\/2023\/04\/Damir-Pacic-Kocula-1-1024x767.jpg 1024w, https:\/\/visitkorculaisland.com\/wp-content\/uploads\/2023\/04\/Damir-Pacic-Kocula-1-300x225.jpg 300w, https:\/\/visitkorculaisland.com\/wp-content\/uploads\/2023\/04\/Damir-Pacic-Kocula-1-768x576.jpg 768w, https:\/\/visitkorculaisland.com\/wp-content\/uploads\/2023\/04\/Damir-Pacic-Kocula-1.jpg 1441w\" sizes=\"(max-width: 800px) 100vw, 800px\" \/>\t\t\t\t\t\t\t\t\t\t\t<figcaption class=\"widget-image-caption wp-caption-text\">Pistes cyclables de Kor\u010dula par Damir Pa\u010di\u0107<\/figcaption>\n\t\t\t\t\t\t\t\t\t\t<\/figure>\n\t\t\t\t\t\t\t\t\t<\/div>\n\t\t\t\t<\/div>\n\t\t\t\t<div class=\"elementor-element elementor-element-ea11959 elementor-invisible elementor-widget elementor-widget-image\" data-id=\"ea11959\" data-element_type=\"widget\" data-e-type=\"widget\" data-settings=\"{&quot;_animation&quot;:&quot;slideInUp&quot;}\" data-widget_type=\"image.default\">\n\t\t\t\t<div class=\"elementor-widget-container\">\n\t\t\t\t\t\t\t\t\t\t\t\t<figure class=\"wp-caption\">\n\t\t\t\t\t\t\t\t\t\t<img decoding=\"async\" width=\"800\" height=\"534\" data-src=\"https:\/\/visitkorculaisland.com\/wp-content\/uploads\/2023\/04\/MG_2595-scaled-1-1024x683.jpg\" class=\"attachment-large size-large wp-image-397 lazyload\" alt=\"\" data-srcset=\"https:\/\/visitkorculaisland.com\/wp-content\/uploads\/2023\/04\/MG_2595-scaled-1-1024x683.jpg 1024w, https:\/\/visitkorculaisland.com\/wp-content\/uploads\/2023\/04\/MG_2595-scaled-1-300x200.jpg 300w, https:\/\/visitkorculaisland.com\/wp-content\/uploads\/2023\/04\/MG_2595-scaled-1-768x512.jpg 768w, https:\/\/visitkorculaisland.com\/wp-content\/uploads\/2023\/04\/MG_2595-scaled-1-1536x1024.jpg 1536w, https:\/\/visitkorculaisland.com\/wp-content\/uploads\/2023\/04\/MG_2595-scaled-1-2048x1366.jpg 2048w\" data-sizes=\"(max-width: 800px) 100vw, 800px\" src=\"data:image\/svg+xml;base64,PHN2ZyB3aWR0aD0iMSIgaGVpZ2h0PSIxIiB4bWxucz0iaHR0cDovL3d3dy53My5vcmcvMjAwMC9zdmciPjwvc3ZnPg==\" style=\"--smush-placeholder-width: 800px; --smush-placeholder-aspect-ratio: 800\/534;\" \/>\t\t\t\t\t\t\t\t\t\t\t<figcaption class=\"widget-image-caption wp-caption-text\">Pistes cyclables de Kor\u010dula par Dea Botica<\/figcaption>\n\t\t\t\t\t\t\t\t\t\t<\/figure>\n\t\t\t\t\t\t\t\t\t<\/div>\n\t\t\t\t<\/div>\n\t\t\t\t<div class=\"elementor-element elementor-element-0105fdc elementor-invisible elementor-widget elementor-widget-image\" data-id=\"0105fdc\" data-element_type=\"widget\" data-e-type=\"widget\" data-settings=\"{&quot;_animation&quot;:&quot;slideInUp&quot;}\" data-widget_type=\"image.default\">\n\t\t\t\t<div class=\"elementor-widget-container\">\n\t\t\t\t\t\t\t\t\t\t\t\t<figure class=\"wp-caption\">\n\t\t\t\t\t\t\t\t\t\t<img decoding=\"async\" width=\"800\" height=\"600\" data-src=\"https:\/\/visitkorculaisland.com\/wp-content\/uploads\/2023\/04\/outdoor-gastro-wine-30-1024x768.jpg\" class=\"attachment-large size-large wp-image-398 lazyload\" alt=\"\" data-srcset=\"https:\/\/visitkorculaisland.com\/wp-content\/uploads\/2023\/04\/outdoor-gastro-wine-30-1024x768.jpg 1024w, https:\/\/visitkorculaisland.com\/wp-content\/uploads\/2023\/04\/outdoor-gastro-wine-30-300x225.jpg 300w, https:\/\/visitkorculaisland.com\/wp-content\/uploads\/2023\/04\/outdoor-gastro-wine-30-768x576.jpg 768w, https:\/\/visitkorculaisland.com\/wp-content\/uploads\/2023\/04\/outdoor-gastro-wine-30.jpg 1067w\" data-sizes=\"(max-width: 800px) 100vw, 800px\" src=\"data:image\/svg+xml;base64,PHN2ZyB3aWR0aD0iMSIgaGVpZ2h0PSIxIiB4bWxucz0iaHR0cDovL3d3dy53My5vcmcvMjAwMC9zdmciPjwvc3ZnPg==\" style=\"--smush-placeholder-width: 800px; --smush-placeholder-aspect-ratio: 800\/600;\" \/>\t\t\t\t\t\t\t\t\t\t\t<figcaption class=\"widget-image-caption wp-caption-text\">Pistes cyclables de Kor\u010dula (photo : Damir Pa\u010di\u0107)<\/figcaption>\n\t\t\t\t\t\t\t\t\t\t<\/figure>\n\t\t\t\t\t\t\t\t\t<\/div>\n\t\t\t\t<\/div>\n\t\t\t\t\t<\/div>\n\t\t<\/div>\n\t\t\t\t\t<\/div>\n\t\t<\/section>\n\t\t\t\t\t<\/div>\n\t\t<\/div>\n\t\t\t\t\t<\/div>\n\t\t<\/section>\n\t\t\t\t<\/div>","protected":false},"excerpt":{"rendered":"<p>BICIKLIZAM Vi\u0161e od 400 kilometara biciklisti\u010dkih ruta, od onih laganih do najzahtjevnijih, provest \u0107e vas kroz stoljetne maslinike, polja vinove loze, nepregledne suhozide, borove \u0161ume, predivne staze uz more i arheolo\u0161ka nalazi\u0161ta. Stoga \u0107e zadovoljiti i najstrastvenije bicikliste i avanturiste koji vole otkrivati prirodu na dva kota\u010da. Za nezaboravni do\u017eivljaj otkrivanja otoka biciklom, lokalne turisti\u010dke [&hellip;]<\/p>\n","protected":false},"author":1,"featured_media":0,"parent":0,"menu_order":0,"comment_status":"closed","ping_status":"closed","template":"elementor_header_footer","meta":{"footnotes":""},"class_list":["post-90","page","type-page","status-publish","hentry"],"_links":{"self":[{"href":"https:\/\/visitkorculaisland.com\/fr\/wp-json\/wp\/v2\/pages\/90","targetHints":{"allow":["GET"]}}],"collection":[{"href":"https:\/\/visitkorculaisland.com\/fr\/wp-json\/wp\/v2\/pages"}],"about":[{"href":"https:\/\/visitkorculaisland.com\/fr\/wp-json\/wp\/v2\/types\/page"}],"author":[{"embeddable":true,"href":"https:\/\/visitkorculaisland.com\/fr\/wp-json\/wp\/v2\/users\/1"}],"replies":[{"embeddable":true,"href":"https:\/\/visitkorculaisland.com\/fr\/wp-json\/wp\/v2\/comments?post=90"}],"version-history":[{"count":6,"href":"https:\/\/visitkorculaisland.com\/fr\/wp-json\/wp\/v2\/pages\/90\/revisions"}],"predecessor-version":[{"id":4270,"href":"https:\/\/visitkorculaisland.com\/fr\/wp-json\/wp\/v2\/pages\/90\/revisions\/4270"}],"wp:attachment":[{"href":"https:\/\/visitkorculaisland.com\/fr\/wp-json\/wp\/v2\/media?parent=90"}],"curies":[{"name":"wp","href":"https:\/\/api.w.org\/{rel}","templated":true}]}}