{"id":200,"date":"2023-04-05T13:16:36","date_gmt":"2023-04-05T12:16:36","guid":{"rendered":"https:\/\/visitkorculaisland.com\/?page_id=200"},"modified":"2023-05-15T13:01:29","modified_gmt":"2023-05-15T12:01:29","slug":"termes-et-conditions","status":"publish","type":"page","link":"https:\/\/visitkorculaisland.com\/fr\/uvijeti-i-odredbe\/","title":{"rendered":"Termes et conditions"},"content":{"rendered":"<div data-elementor-type=\"wp-page\" data-elementor-id=\"200\" class=\"elementor elementor-200\" data-elementor-post-type=\"page\">\n\t\t\t\t\t\t<section class=\"elementor-section elementor-top-section elementor-element elementor-element-7260ab2 elementor-section-boxed elementor-section-height-default elementor-section-height-default\" data-id=\"7260ab2\" data-element_type=\"section\" data-e-type=\"section\">\n\t\t\t\t\t\t<div class=\"elementor-container elementor-column-gap-default\">\n\t\t\t\t\t<div class=\"elementor-column elementor-col-100 elementor-top-column elementor-element elementor-element-b4b7735\" data-id=\"b4b7735\" data-element_type=\"column\" data-e-type=\"column\">\n\t\t\t<div class=\"elementor-widget-wrap elementor-element-populated\">\n\t\t\t\t\t\t<div class=\"elementor-element elementor-element-1b78513 elementor-widget elementor-widget-heading\" data-id=\"1b78513\" data-element_type=\"widget\" data-e-type=\"widget\" data-widget_type=\"heading.default\">\n\t\t\t\t<div class=\"elementor-widget-container\">\n\t\t\t\t\t<h1 class=\"elementor-heading-title elementor-size-default\">TERMES ET CONDITIONS<\/h1>\t\t\t\t<\/div>\n\t\t\t\t<\/div>\n\t\t\t\t<div class=\"elementor-element elementor-element-ca7e5d6 elementor-widget elementor-widget-text-editor\" data-id=\"ca7e5d6\" data-element_type=\"widget\" data-e-type=\"widget\" data-widget_type=\"text-editor.default\">\n\t\t\t\t<div class=\"elementor-widget-container\">\n\t\t\t\t\t\t\t\t\t<p>Termes et conditions<\/p><p><br \/>Bienvenue sur l&#039;\u00eele de Korcula\u00a0!<\/p><p><br \/>Les pr\u00e9sentes conditions g\u00e9n\u00e9rales d\u00e9crivent les r\u00e8gles et r\u00e8glements d&#039;utilisation du site Web d&#039;ANIQ doo, situ\u00e9 \u00e0 l&#039;adresse www.visitkorculaisland.com. En acc\u00e9dant \u00e0 ce site Web, nous supposons que vous acceptez ces termes et conditions. Ne continue pas \u00e7a<br \/>utilisez Visit Korcula Island si vous n\u2019acceptez pas tous les termes et conditions \u00e9nonc\u00e9s ici<br \/>page.<\/p><p><br \/>La terminologie suivante s&#039;applique aux pr\u00e9sentes conditions g\u00e9n\u00e9rales, \u00e0 la d\u00e9claration de confidentialit\u00e9 et<br \/>Avis de non-responsabilit\u00e9 et tous les accords\u00a0:<\/p><ul><li>Client - fait r\u00e9f\u00e9rence \u00e0 vous, la personne qui se connecte<br \/>ce site Web et conforme aux termes et conditions de la Soci\u00e9t\u00e9.<\/li><li>La Soci\u00e9t\u00e9 - fait r\u00e9f\u00e9rence \u00e0 notre Soci\u00e9t\u00e9.<\/li><li>Partie \u2013 d\u00e9signe \u00e0 la fois le Client<br \/>et nous-m\u00eames.<\/li><\/ul><p>Tous les termes font r\u00e9f\u00e9rence \u00e0 l&#039;offre, \u00e0 l&#039;acceptation et \u00e0 la prise en compte du paiement n\u00e9cessaire<br \/>entreprendre le processus de notre assistance au Client de la mani\u00e8re la plus appropri\u00e9e pour le<br \/>but expr\u00e8s de r\u00e9pondre aux besoins du Client en ce qui concerne la fourniture des services d\u00e9clar\u00e9s par la Soci\u00e9t\u00e9<br \/>services, conform\u00e9ment et sous r\u00e9serve de la loi en vigueur en Croatie. Toute utilisation de ce qui pr\u00e9c\u00e8de<br \/>la terminologie ou d&#039;autres mots au singulier, au pluriel, en majuscules et\/ou il\/elle ou ils, sont pris<br \/>comme interchangeables et donc comme faisant r\u00e9f\u00e9rence au m\u00eame.<\/p><p><br \/><strong>Cookies<\/strong><br \/>Nous utilisons des cookies. En acc\u00e9dant \u00e0 Visit Korcula Island, vous acceptez d&#039;utiliser des cookies<br \/>accord avec la politique de confidentialit\u00e9 d&#039;ANIQ doo.<br \/>La plupart des sites Web interactifs utilisent des cookies pour nous permettre de r\u00e9cup\u00e9rer les d\u00e9tails de l&#039;utilisateur \u00e0 chaque visite. Les cookies sont utilis\u00e9s par notre site Web pour activer la fonctionnalit\u00e9 de certaines zones afin de faciliter la t\u00e2che des personnes visitant notre site Web. Certains de nos partenaires affili\u00e9s\/publicitaires peuvent \u00e9galement utiliser des cookies.<\/p><p><br \/><strong>Licence<\/strong><br \/>Sauf indication contraire, ANIQ doo et\/ou ses conc\u00e9dants de licence sont propri\u00e9taires de la propri\u00e9t\u00e9 intellectuelle<br \/>droits pour tout le mat\u00e9riel sur Visit Korcula Island. Tous les droits de propri\u00e9t\u00e9 intellectuelle sont r\u00e9serv\u00e9s. Vous pouvez y acc\u00e9der depuis Visit Korcula Island pour votre usage personnel, sous r\u00e9serve des restrictions d\u00e9finies dans<br \/>ces termes et conditions.<\/p><p><br \/>Vous ne devez pas :<\/p><ul><li>Republier le mat\u00e9riel de Visit Korcula Island<\/li><li>Vendre, louer ou sous-licencier du mat\u00e9riel de Visit Korcula Island<\/li><li>Reproduire, dupliquer ou copier le mat\u00e9riel de Visit Korcula Island<\/li><li>Redistribuer le contenu de Visit Korcula Island<\/li><\/ul><p><br \/>Le pr\u00e9sent Accord entrera en vigueur \u00e0 la date des pr\u00e9sentes. Nos conditions g\u00e9n\u00e9rales ont \u00e9t\u00e9 cr\u00e9\u00e9es avec le<br \/>\u00e0 l&#039;aide du g\u00e9n\u00e9rateur de conditions g\u00e9n\u00e9rales et du g\u00e9n\u00e9rateur de politique de confidentialit\u00e9.<\/p><p>Certaines parties de ce site Web offrent aux utilisateurs la possibilit\u00e9 de publier et d&#039;\u00e9changer des opinions et<br \/>informations dans certaines zones du site Web. ANIQ doo ne filtre pas, ne modifie pas, ne publie pas ou<br \/>examiner les commentaires avant leur pr\u00e9sence sur le site Web. Les commentaires ne refl\u00e8tent pas les points de vue et<br \/>opinions d\u2019ANIQ doo, de ses agents et\/ou soci\u00e9t\u00e9s affili\u00e9es. Les commentaires refl\u00e8tent les points de vue et<br \/>opinions de la personne qui publie ses points de vue et opinions. Dans la mesure permise par la loi applicable<br \/>lois, ANIQ doo ne sera pas responsable des commentaires ou de toute responsabilit\u00e9, dommages ou<br \/>les d\u00e9penses caus\u00e9es et\/ou subies du fait de toute utilisation et\/ou affichage et\/ou apparition<br \/>des commentaires sur ce site Web.<\/p><p><br \/>ANIQ doo se r\u00e9serve le droit de surveiller tous les commentaires et de supprimer tout commentaire.<br \/>qui peut \u00eatre consid\u00e9r\u00e9 comme inappropri\u00e9, offensant ou entra\u00eene une violation des pr\u00e9sentes Conditions et<br \/>Conditions.<\/p><p><br \/>Vous garantissez et d\u00e9clarez que\u00a0:<\/p><ul><li>Vous avez le droit de publier les commentaires sur notre site Web et disposez de toutes les licences n\u00e9cessaires.<br \/>et consent \u00e0 le faire\u00a0;<\/li><li>Les Commentaires n\u2019envahissent aucun droit de propri\u00e9t\u00e9 intellectuelle, y compris, sans limitation<br \/>droit d&#039;auteur, brevet ou marque d\u00e9pos\u00e9e de tout tiers\u00a0;<\/li><li>Les Commentaires ne contiennent rien de diffamatoire, injurieux, offensant, ind\u00e9cent ou autre.<br \/>mat\u00e9riel ill\u00e9gal qui constitue une atteinte \u00e0 la vie priv\u00e9e<\/li><li>Les commentaires ne seront pas utilis\u00e9s pour solliciter ou promouvoir des affaires ou des coutumes ou pr\u00e9senter<br \/>activit\u00e9s commerciales ou activit\u00e9s ill\u00e9gales.<br \/>Vous accordez par la pr\u00e9sente \u00e0 ANIQ doo une licence non exclusive pour utiliser, reproduire, \u00e9diter et autoriser d&#039;autres personnes \u00e0 utiliser, reproduire et \u00e9diter n&#039;importe lequel de vos commentaires sous toutes formes et formats.<br \/>ou les m\u00e9dias.<\/li><\/ul><p>Liens hypertextes vers notre contenu<br \/>Les organisations suivantes peuvent cr\u00e9er des liens vers notre site Web sans autorisation \u00e9crite pr\u00e9alable\u00a0:<\/p><ul><li>Agences gouvernementales\u00a0;<\/li><li>Moteurs de recherche\u00a0;<\/li><li>Organismes de presse\u00a0;<\/li><li>Les distributeurs d&#039;annuaires en ligne peuvent cr\u00e9er des liens vers notre site Web de la m\u00eame mani\u00e8re qu&#039;ils le font.<br \/>hyperlien vers les sites Internet d\u2019autres entreprises cot\u00e9es ; et<\/li><li>Entreprises accr\u00e9dit\u00e9es \u00e0 l&#039;\u00e9chelle du syst\u00e8me, \u00e0 l&#039;exception des organisations \u00e0 but non lucratif et des organismes de bienfaisance<br \/>les centres commerciaux et les groupes de collecte de fonds caritatifs qui ne peuvent pas cr\u00e9er de lien hypertexte vers notre site Web.<br \/>Ces organisations peuvent cr\u00e9er des liens vers notre page d&#039;accueil, vers des publications ou vers d&#039;autres informations sur le site Web.<br \/>\u00e0 condition que le lien\u00a0: (a) ne soit en aucun cas trompeur\u00a0; (b) n\u2019implique pas faussement un parrainage,<br \/>l&#039;approbation ou l&#039;approbation de la partie \u00e9tablissant le lien et de ses produits et\/ou services\u00a0; et (c) s&#039;inscrit dans<br \/>le contexte du site de la partie \u00e9tablissant le lien.<\/li><\/ul><p><br \/>Nous pouvons consid\u00e9rer et approuver d\u2019autres demandes de liens \u00e9manant des types d\u2019organisations suivants\u00a0:<\/p><ul><li>sources d\u2019informations bien connues sur les consommateurs et\/ou les entreprises\u00a0;<\/li><li>sites communautaires dot.com\u00a0;<\/li><li>les associations ou autres groupes repr\u00e9sentant des \u0153uvres caritatives\u00a0;<\/li><li>distributeurs d&#039;annuaires en ligne;<\/li><li>portails Internet;<\/li><li>cabinets de comptabilit\u00e9, d&#039;avocats et de conseil; et les \u00e9tablissements d\u2019enseignement et les associations professionnelles.<\/li><\/ul><p>Nous approuverons les demandes de lien de ces organisations si nous d\u00e9cidons que\u00a0: (a) le lien ne serait pas<br \/>nous donnent une image d\u00e9favorable de nous-m\u00eames ou de nos entreprises accr\u00e9dit\u00e9es\u00a0; (b) l&#039;organisation fait<br \/>vous n&#039;avez aucun dossier n\u00e9gatif chez nous\u00a0; (c) le b\u00e9n\u00e9fice pour nous de la visibilit\u00e9 du lien hypertexte<br \/>compense l&#039;absence d&#039;ANIQ doo ; et (d) le lien se situe dans le contexte g\u00e9n\u00e9ral<br \/>informations sur les ressources.<br \/>Ces organisations peuvent cr\u00e9er un lien vers notre page d&#039;accueil \u00e0 condition que le lien\u00a0: (a) ne soit en aucun cas<br \/>trompeur; (b) n\u2019implique pas faussement le parrainage, l\u2019approbation ou l\u2019approbation de la partie \u00e9tablissant le lien<br \/>et ses produits ou services\u00a0; et (c) s&#039;inscrit dans le contexte du site de la partie \u00e9tablissant le lien.<br \/>Si vous faites partie des organisations r\u00e9pertori\u00e9es au paragraphe 2 ci-dessus et que vous souhaitez cr\u00e9er un lien vers la n\u00f4tre<br \/>site Internet, vous devez nous en informer en envoyant un e-mail \u00e0 ANIQ doo. Veuillez inclure le v\u00f4tre<br \/>nom, le nom de votre organisation, les coordonn\u00e9es ainsi que l&#039;URL de votre site, une liste de tous<br \/>Les URL \u00e0 partir desquelles vous avez l&#039;intention de cr\u00e9er un lien vers notre site Web, et une liste des URL de notre site vers lesquelles<br \/>vous souhaitez cr\u00e9er un lien. Attendez 2-3 semaines pour une r\u00e9ponse.<\/p><p><br \/>Les organisations agr\u00e9\u00e9es peuvent cr\u00e9er des hyperliens vers notre site Web comme suit\u00a0:<\/p><ul><li>En utilisant notre d\u00e9nomination sociale\u00a0; Ou<\/li><li>En utilisant le localisateur de ressources uniforme auquel vous \u00eates li\u00e9\u00a0; Ou<\/li><li>En utilisant toute autre description de notre site Web li\u00e9e \u00e0 celle-ci qui a du sens dans<br \/>le contexte et le format du contenu sur le site de la partie \u00e9tablissant le lien.<br \/>Aucune utilisation du logo d&#039;ANIQ doo ou d&#039;autres illustrations ne sera autoris\u00e9e pour cr\u00e9er des liens en l&#039;absence d&#039;un accord de licence de marque.<\/li><\/ul><p><br \/><strong>iFrames<\/strong><br \/>Sans approbation pr\u00e9alable ni autorisation \u00e9crite, vous ne pouvez pas cr\u00e9er de cadres autour de nos pages Web qui modifient de quelque mani\u00e8re que ce soit la pr\u00e9sentation visuelle ou l&#039;apparence de notre site Web.<\/p><p><br \/><strong>Responsabilit\u00e9 du contenu<\/strong><br \/>Nous ne serons pas tenus responsables de tout contenu apparaissant sur votre site Web. Tu es d&#039;accord avec \u00e7a<br \/>prot\u00e9gez-nous et d\u00e9fendez-nous contre toutes les r\u00e9clamations qui surviennent sur votre site Web. Aucun lien ne doit appara\u00eetre<br \/>sur tout site Internet pouvant \u00eatre interpr\u00e9t\u00e9 comme diffamatoire, obsc\u00e8ne ou criminel, ou qui contrefait,<br \/>viole autrement, ou pr\u00e9conise la violation ou toute autre violation des droits de tiers.<\/p><p><br \/><strong>Votre confidentialit\u00e9<\/strong><br \/>Veuillez lire la politique de confidentialit\u00e9<br \/>R\u00e9serve de droits<\/p><p><br \/>Nous nous r\u00e9servons le droit de vous demander de supprimer tous les liens ou tout lien particulier vers notre site Web.<br \/>Vous acceptez de supprimer imm\u00e9diatement tous les liens vers notre site Web sur demande. Nous nous r\u00e9servons \u00e9galement le droit de modifier ces termes et conditions et sa politique de liaison \u00e0 tout moment. En cr\u00e9ant un lien continu vers notre site Web, vous acceptez d&#039;\u00eatre li\u00e9 et de suivre ces termes et conditions de liaison.<\/p><p><br \/><strong>Suppression des liens de notre site Web<\/strong><br \/>Si vous trouvez un lien offensant sur notre site Web pour quelque raison que ce soit, vous \u00eates libre de nous contacter et de nous en informer \u00e0 tout moment. Nous examinerons les demandes de suppression de liens, mais nous ne sommes pas oblig\u00e9s de le faire ni de vous r\u00e9pondre directement.<\/p><p>Nous ne garantissons pas que les informations sur ce site Web sont correctes, nous ne le garantissons pas<br \/>l&#039;exhaustivit\u00e9 ou l&#039;exactitude\u00a0; nous ne promettons pas non plus de garantir que le site Web reste disponible ou<br \/>que le mat\u00e9riel pr\u00e9sent sur le site Web est tenu \u00e0 jour.<\/p><p><br \/><strong>Clause de non-responsabilit\u00e9<\/strong><br \/>Dans la mesure permise par la loi applicable, nous excluons toutes les repr\u00e9sentations, garanties et conditions relatives \u00e0 notre site Web et \u00e0 l&#039;utilisation de ce site Web. Rien dans cette clause de non-responsabilit\u00e9\u00a0:<\/p><ul><li>limiter ou exclure notre ou votre responsabilit\u00e9 en cas de d\u00e9c\u00e8s ou de blessures corporelles\u00a0;<\/li><li>limiter ou exclure notre ou votre responsabilit\u00e9 en cas de fraude ou de fausse d\u00e9claration frauduleuse\u00a0;<\/li><li>limiter l&#039;une de nos ou vos responsabilit\u00e9s d&#039;une mani\u00e8re qui n&#039;est pas autoris\u00e9e par la loi applicable\u00a0; Ou<\/li><li>exclure toute de nos ou vos responsabilit\u00e9s qui ne peuvent pas \u00eatre exclues en vertu de la loi applicable.<\/li><\/ul><p><br \/>Les limitations et interdictions de responsabilit\u00e9 d\u00e9finies dans cette section et ailleurs dans cette clause de non-responsabilit\u00e9\u00a0: (a)<br \/>sont soumis \u00e0 l\u2019alin\u00e9a pr\u00e9c\u00e9dent ; et (b) r\u00e9gissent toutes les responsabilit\u00e9s d\u00e9coulant de la clause de non-responsabilit\u00e9,<br \/>y compris les responsabilit\u00e9s d\u00e9coulant du contrat, de la responsabilit\u00e9 d\u00e9lictuelle et de la violation d&#039;une obligation l\u00e9gale.<br \/>Dans la mesure o\u00f9 le site Internet ainsi que les informations et services propos\u00e9s sur le site Internet sont fournis gratuitement<br \/>frais, nous ne serons pas responsables de toute perte ou dommage de quelque nature que ce soit.<\/p>\t\t\t\t\t\t\t\t<\/div>\n\t\t\t\t<\/div>\n\t\t\t\t\t<\/div>\n\t\t<\/div>\n\t\t\t\t\t<\/div>\n\t\t<\/section>\n\t\t\t\t<\/div>","protected":false},"excerpt":{"rendered":"<p>UVIJETI I ODREDBE Terms and Conditions Welcome to Visit Island Korcula! These terms and conditions outline the rules and regulations for the use of ANIQ d.o.o.&#8217;s Website, located at www.visitkorculaisland.com. By accessing this website we assume you accept these terms and conditions. Do not continue touse Visit Korcula Island if you do not agree to [&hellip;]<\/p>\n","protected":false},"author":1,"featured_media":0,"parent":0,"menu_order":0,"comment_status":"closed","ping_status":"closed","template":"elementor_header_footer","meta":{"footnotes":""},"class_list":["post-200","page","type-page","status-publish","hentry"],"_links":{"self":[{"href":"https:\/\/visitkorculaisland.com\/fr\/wp-json\/wp\/v2\/pages\/200","targetHints":{"allow":["GET"]}}],"collection":[{"href":"https:\/\/visitkorculaisland.com\/fr\/wp-json\/wp\/v2\/pages"}],"about":[{"href":"https:\/\/visitkorculaisland.com\/fr\/wp-json\/wp\/v2\/types\/page"}],"author":[{"embeddable":true,"href":"https:\/\/visitkorculaisland.com\/fr\/wp-json\/wp\/v2\/users\/1"}],"replies":[{"embeddable":true,"href":"https:\/\/visitkorculaisland.com\/fr\/wp-json\/wp\/v2\/comments?post=200"}],"version-history":[{"count":0,"href":"https:\/\/visitkorculaisland.com\/fr\/wp-json\/wp\/v2\/pages\/200\/revisions"}],"wp:attachment":[{"href":"https:\/\/visitkorculaisland.com\/fr\/wp-json\/wp\/v2\/media?parent=200"}],"curies":[{"name":"wp","href":"https:\/\/api.w.org\/{rel}","templated":true}]}}