{"id":109,"date":"2023-04-05T12:31:00","date_gmt":"2023-04-05T11:31:00","guid":{"rendered":"https:\/\/visitkorculaisland.com\/?page_id=109"},"modified":"2024-10-23T12:55:44","modified_gmt":"2024-10-23T10:55:44","slug":"comment-se-rendre-sur-lile","status":"publish","type":"page","link":"https:\/\/visitkorculaisland.com\/fr\/kako-doci-do-otoka\/","title":{"rendered":"COMMENT SE RENDRE SUR L&#039;\u00ceLE?"},"content":{"rendered":"<h1>COMMENT SE RENDRE SUR L&#039;\u00ceLE?<\/h1>\n<h2>CAR FERRY<\/h2>\n<p>Sailing Schedule for car ferries, catamarans and boats from Split, Orebi\u0107 and Dubrovnik.<br \/>La flotte \u00abCaptain Luka\u00bb se compose de navires rapides d&#039;une capacit\u00e9 de 180 \u00e0 396 places assises.<\/p>\n<p style=\"text-align: center;\" align=\"justify\"><a style=\"color: #00ccff;\" href=\"http:\/\/jadrolinija.hr\/\" target=\"_blank\" rel=\"noopener\">Jadrolinija<\/a>\u00a0\/\u00a0<a style=\"color: #00ccff;\" href=\"http:\/\/krilo.hr\/\" target=\"_blank\" rel=\"noopener\">MB Kapetan Luka<\/a>\u00a0\/\u00a0<a style=\"color: #00ccff;\" href=\"http:\/\/agencija-zolpp.hr\/\" target=\"_blank\" rel=\"noopener\">Bilan KTD<\/a>\u00a0\/\u00a0<a style=\"color: #00ccff;\" href=\"https:\/\/gv-zadar.hr\/linija\/drzavna-brodska-linija-br-614-orebic-peljesac-korcula-i-obratno\/\" target=\"_blank\" rel=\"noopener\">Ligne G&amp;V\u00a0<\/a>\u00a0\/ <a href=\"https:\/\/www.tp-line.hr\/hr\/red-plovidbe\" target=\"_blank\" rel=\"noopener\">Ligne TP<\/a><\/p>\n<p style=\"text-align: center;\" align=\"justify\">Vous pouvez lire plus d&#039;informations <a href=\"https:\/\/www.visitkorcula.eu\/cro\/dolazak-brodom.html\" target=\"_blank\" rel=\"noopener\">ici<\/a>.<\/p>\n<figure>\n\t\t\t\t\t\t\t\t\t\t<img decoding=\"async\" width=\"570\" height=\"355\" data-src=\"http:\/\/visitkorculaisland.com\/wp-content\/uploads\/2023\/04\/Kako-doci-brodom.jpg\" alt=\"\" data-srcset=\"https:\/\/visitkorculaisland.com\/wp-content\/uploads\/2023\/04\/Kako-doci-brodom.jpg 570w, https:\/\/visitkorculaisland.com\/wp-content\/uploads\/2023\/04\/Kako-doci-brodom-300x187.jpg 300w\" data-sizes=\"auto, (max-width: 570px) 100vw, 570px\" src=\"data:image\/svg+xml;base64,PHN2ZyB3aWR0aD0iMSIgaGVpZ2h0PSIxIiB4bWxucz0iaHR0cDovL3d3dy53My5vcmcvMjAwMC9zdmciPjwvc3ZnPg==\" class=\"lazyload\" style=\"--smush-placeholder-width: 570px; --smush-placeholder-aspect-ratio: 570\/355;\" \/><figcaption><\/figcaption><\/figure>\n<h2>PARKING KOR\u010cULA<\/h2>\n<p>1 \u2013 Front de mer Est<\/p>\n<p>2 \u2013 Parking Ex Liburna<\/p>\n<p>3 \u2013 Parcom\u00e8tre Tommy<\/p>\n<p>4 \u2013 Garage<\/p>\n<p>ASSISTANCE SUR LA ROUTE -\u00a0<a style=\"color: #00ccff;\" href=\"http:\/\/www.hak.hr\/\" target=\"_blank\" rel=\"noopener\">Club automobile croate (HAK)<\/a><\/p>\n<p>e-mail:\u00a0<a style=\"color: #00ccff;\" href=\"mailto:1987@hak.hr?subject=visitor%20visitkorcula.eu\" target=\"_blank\" rel=\"noopener\">1987@hak.hr\u00a0<\/a><\/p>\n<p>Vous pouvez lire plus d&#039;informations <a href=\"https:\/\/www.visitkorcula.eu\/cro\/dolazak-automobilom.html\" target=\"_blank\" rel=\"noopener\">ici<\/a>.<\/p>\n<figure>\n\t\t\t\t\t\t\t\t\t\t<img decoding=\"async\" width=\"800\" height=\"483\" data-src=\"http:\/\/visitkorculaisland.com\/wp-content\/uploads\/2023\/04\/Korcula_Parking-1024x618.png\" alt=\"\" data-srcset=\"https:\/\/visitkorculaisland.com\/wp-content\/uploads\/2023\/04\/Korcula_Parking-1024x618.png 1024w, https:\/\/visitkorculaisland.com\/wp-content\/uploads\/2023\/04\/Korcula_Parking-300x181.png 300w, https:\/\/visitkorculaisland.com\/wp-content\/uploads\/2023\/04\/Korcula_Parking-768x464.png 768w, https:\/\/visitkorculaisland.com\/wp-content\/uploads\/2023\/04\/Korcula_Parking.png 1070w\" data-sizes=\"auto, (max-width: 800px) 100vw, 800px\" src=\"data:image\/svg+xml;base64,PHN2ZyB3aWR0aD0iMSIgaGVpZ2h0PSIxIiB4bWxucz0iaHR0cDovL3d3dy53My5vcmcvMjAwMC9zdmciPjwvc3ZnPg==\" class=\"lazyload\" style=\"--smush-placeholder-width: 800px; --smush-placeholder-aspect-ratio: 800\/483;\" \/><figcaption><\/figcaption><\/figure>\n<h2>EN BUS<\/h2>\n<p><a style=\"color: #00ccff;\" href=\"http:\/\/www.korkyra.info\/\" target=\"_blank\" rel=\"noopener\">TRANSFERTS DE KORKYRA<\/a><br \/>e-mail: info@korkyra.info<br \/>Transferts\/Navettes\/Tours\/Excursions<\/p>\n<p><a style=\"color: #00ccff;\" href=\"https:\/\/www.arriva.com.hr\/en-us\/\" target=\"_blank\" rel=\"noopener\">ARRIV\u00c9E \u00c0 KORCULA\u00a0<\/a>\u00a0<br \/>e-mail: info@arriva.com.hr<br \/>Billetterie Kor\u010dula<\/p>\n<p>Vous pouvez lire plus d&#039;informations <a href=\"https:\/\/www.visitkorcula.eu\/cro\/dolazak-autobusom.html\" target=\"_blank\" rel=\"noopener\">ici<\/a>.<\/p>\n<figure>\n\t\t\t\t\t\t\t\t\t\t<img decoding=\"async\" width=\"500\" height=\"250\" data-src=\"http:\/\/visitkorculaisland.com\/wp-content\/uploads\/2023\/04\/Arriva-bus-korcula.jpg\" alt=\"\" data-srcset=\"https:\/\/visitkorculaisland.com\/wp-content\/uploads\/2023\/04\/Arriva-bus-korcula.jpg 500w, https:\/\/visitkorculaisland.com\/wp-content\/uploads\/2023\/04\/Arriva-bus-korcula-300x150.jpg 300w\" data-sizes=\"auto, (max-width: 500px) 100vw, 500px\" src=\"data:image\/svg+xml;base64,PHN2ZyB3aWR0aD0iMSIgaGVpZ2h0PSIxIiB4bWxucz0iaHR0cDovL3d3dy53My5vcmcvMjAwMC9zdmciPjwvc3ZnPg==\" class=\"lazyload\" style=\"--smush-placeholder-width: 500px; --smush-placeholder-aspect-ratio: 500\/250;\" \/><figcaption><\/figcaption><\/figure>\n<h2>PAR AVION<\/h2>\n<p>\t\t\t\t\t\t\t\t\t\t\t\t<a href=\"\">CROATIE COMPAGNIES A\u00c9RIENNES<\/a><\/p>\n<p>A partir du 24.06<br \/>Split - Francfort - deux fois par semaine (mercredi - samedi)<br \/>A partir du 26.06<br \/>Split - Munich - deux fois par semaine (vendredi - samedi)<br \/>Split - Zurich - deux fois par semaine (vendredi - samedi)<br \/>A partir du 27.06<br \/>Split - D\u00fcsseldorf - une fois par semaine (samedi)<br \/>Split - Berlin - une fois par semaine (samedi)<\/p>\n<p>\t\t\t\t\t\t\t\t\t\t\t\t<a href=\"\">AILES INTELLIGENTES<\/a><\/p>\n<p>A partir du 10.06<br \/>Prague - Split - deux fois par semaine (mercredi - samedi)<br \/>Du 17.06 - trois fois par semaine (lundi - mercredi - samedi)<br \/>A partir du 24 juin - tous les jours<br \/>A partir du 18.06<br \/>Katowice - Split - une fois par semaine (jeudi)<br \/>Varsovie - Split - une fois par semaine (jeudi)<\/p>\n<p>\t\t\t\t\t\t\t\t\t\t\t\t<a href=\"\">TUI<\/a><\/p>\n<p>A partir du 20.06<br \/>Bruxelles - Dubrovnik - deux fois par semaine (mercredi - samedi)<br \/>A partir du 10.07<br \/>Anvers - Split - deux fois par semaine (du lundi au vendredi)<\/p>\n<p>\t\t\t\t\t\t\t\t\t\t\t\t<a href=\"\">CAREX<\/a><\/p>\n<p>A partir du 20.06<br \/>Copenhague - Split - deux fois par semaine (mercredi - samedi)<br \/>Oslo - Split - une fois par semaine (samedi)<\/p>\n<p>\t\t\t\t\t\t\t\t\t\t\t\t<a href=\"\">AIR BALTIQUE<\/a><\/p>\n<p>A partir du 17.06<br \/>Riga - Dubrovnik - deux fois par semaine (lundi - jeudi)<br \/>A partir du 22.06<br \/>Riga - Split - une fois par semaine (mercredi)<br \/>A partir du 03.07<br \/>Riga - Split - deux fois par semaine<\/p>\n<p>\t\t\t\t\t\t\t\t\t\t\t\t<a href=\"\">LUFTHANSA<\/a><\/p>\n<p>A partir du 20.06<br \/>Munich - Dubrovnik - une fois par semaine (samedi)<br \/>Munich - Split - une fois par semaine (samedi)<br \/>A partir du 27.06<br \/>Francfort - Split - une fois par semaine (samedi)<\/p>\n<p>\t\t\t\t\t\t\t\t\t\t\t\t<a href=\"\">BRUXELLES AIRLINES<\/a><\/p>\n<p>A partir du 27.06<br \/>Bruxelles - Dubrovnik - deux fois par semaine (mardi - dimanche)<\/p>\n<p>A\u00e9roports civils \/ HACZ \u2013\u00a0<a style=\"color: #00ccff;\" title=\"Agence croate de l&#039;aviation civile\" href=\"http:\/\/www.ccaa.hr\/english\/naslovnica_1\/\" target=\"_blank\" rel=\"noopener\">www.ccaa.hr<\/a><\/p>\n<p><a style=\"color: #00ccff;\" title=\"A\u00e9roport de Bra\u010d\" href=\"https:\/\/www.airport-brac.hr\/en\/\" target=\"_blank\" rel=\"noopener\">Bra\u010d<\/a>\u00a0::\u00a0<a style=\"color: #00ccff;\" title=\"A\u00e9roport de Dubrovnik\" href=\"https:\/\/www.airport-dubrovnik.hr\/index.php\/en\/\" target=\"_blank\" rel=\"noopener\">Dubrovnik<\/a>\u00a0::\u00a0<a style=\"color: #00ccff;\" title=\"A\u00e9roport de Mali Lo\u0161inj\" href=\"https:\/\/www.airportmalilosinj.hr\/\" target=\"_blank\" rel=\"noopener\">Mali Losinj<\/a>\u00a0::\u00a0<a style=\"color: #00ccff;\" title=\"A\u00e9roport d&#039;Osijek\" href=\"http:\/\/www.osijek-airport.hr\/\" target=\"_blank\" rel=\"noopener\">Osijek<\/a><br \/><a style=\"color: #00ccff;\" title=\"A\u00e9roport de Pula\" href=\"https:\/\/airport-pula.hr\/en\/\" target=\"_blank\" rel=\"noopener\">Pula<\/a>\u00a0::\u00a0<a style=\"color: #00ccff;\" title=\"A\u00e9roport de Rijeka\" href=\"http:\/\/rijeka-airport.hr\/\" target=\"_blank\" rel=\"noopener\">Rijeka<\/a>\u00a0::\u00a0<a style=\"color: #00ccff;\" title=\"A\u00e9roport de Split\" href=\"http:\/\/www.split-airport.hr\/index.php?lang=en\" target=\"_blank\" rel=\"noopener\">Split<\/a>\u00a0::\u00a0<a style=\"color: #00ccff;\" title=\"A\u00e9roport de Zadar\" href=\"https:\/\/www.zadar-airport.hr\/\" target=\"_blank\" rel=\"noopener\">Zadar<\/a><br \/><a title=\"A\u00e9roport Franjo Tu\u0111man de Zagreb\" href=\"http:\/\/www.zagreb-airport.hr\/en\" target=\"_blank\" rel=\"noopener\">MZL Franjo Tu\u0111man Zagreb<\/a><\/p>\n<p>Vous pouvez lire plus d&#039;informations <a href=\"https:\/\/www.visitkorcula.eu\/cro\/dolazak-zrakoplovom.html\" target=\"_blank\" rel=\"noopener\">ici<\/a>.<\/p>\n<figure>\n\t\t\t\t\t\t\t\t\t\t<img decoding=\"async\" width=\"500\" height=\"250\" data-src=\"http:\/\/visitkorculaisland.com\/wp-content\/uploads\/2023\/04\/Zracna-luka-Dubrovnik.jpg\" alt=\"\" data-srcset=\"https:\/\/visitkorculaisland.com\/wp-content\/uploads\/2023\/04\/Zracna-luka-Dubrovnik.jpg 500w, https:\/\/visitkorculaisland.com\/wp-content\/uploads\/2023\/04\/Zracna-luka-Dubrovnik-300x150.jpg 300w\" data-sizes=\"auto, (max-width: 500px) 100vw, 500px\" src=\"data:image\/svg+xml;base64,PHN2ZyB3aWR0aD0iMSIgaGVpZ2h0PSIxIiB4bWxucz0iaHR0cDovL3d3dy53My5vcmcvMjAwMC9zdmciPjwvc3ZnPg==\" class=\"lazyload\" style=\"--smush-placeholder-width: 500px; --smush-placeholder-aspect-ratio: 500\/250;\" \/><figcaption><\/figcaption><\/figure>\n<figure>\n\t\t\t\t\t\t\t\t\t\t<img decoding=\"async\" width=\"500\" height=\"250\" data-src=\"http:\/\/visitkorculaisland.com\/wp-content\/uploads\/2023\/04\/Korcula-civil-airport.jpg\" alt=\"\" data-srcset=\"https:\/\/visitkorculaisland.com\/wp-content\/uploads\/2023\/04\/Korcula-civil-airport.jpg 500w, https:\/\/visitkorculaisland.com\/wp-content\/uploads\/2023\/04\/Korcula-civil-airport-300x150.jpg 300w\" data-sizes=\"auto, (max-width: 500px) 100vw, 500px\" src=\"data:image\/svg+xml;base64,PHN2ZyB3aWR0aD0iMSIgaGVpZ2h0PSIxIiB4bWxucz0iaHR0cDovL3d3dy53My5vcmcvMjAwMC9zdmciPjwvc3ZnPg==\" class=\"lazyload\" style=\"--smush-placeholder-width: 500px; --smush-placeholder-aspect-ratio: 500\/250;\" \/><figcaption><\/figcaption><\/figure>\n<h2>EN CHEMIN DE FER<\/h2>\n<p><a style=\"color: #00ccff;\" href=\"http:\/\/www.hzpp.hr\/\" target=\"_blank\" rel=\"noopener\">CHEMINS DE FER CROATES<\/a><\/p>\n<p>Le r\u00e9seau des chemins de fer croates (H\u017d) est centr\u00e9 autour de la capitale Zagreb. Le r\u00e9seau ferroviaire agit comme une intersection d&#039;itin\u00e9raires europ\u00e9ens d&#039;ouest en est et du nord au sud, ce qui repr\u00e9sente la connexion la plus courte entre l&#039;Europe centrale et l&#039;Adriatique et la M\u00e9diterran\u00e9e.<\/p>\n<figure>\n\t\t\t\t\t\t\t\t\t\t<img decoding=\"async\" width=\"400\" height=\"270\" data-src=\"http:\/\/visitkorculaisland.com\/wp-content\/uploads\/2023\/04\/HZ-KORCULA.jpg\" alt=\"\" data-srcset=\"https:\/\/visitkorculaisland.com\/wp-content\/uploads\/2023\/04\/HZ-KORCULA.jpg 400w, https:\/\/visitkorculaisland.com\/wp-content\/uploads\/2023\/04\/HZ-KORCULA-300x203.jpg 300w\" data-sizes=\"auto, (max-width: 400px) 100vw, 400px\" src=\"data:image\/svg+xml;base64,PHN2ZyB3aWR0aD0iMSIgaGVpZ2h0PSIxIiB4bWxucz0iaHR0cDovL3d3dy53My5vcmcvMjAwMC9zdmciPjwvc3ZnPg==\" class=\"lazyload\" style=\"--smush-placeholder-width: 400px; --smush-placeholder-aspect-ratio: 400\/270;\" \/><figcaption><\/figcaption><\/figure>","protected":false},"excerpt":{"rendered":"<p>KAKO DO\u0106I DO OTOKA? BRODOM Plovidbeni red za trajekte, katamarane i brodove iz Splita, Orebi\u0107a i Dubrovnika. Jadrolinija \u0107e vas odvesti do prekrasnog otoka Kor\u010dula, sigurno, udobno i na vrijeme. Nudi vam nezaboravan do\u017eivljaj putovanja s okusom mora i do\u017eivljajem najljep\u0161ih obalnih i oto\u010dkih krajolika.Flota \u2018Kapetan Luka\u2019 se sastoji od brzih brodova sa sjedi\u0161nim kapacitetima [&hellip;]<\/p>\n","protected":false},"author":1,"featured_media":0,"parent":0,"menu_order":0,"comment_status":"closed","ping_status":"closed","template":"elementor_header_footer","meta":{"footnotes":""},"class_list":["post-109","page","type-page","status-publish","hentry"],"_links":{"self":[{"href":"https:\/\/visitkorculaisland.com\/fr\/wp-json\/wp\/v2\/pages\/109","targetHints":{"allow":["GET"]}}],"collection":[{"href":"https:\/\/visitkorculaisland.com\/fr\/wp-json\/wp\/v2\/pages"}],"about":[{"href":"https:\/\/visitkorculaisland.com\/fr\/wp-json\/wp\/v2\/types\/page"}],"author":[{"embeddable":true,"href":"https:\/\/visitkorculaisland.com\/fr\/wp-json\/wp\/v2\/users\/1"}],"replies":[{"embeddable":true,"href":"https:\/\/visitkorculaisland.com\/fr\/wp-json\/wp\/v2\/comments?post=109"}],"version-history":[{"count":0,"href":"https:\/\/visitkorculaisland.com\/fr\/wp-json\/wp\/v2\/pages\/109\/revisions"}],"wp:attachment":[{"href":"https:\/\/visitkorculaisland.com\/fr\/wp-json\/wp\/v2\/media?parent=109"}],"curies":[{"name":"wp","href":"https:\/\/api.w.org\/{rel}","templated":true}]}}