{"id":100,"date":"2023-04-05T12:29:21","date_gmt":"2023-04-05T11:29:21","guid":{"rendered":"https:\/\/visitkorculaisland.com\/?page_id=100"},"modified":"2023-05-15T13:02:25","modified_gmt":"2023-05-15T12:02:25","slug":"bien-etre","status":"publish","type":"page","link":"https:\/\/visitkorculaisland.com\/fr\/bien-etre\/","title":{"rendered":"BIEN-\u00caTRE"},"content":{"rendered":"<div data-elementor-type=\"wp-page\" data-elementor-id=\"100\" class=\"elementor elementor-100\" data-elementor-post-type=\"page\">\n\t\t\t\t\t\t<section class=\"elementor-section elementor-top-section elementor-element elementor-element-e2f5ee0 elementor-section-boxed elementor-section-height-default elementor-section-height-default\" data-id=\"e2f5ee0\" data-element_type=\"section\">\n\t\t\t\t\t\t<div class=\"elementor-container elementor-column-gap-default\">\n\t\t\t\t\t<div class=\"elementor-column elementor-col-100 elementor-top-column elementor-element elementor-element-d69149e\" data-id=\"d69149e\" data-element_type=\"column\">\n\t\t\t<div class=\"elementor-widget-wrap elementor-element-populated\">\n\t\t\t\t\t\t<div class=\"elementor-element elementor-element-5d8ddf6 elementor-widget elementor-widget-heading\" data-id=\"5d8ddf6\" data-element_type=\"widget\" data-widget_type=\"heading.default\">\n\t\t\t\t<div class=\"elementor-widget-container\">\n\t\t\t\t\t<h1 class=\"elementor-heading-title elementor-size-default\">BIEN-\u00caTRE<\/h1>\t\t\t\t<\/div>\n\t\t\t\t<\/div>\n\t\t\t\t<section class=\"elementor-section elementor-inner-section elementor-element elementor-element-6fc641b elementor-section-boxed elementor-section-height-default elementor-section-height-default\" data-id=\"6fc641b\" data-element_type=\"section\">\n\t\t\t\t\t\t<div class=\"elementor-container elementor-column-gap-default\">\n\t\t\t\t\t<div class=\"elementor-column elementor-col-50 elementor-inner-column elementor-element elementor-element-2040e7b\" data-id=\"2040e7b\" data-element_type=\"column\">\n\t\t\t<div class=\"elementor-widget-wrap elementor-element-populated\">\n\t\t\t\t\t\t<div class=\"elementor-element elementor-element-c2513e3 elementor-invisible elementor-widget elementor-widget-text-editor\" data-id=\"c2513e3\" data-element_type=\"widget\" data-settings=\"{&quot;_animation&quot;:&quot;slideInUp&quot;}\" data-widget_type=\"text-editor.default\">\n\t\t\t\t<div class=\"elementor-widget-container\">\n\t\t\t\t\t\t\t\t\t<p>L&#039;\u00eele de Kor\u010dula est l&#039;endroit id\u00e9al pour soulager le stress et r\u00e9g\u00e9n\u00e9rer le corps et l&#039;esprit. Profitez des paysages \u00e9tonnants qui changent constamment : oliveraies, vignobles, v\u00e9g\u00e9tation m\u00e9diterran\u00e9enne et for\u00eats de pins denses. Offrez-vous un repos pour le corps et l&#039;esprit, avec des soins qui vous redonneront de l&#039;\u00e9nergie. Trouvez l&#039;inspiration dans la mer cristalline et la belle nature qui vous entoure ! Voir plus\u00a0<span style=\"color: #00ccff;\"><a style=\"color: #00ccff;\" href=\"https:\/\/www.visitkorcula.eu\/cro\/zdravstveni.html\" target=\"_blank\" rel=\"noopener\">ici.<\/a><\/span><\/p>\t\t\t\t\t\t\t\t<\/div>\n\t\t\t\t<\/div>\n\t\t\t\t\t<\/div>\n\t\t<\/div>\n\t\t\t\t<div class=\"elementor-column elementor-col-50 elementor-inner-column elementor-element elementor-element-0a914fe\" data-id=\"0a914fe\" data-element_type=\"column\">\n\t\t\t<div class=\"elementor-widget-wrap elementor-element-populated\">\n\t\t\t\t\t\t<div class=\"elementor-element elementor-element-bff7aed elementor-invisible elementor-widget elementor-widget-image\" data-id=\"bff7aed\" data-element_type=\"widget\" data-settings=\"{&quot;_animation&quot;:&quot;slideInUp&quot;}\" data-widget_type=\"image.default\">\n\t\t\t\t<div class=\"elementor-widget-container\">\n\t\t\t\t\t\t\t\t\t\t\t\t<figure class=\"wp-caption\">\n\t\t\t\t\t\t\t\t\t\t<img fetchpriority=\"high\" decoding=\"async\" width=\"600\" height=\"270\" src=\"https:\/\/visitkorculaisland.com\/wp-content\/uploads\/2023\/04\/sauna-hotel-marko-polo-korcula.jpg\" class=\"attachment-large size-large wp-image-424\" alt=\"\" srcset=\"https:\/\/visitkorculaisland.com\/wp-content\/uploads\/2023\/04\/sauna-hotel-marko-polo-korcula.jpg 600w, https:\/\/visitkorculaisland.com\/wp-content\/uploads\/2023\/04\/sauna-hotel-marko-polo-korcula-300x135.jpg 300w\" sizes=\"(max-width: 600px) 100vw, 600px\" \/>\t\t\t\t\t\t\t\t\t\t\t<figcaption class=\"widget-image-caption wp-caption-text\"><\/figcaption>\n\t\t\t\t\t\t\t\t\t\t<\/figure>\n\t\t\t\t\t\t\t\t\t<\/div>\n\t\t\t\t<\/div>\n\t\t\t\t<div class=\"elementor-element elementor-element-17ade59 elementor-invisible elementor-widget elementor-widget-image\" data-id=\"17ade59\" data-element_type=\"widget\" data-settings=\"{&quot;_animation&quot;:&quot;slideInUp&quot;}\" data-widget_type=\"image.default\">\n\t\t\t\t<div class=\"elementor-widget-container\">\n\t\t\t\t\t\t\t\t\t\t\t\t<figure class=\"wp-caption\">\n\t\t\t\t\t\t\t\t\t\t<img decoding=\"async\" width=\"600\" height=\"270\" data-src=\"https:\/\/visitkorculaisland.com\/wp-content\/uploads\/2023\/04\/wellness-lesic-dimitri-korcula.jpg\" class=\"attachment-large size-large wp-image-425 lazyload\" alt=\"\" data-srcset=\"https:\/\/visitkorculaisland.com\/wp-content\/uploads\/2023\/04\/wellness-lesic-dimitri-korcula.jpg 600w, https:\/\/visitkorculaisland.com\/wp-content\/uploads\/2023\/04\/wellness-lesic-dimitri-korcula-300x135.jpg 300w\" data-sizes=\"(max-width: 600px) 100vw, 600px\" src=\"data:image\/svg+xml;base64,PHN2ZyB3aWR0aD0iMSIgaGVpZ2h0PSIxIiB4bWxucz0iaHR0cDovL3d3dy53My5vcmcvMjAwMC9zdmciPjwvc3ZnPg==\" style=\"--smush-placeholder-width: 600px; --smush-placeholder-aspect-ratio: 600\/270;\" \/>\t\t\t\t\t\t\t\t\t\t\t<figcaption class=\"widget-image-caption wp-caption-text\"><\/figcaption>\n\t\t\t\t\t\t\t\t\t\t<\/figure>\n\t\t\t\t\t\t\t\t\t<\/div>\n\t\t\t\t<\/div>\n\t\t\t\t<div class=\"elementor-element elementor-element-6c12722 elementor-invisible elementor-widget elementor-widget-image\" data-id=\"6c12722\" data-element_type=\"widget\" data-settings=\"{&quot;_animation&quot;:&quot;slideInUp&quot;}\" data-widget_type=\"image.default\">\n\t\t\t\t<div class=\"elementor-widget-container\">\n\t\t\t\t\t\t\t\t\t\t\t\t<figure class=\"wp-caption\">\n\t\t\t\t\t\t\t\t\t\t<img decoding=\"async\" width=\"600\" height=\"270\" data-src=\"https:\/\/visitkorculaisland.com\/wp-content\/uploads\/2023\/04\/yoga-studio-korcula.jpg\" class=\"attachment-large size-large wp-image-426 lazyload\" alt=\"\" data-srcset=\"https:\/\/visitkorculaisland.com\/wp-content\/uploads\/2023\/04\/yoga-studio-korcula.jpg 600w, https:\/\/visitkorculaisland.com\/wp-content\/uploads\/2023\/04\/yoga-studio-korcula-300x135.jpg 300w\" data-sizes=\"(max-width: 600px) 100vw, 600px\" src=\"data:image\/svg+xml;base64,PHN2ZyB3aWR0aD0iMSIgaGVpZ2h0PSIxIiB4bWxucz0iaHR0cDovL3d3dy53My5vcmcvMjAwMC9zdmciPjwvc3ZnPg==\" style=\"--smush-placeholder-width: 600px; --smush-placeholder-aspect-ratio: 600\/270;\" \/>\t\t\t\t\t\t\t\t\t\t\t<figcaption class=\"widget-image-caption wp-caption-text\"><\/figcaption>\n\t\t\t\t\t\t\t\t\t\t<\/figure>\n\t\t\t\t\t\t\t\t\t<\/div>\n\t\t\t\t<\/div>\n\t\t\t\t\t<\/div>\n\t\t<\/div>\n\t\t\t\t\t<\/div>\n\t\t<\/section>\n\t\t\t\t\t<\/div>\n\t\t<\/div>\n\t\t\t\t\t<\/div>\n\t\t<\/section>\n\t\t\t\t<\/div>","protected":false},"excerpt":{"rendered":"<p>WELLNESS Otok Kor\u010dula je savr\u0161eno mjesto za osloba\u0111anje od stresa i regeneraciju tijela i uma. U\u017eivajte u zadivljuju\u0107im krajolicima koji se neprestalno izmjenjuju: maslinici, vinogradi, mediteransko raslinje i guste \u0161ume bora. Po\u010dastite se odmorom za tijelu i du\u0161u, uz tretmane koji \u0107e vam vratiti energiju. Prona\u0111ite inspiraciju u kristalno \u010distom moru i prekrasnoj prirodi koja [&hellip;]<\/p>\n","protected":false},"author":1,"featured_media":0,"parent":0,"menu_order":0,"comment_status":"closed","ping_status":"closed","template":"elementor_header_footer","meta":{"footnotes":""},"class_list":["post-100","page","type-page","status-publish","hentry"],"_links":{"self":[{"href":"https:\/\/visitkorculaisland.com\/fr\/wp-json\/wp\/v2\/pages\/100","targetHints":{"allow":["GET"]}}],"collection":[{"href":"https:\/\/visitkorculaisland.com\/fr\/wp-json\/wp\/v2\/pages"}],"about":[{"href":"https:\/\/visitkorculaisland.com\/fr\/wp-json\/wp\/v2\/types\/page"}],"author":[{"embeddable":true,"href":"https:\/\/visitkorculaisland.com\/fr\/wp-json\/wp\/v2\/users\/1"}],"replies":[{"embeddable":true,"href":"https:\/\/visitkorculaisland.com\/fr\/wp-json\/wp\/v2\/comments?post=100"}],"version-history":[{"count":0,"href":"https:\/\/visitkorculaisland.com\/fr\/wp-json\/wp\/v2\/pages\/100\/revisions"}],"wp:attachment":[{"href":"https:\/\/visitkorculaisland.com\/fr\/wp-json\/wp\/v2\/media?parent=100"}],"curies":[{"name":"wp","href":"https:\/\/api.w.org\/{rel}","templated":true}]}}