{"id":92,"date":"2023-04-05T12:27:11","date_gmt":"2023-04-05T11:27:11","guid":{"rendered":"https:\/\/visitkorculaisland.com\/?page_id=92"},"modified":"2026-04-24T12:27:01","modified_gmt":"2026-04-24T10:27:01","slug":"walking","status":"publish","type":"page","link":"https:\/\/visitkorculaisland.com\/en\/pjesacenje\/","title":{"rendered":"Walking"},"content":{"rendered":"<div data-elementor-type=\"wp-page\" data-elementor-id=\"92\" class=\"elementor elementor-92\" data-elementor-post-type=\"page\">\n\t\t\t\t\t\t<section class=\"elementor-section elementor-top-section elementor-element elementor-element-c3dfeca elementor-section-boxed elementor-section-height-default elementor-section-height-default\" data-id=\"c3dfeca\" data-element_type=\"section\" data-e-type=\"section\">\n\t\t\t\t\t\t<div class=\"elementor-container elementor-column-gap-default\">\n\t\t\t\t\t<div class=\"elementor-column elementor-col-100 elementor-top-column elementor-element elementor-element-2c2a6e6\" data-id=\"2c2a6e6\" data-element_type=\"column\" data-e-type=\"column\">\n\t\t\t<div class=\"elementor-widget-wrap elementor-element-populated\">\n\t\t\t\t\t\t<div class=\"elementor-element elementor-element-adea048 elementor-widget elementor-widget-heading\" data-id=\"adea048\" data-element_type=\"widget\" data-e-type=\"widget\" data-widget_type=\"heading.default\">\n\t\t\t\t<div class=\"elementor-widget-container\">\n\t\t\t\t\t<h1 class=\"elementor-heading-title elementor-size-default\">WALKING<\/h1>\t\t\t\t<\/div>\n\t\t\t\t<\/div>\n\t\t\t\t<section class=\"elementor-section elementor-inner-section elementor-element elementor-element-0ce99c5 elementor-section-boxed elementor-section-height-default elementor-section-height-default\" data-id=\"0ce99c5\" data-element_type=\"section\" data-e-type=\"section\">\n\t\t\t\t\t\t<div class=\"elementor-container elementor-column-gap-default\">\n\t\t\t\t\t<div class=\"elementor-column elementor-col-50 elementor-inner-column elementor-element elementor-element-bd204c7\" data-id=\"bd204c7\" data-element_type=\"column\" data-e-type=\"column\">\n\t\t\t<div class=\"elementor-widget-wrap elementor-element-populated\">\n\t\t\t\t\t\t<div class=\"elementor-element elementor-element-76c3f84 elementor-invisible elementor-widget elementor-widget-text-editor\" data-id=\"76c3f84\" data-element_type=\"widget\" data-e-type=\"widget\" data-settings=\"{&quot;_animation&quot;:&quot;slideInUp&quot;}\" data-widget_type=\"text-editor.default\">\n\t\t\t\t<div class=\"elementor-widget-container\">\n\t\t\t\t\t\t\t\t\t<p>Let your vacation be an unforgettable experience! The numerous bays of the town and island of Kor\u010dula offer refuge to those who prefer secluded oases. A network of paths crosses the island of Kor\u010dula, creating a network of routes through olive groves and vineyards, fragrant landscapes suitable for walking and cycling.<\/p>\n<p>Choose outdoor activities in every season; hiking with the intoxicating scents of aromatic herbs in the spring months, through ripe vineyards of olive trees or heavy canopies of olive trees in autumn. You will discover that this sunny island is ideal for spending time in nature, even in the winter months.<\/p>\n<p>The island, whose contours are almost black due to the dense forest of holm oak and pine, was colonized by the ancient Greeks, calling it &quot;Black Kor\u010dula&quot; (Greek: &quot;Korkyra Melaina&quot;; Latin: &quot;Korkyra Nigra&quot;). Legend has it that Kor\u010dula was the nymph of Korkyra, which the jealous Poseidon turned into an island paradise.<\/p>\n<p><span style=\"color: #00ccff;\"><a style=\"color: #00ccff;\" href=\"https:\/\/www.visitkorcula.eu\/cro\/setnje-pjesacenje.html\" target=\"_blank\" rel=\"noopener\">Kor\u010dula<\/a><\/span>&nbsp;|&nbsp;<a href=\"https:\/\/tzvelaluka.hr\/hr\/pjesacke-staze\" target=\"_blank\" rel=\"noopener\"><span style=\"color: #00ccff;\">Vela Luka<\/span><\/a>&nbsp;|&nbsp;<span style=\"color: #00ccff;\"><a style=\"color: #00ccff;\" href=\"https:\/\/tzo-blato.hr\/aktivni-odmor\/pjesacke-staze\" target=\"_blank\" rel=\"noopener\">Blato<\/a><\/span>&nbsp;|&nbsp;<a href=\"https:\/\/www.tz-lumbarda.hr\/pjesacke-staze\/\" target=\"_blank\" rel=\"noopener\"><span style=\"color: #00ccff;\">Lumbarda<\/span>&nbsp;<\/a>|<a href=\"https:\/\/visitsmokvicabrna.com\/hr\/hiking\/\" target=\"_blank\" rel=\"noopener\">&nbsp;<span style=\"color: #00ccff;\">Smokvica<\/span><\/a><\/p>\n<p><a href=\"https:\/\/visitkorculaisland.com\/hikers-friendly-smjestaji\/\" target=\"_blank\" rel=\"noopener\"><span style=\"text-decoration: underline;\"><span style=\"color: #00ccff; text-decoration: underline;\">Hikers friendly accommodations<\/span><\/span><\/a><\/p>\n<p><a href=\"https:\/\/visitkorculaisland.com\/turisticke-agencije-s-hikers-friendly-oznakom\/\" target=\"_blank\" rel=\"noopener\"><span style=\"text-decoration: underline;\"><span style=\"color: #00ccff; text-decoration: underline;\">Tourist agencies with hikers friendly label<\/span><\/span><\/a><\/p>\t\t\t\t\t\t\t\t<\/div>\n\t\t\t\t<\/div>\n\t\t\t\t\t<\/div>\n\t\t<\/div>\n\t\t\t\t<div class=\"elementor-column elementor-col-50 elementor-inner-column elementor-element elementor-element-9192768\" data-id=\"9192768\" data-element_type=\"column\" data-e-type=\"column\">\n\t\t\t<div class=\"elementor-widget-wrap elementor-element-populated\">\n\t\t\t\t\t\t<div class=\"elementor-element elementor-element-9ad4f6a elementor-invisible elementor-widget elementor-widget-image\" data-id=\"9ad4f6a\" data-element_type=\"widget\" data-e-type=\"widget\" data-settings=\"{&quot;_animation&quot;:&quot;slideInUp&quot;}\" data-widget_type=\"image.default\">\n\t\t\t\t<div class=\"elementor-widget-container\">\n\t\t\t\t\t\t\t\t\t\t\t\t<figure class=\"wp-caption\">\n\t\t\t\t\t\t\t\t\t\t<img fetchpriority=\"high\" decoding=\"async\" width=\"800\" height=\"600\" src=\"https:\/\/visitkorculaisland.com\/wp-content\/uploads\/2023\/04\/Pjesacenje_na_otoku_Korculi-1024x768.jpg\" class=\"attachment-large size-large wp-image-403\" alt=\"\" srcset=\"https:\/\/visitkorculaisland.com\/wp-content\/uploads\/2023\/04\/Pjesacenje_na_otoku_Korculi-1024x768.jpg 1024w, https:\/\/visitkorculaisland.com\/wp-content\/uploads\/2023\/04\/Pjesacenje_na_otoku_Korculi-300x225.jpg 300w, https:\/\/visitkorculaisland.com\/wp-content\/uploads\/2023\/04\/Pjesacenje_na_otoku_Korculi-768x576.jpg 768w, https:\/\/visitkorculaisland.com\/wp-content\/uploads\/2023\/04\/Pjesacenje_na_otoku_Korculi.jpg 1440w\" sizes=\"(max-width: 800px) 100vw, 800px\" \/>\t\t\t\t\t\t\t\t\t\t\t<figcaption class=\"widget-image-caption wp-caption-text\">Photo by Damir Pa\u010di\u0107<\/figcaption>\n\t\t\t\t\t\t\t\t\t\t<\/figure>\n\t\t\t\t\t\t\t\t\t<\/div>\n\t\t\t\t<\/div>\n\t\t\t\t<div class=\"elementor-element elementor-element-da61e82 elementor-invisible elementor-widget elementor-widget-image\" data-id=\"da61e82\" data-element_type=\"widget\" data-e-type=\"widget\" data-settings=\"{&quot;_animation&quot;:&quot;slideInUp&quot;}\" data-widget_type=\"image.default\">\n\t\t\t\t<div class=\"elementor-widget-container\">\n\t\t\t\t\t\t\t\t\t\t\t\t<figure class=\"wp-caption\">\n\t\t\t\t\t\t\t\t\t\t<img decoding=\"async\" width=\"800\" height=\"532\" data-src=\"https:\/\/visitkorculaisland.com\/wp-content\/uploads\/2023\/04\/Pjesacenje_u_-blizini_grada_Korcule_uz_opojne_mirise_aromaticnog_bilja-e1681383756176-1024x681.jpg\" class=\"attachment-large size-large wp-image-404 lazyload\" alt=\"\" data-srcset=\"https:\/\/visitkorculaisland.com\/wp-content\/uploads\/2023\/04\/Pjesacenje_u_-blizini_grada_Korcule_uz_opojne_mirise_aromaticnog_bilja-e1681383756176-1024x681.jpg 1024w, https:\/\/visitkorculaisland.com\/wp-content\/uploads\/2023\/04\/Pjesacenje_u_-blizini_grada_Korcule_uz_opojne_mirise_aromaticnog_bilja-e1681383756176-300x200.jpg 300w, https:\/\/visitkorculaisland.com\/wp-content\/uploads\/2023\/04\/Pjesacenje_u_-blizini_grada_Korcule_uz_opojne_mirise_aromaticnog_bilja-e1681383756176-768x511.jpg 768w, https:\/\/visitkorculaisland.com\/wp-content\/uploads\/2023\/04\/Pjesacenje_u_-blizini_grada_Korcule_uz_opojne_mirise_aromaticnog_bilja-e1681383756176.jpg 1440w\" data-sizes=\"(max-width: 800px) 100vw, 800px\" src=\"data:image\/svg+xml;base64,PHN2ZyB3aWR0aD0iMSIgaGVpZ2h0PSIxIiB4bWxucz0iaHR0cDovL3d3dy53My5vcmcvMjAwMC9zdmciPjwvc3ZnPg==\" style=\"--smush-placeholder-width: 800px; --smush-placeholder-aspect-ratio: 800\/532;\" \/>\t\t\t\t\t\t\t\t\t\t\t<figcaption class=\"widget-image-caption wp-caption-text\">Photo by Damir Pa\u010di\u0107<\/figcaption>\n\t\t\t\t\t\t\t\t\t\t<\/figure>\n\t\t\t\t\t\t\t\t\t<\/div>\n\t\t\t\t<\/div>\n\t\t\t\t\t<\/div>\n\t\t<\/div>\n\t\t\t\t\t<\/div>\n\t\t<\/section>\n\t\t\t\t\t<\/div>\n\t\t<\/div>\n\t\t\t\t\t<\/div>\n\t\t<\/section>\n\t\t\t\t<\/div>","protected":false},"excerpt":{"rendered":"<p>PJE\u0160A\u010cENJE Neka Va\u0161 odmor bude nezaboravan do\u017eivljaj! Brojne uvale grada i otoka Kor\u010dule pru\u017eaju uto\u010di\u0161te onima koji preferiraju osamljene oaze. Splet staza presijeca otok Kor\u010dulu stvaraju\u0107i mre\u017eu ruta kroz maslinike i vinograde, mirisne krajolike pogodne za pje\u0161a\u010denje i vo\u017enju biciklom. Izaberite aktivnosti na otvorenom u svako godi\u0161nje doba; pje\u0161a\u010denje uz opojne mirise aromati\u010dnog bilja u [&hellip;]<\/p>\n","protected":false},"author":1,"featured_media":0,"parent":0,"menu_order":0,"comment_status":"closed","ping_status":"closed","template":"elementor_header_footer","meta":{"footnotes":""},"class_list":["post-92","page","type-page","status-publish","hentry"],"_links":{"self":[{"href":"https:\/\/visitkorculaisland.com\/en\/wp-json\/wp\/v2\/pages\/92","targetHints":{"allow":["GET"]}}],"collection":[{"href":"https:\/\/visitkorculaisland.com\/en\/wp-json\/wp\/v2\/pages"}],"about":[{"href":"https:\/\/visitkorculaisland.com\/en\/wp-json\/wp\/v2\/types\/page"}],"author":[{"embeddable":true,"href":"https:\/\/visitkorculaisland.com\/en\/wp-json\/wp\/v2\/users\/1"}],"replies":[{"embeddable":true,"href":"https:\/\/visitkorculaisland.com\/en\/wp-json\/wp\/v2\/comments?post=92"}],"version-history":[{"count":3,"href":"https:\/\/visitkorculaisland.com\/en\/wp-json\/wp\/v2\/pages\/92\/revisions"}],"predecessor-version":[{"id":4484,"href":"https:\/\/visitkorculaisland.com\/en\/wp-json\/wp\/v2\/pages\/92\/revisions\/4484"}],"wp:attachment":[{"href":"https:\/\/visitkorculaisland.com\/en\/wp-json\/wp\/v2\/media?parent=92"}],"curies":[{"name":"wp","href":"https:\/\/api.w.org\/{rel}","templated":true}]}}