{"id":80,"date":"2023-04-05T12:25:40","date_gmt":"2023-04-05T11:25:40","guid":{"rendered":"https:\/\/visitkorculaisland.com\/?page_id=80"},"modified":"2026-03-03T12:46:33","modified_gmt":"2026-03-03T11:46:33","slug":"restaurants","status":"publish","type":"page","link":"https:\/\/visitkorculaisland.com\/en\/restaurants\/","title":{"rendered":"Restaurants"},"content":{"rendered":"<div data-elementor-type=\"wp-page\" data-elementor-id=\"80\" class=\"elementor elementor-80\" data-elementor-post-type=\"page\">\n\t\t\t\t\t\t<section class=\"elementor-section elementor-top-section elementor-element elementor-element-f39e3cb elementor-section-boxed elementor-section-height-default elementor-section-height-default\" data-id=\"f39e3cb\" data-element_type=\"section\">\n\t\t\t\t\t\t<div class=\"elementor-container elementor-column-gap-default\">\n\t\t\t\t\t<div class=\"elementor-column elementor-col-100 elementor-top-column elementor-element elementor-element-baa26ce\" data-id=\"baa26ce\" data-element_type=\"column\">\n\t\t\t<div class=\"elementor-widget-wrap elementor-element-populated\">\n\t\t\t\t\t\t<div class=\"elementor-element elementor-element-6b108d0 elementor-widget elementor-widget-heading\" data-id=\"6b108d0\" data-element_type=\"widget\" data-widget_type=\"heading.default\">\n\t\t\t\t<div class=\"elementor-widget-container\">\n\t\t\t\t\t<h1 class=\"elementor-heading-title elementor-size-default\">RESTAURANTS<\/h1>\t\t\t\t<\/div>\n\t\t\t\t<\/div>\n\t\t\t\t\t<\/div>\n\t\t<\/div>\n\t\t\t\t\t<\/div>\n\t\t<\/section>\n\t\t\t\t<section class=\"elementor-section elementor-top-section elementor-element elementor-element-4aeb48e elementor-section-boxed elementor-section-height-default elementor-section-height-default\" data-id=\"4aeb48e\" data-element_type=\"section\">\n\t\t\t\t\t\t<div class=\"elementor-container elementor-column-gap-default\">\n\t\t\t\t\t<div class=\"elementor-column elementor-col-100 elementor-top-column elementor-element elementor-element-bb52b33\" data-id=\"bb52b33\" data-element_type=\"column\">\n\t\t\t<div class=\"elementor-widget-wrap elementor-element-populated\">\n\t\t\t\t\t\t<div class=\"elementor-element elementor-element-9f11a6a elementor-invisible elementor-widget elementor-widget-image\" data-id=\"9f11a6a\" data-element_type=\"widget\" data-settings=\"{&quot;_animation&quot;:&quot;slideInUp&quot;}\" data-widget_type=\"image.default\">\n\t\t\t\t<div class=\"elementor-widget-container\">\n\t\t\t\t\t\t\t\t\t\t\t\t<figure class=\"wp-caption\">\n\t\t\t\t\t\t\t\t\t\t<img fetchpriority=\"high\" decoding=\"async\" width=\"800\" height=\"444\" src=\"https:\/\/visitkorculaisland.com\/wp-content\/uploads\/2023\/04\/restorani.jpg\" class=\"attachment-large size-large wp-image-238\" alt=\"\" srcset=\"https:\/\/visitkorculaisland.com\/wp-content\/uploads\/2023\/04\/restorani.jpg 900w, https:\/\/visitkorculaisland.com\/wp-content\/uploads\/2023\/04\/restorani-300x167.jpg 300w, https:\/\/visitkorculaisland.com\/wp-content\/uploads\/2023\/04\/restorani-768x427.jpg 768w\" sizes=\"(max-width: 800px) 100vw, 800px\" \/>\t\t\t\t\t\t\t\t\t\t\t<figcaption class=\"widget-image-caption wp-caption-text\"><\/figcaption>\n\t\t\t\t\t\t\t\t\t\t<\/figure>\n\t\t\t\t\t\t\t\t\t<\/div>\n\t\t\t\t<\/div>\n\t\t\t\t<div class=\"elementor-element elementor-element-0208800 elementor-invisible elementor-widget elementor-widget-text-editor\" data-id=\"0208800\" data-element_type=\"widget\" data-settings=\"{&quot;_animation&quot;:&quot;slideInUp&quot;}\" data-widget_type=\"text-editor.default\">\n\t\t\t\t<div class=\"elementor-widget-container\">\n\t\t\t\t\t\t\t\t\t<p>Thanks to the quality, seasonal local ingredients, the abundance of seafood, and excellent wines, the island of Kor\u010dula also attracts lovers of gastronomy. Dishes with \u017drnov macaroons, Kor\u010dula pa\u0161ticada with homemade gnocchi, seafood risotto, brodet and other local fish and meat dishes are unavoidable.\u00a0<\/p><p>The tastiest bites are seasoned with Kor\u010dula olive oil, the top quality of which is confirmed by the prestigious Protected Designation of Origin and Protected Designation of Geographical Origin at the level of the European Union since 2016. Olive oil tasting rooms are certainly the right choice for devotees of a healthy lifestyle.\u00a0\u00a0<\/p>\t\t\t\t\t\t\t\t<\/div>\n\t\t\t\t<\/div>\n\t\t\t\t<div class=\"elementor-element elementor-element-d39426a elementor-invisible elementor-widget elementor-widget-image\" data-id=\"d39426a\" data-element_type=\"widget\" data-settings=\"{&quot;_animation&quot;:&quot;slideInUp&quot;}\" data-widget_type=\"image.default\">\n\t\t\t\t<div class=\"elementor-widget-container\">\n\t\t\t\t\t\t\t\t\t\t\t\t<figure class=\"wp-caption\">\n\t\t\t\t\t\t\t\t\t\t<img decoding=\"async\" width=\"768\" height=\"511\" data-src=\"https:\/\/visitkorculaisland.com\/wp-content\/uploads\/2023\/04\/outdoor-gastro-wine-37-768x511.jpg\" class=\"attachment-medium_large size-medium_large wp-image-371 lazyload\" alt=\"\" data-srcset=\"https:\/\/visitkorculaisland.com\/wp-content\/uploads\/2023\/04\/outdoor-gastro-wine-37-768x511.jpg 768w, https:\/\/visitkorculaisland.com\/wp-content\/uploads\/2023\/04\/outdoor-gastro-wine-37-300x200.jpg 300w, https:\/\/visitkorculaisland.com\/wp-content\/uploads\/2023\/04\/outdoor-gastro-wine-37-1024x681.jpg 1024w, https:\/\/visitkorculaisland.com\/wp-content\/uploads\/2023\/04\/outdoor-gastro-wine-37.jpg 1200w\" data-sizes=\"(max-width: 768px) 100vw, 768px\" src=\"data:image\/svg+xml;base64,PHN2ZyB3aWR0aD0iMSIgaGVpZ2h0PSIxIiB4bWxucz0iaHR0cDovL3d3dy53My5vcmcvMjAwMC9zdmciPjwvc3ZnPg==\" style=\"--smush-placeholder-width: 768px; --smush-placeholder-aspect-ratio: 768\/511;\" \/>\t\t\t\t\t\t\t\t\t\t\t<figcaption class=\"widget-image-caption wp-caption-text\">Sea food by Damir Pa\u010di\u0107<\/figcaption>\n\t\t\t\t\t\t\t\t\t\t<\/figure>\n\t\t\t\t\t\t\t\t\t<\/div>\n\t\t\t\t<\/div>\n\t\t\t\t<div class=\"elementor-element elementor-element-2451928 elementor-invisible elementor-widget elementor-widget-text-editor\" data-id=\"2451928\" data-element_type=\"widget\" data-settings=\"{&quot;_animation&quot;:&quot;slideInUp&quot;}\" data-widget_type=\"text-editor.default\">\n\t\t\t\t<div class=\"elementor-widget-container\">\n\t\t\t\t\t\t\t\t\t<p>Fertile fields, a mild climate and an abundance of seafood have created imaginative dishes from ingredients close at hand. At sunset, relax with a glass of top-quality wine of the autochthonous variety Po\u0161ip or Greek rukatac, which are ideally combined with traditional meat or seafood dishes.<\/p><p>Taste prosecco, a dessert wine that is traditionally produced in Dalmatia and on the islands from dried grapes of autochthonous varieties, as well as fragrant brandy made from herbs, carob and rose.<\/p><p>Don&#039;t miss tasting the traditional Kor\u010dula sweets that will win your hearts; klashuns, cucarinas, rosata, bru\u0161tulan almonds, arancina, cheeses, lumblia and lojenica.<\/p><p>You can find a list of products and their manufacturers here.<\/p><p>The list of restaurants can be found here.<\/p>\t\t\t\t\t\t\t\t<\/div>\n\t\t\t\t<\/div>\n\t\t\t\t<div class=\"elementor-element elementor-element-8f98c15 elementor-invisible elementor-widget elementor-widget-text-editor\" data-id=\"8f98c15\" data-element_type=\"widget\" data-settings=\"{&quot;_animation&quot;:&quot;slideInUp&quot;}\" data-widget_type=\"text-editor.default\">\n\t\t\t\t<div class=\"elementor-widget-container\">\n\t\t\t\t\t\t\t\t\t<p><span style=\"color: #00ccff;\"><a style=\"color: #00ccff;\" href=\"https:\/\/visitkorcula.eu\/en\/gastronomy\/\" target=\"_blank\" rel=\"noopener\">Kor\u010dula<\/a><\/span>\u00a0|\u00a0<a href=\"https:\/\/tzvelaluka.hr\/hr\/gastronomija-i-izleti\" target=\"_blank\" rel=\"noopener\"><span style=\"color: #00ccff;\">Vela Luka<\/span><\/a>\u00a0|\u00a0<span style=\"color: #00ccff;\"><a style=\"color: #00ccff;\" href=\"https:\/\/tzo-blato.hr\/gastronomija\/restorani-i-pizzerije-2\" target=\"_blank\" rel=\"noopener\">Blato<\/a><\/span>\u00a0|\u00a0<span style=\"color: #00ccff;\"><a style=\"color: #00ccff;\" href=\"https:\/\/www.visitlumbarda.com\/restaurants\/\" target=\"_blank\" rel=\"noopener\">Lumbarda<\/a><\/span>\u00a0|\u00a0<span style=\"color: #00ccff;\"><a style=\"color: #00ccff;\" href=\"https:\/\/www.brna.hr\/?q=content\/gastronomy\" target=\"_blank\" rel=\"noopener\">Smokvica<\/a><\/span><\/p>\t\t\t\t\t\t\t\t<\/div>\n\t\t\t\t<\/div>\n\t\t\t\t<section class=\"elementor-section elementor-inner-section elementor-element elementor-element-142f4b4 elementor-section-boxed elementor-section-height-default elementor-section-height-default elementor-invisible\" data-id=\"142f4b4\" data-element_type=\"section\" data-settings=\"{&quot;animation&quot;:&quot;slideInUp&quot;}\">\n\t\t\t\t\t\t<div class=\"elementor-container elementor-column-gap-default\">\n\t\t\t\t\t<div class=\"elementor-column elementor-col-50 elementor-inner-column elementor-element elementor-element-0f967d4\" data-id=\"0f967d4\" data-element_type=\"column\">\n\t\t\t<div class=\"elementor-widget-wrap elementor-element-populated\">\n\t\t\t\t\t\t<div class=\"elementor-element elementor-element-be723de elementor-widget elementor-widget-image\" data-id=\"be723de\" data-element_type=\"widget\" data-widget_type=\"image.default\">\n\t\t\t\t<div class=\"elementor-widget-container\">\n\t\t\t\t\t\t\t\t\t\t\t\t<figure class=\"wp-caption\">\n\t\t\t\t\t\t\t\t\t\t<img decoding=\"async\" width=\"683\" height=\"1024\" data-src=\"https:\/\/visitkorculaisland.com\/wp-content\/uploads\/2023\/04\/MG_2829-scaled-1-683x1024.jpg\" class=\"attachment-large size-large wp-image-372 lazyload\" alt=\"\" data-srcset=\"https:\/\/visitkorculaisland.com\/wp-content\/uploads\/2023\/04\/MG_2829-scaled-1-683x1024.jpg 683w, https:\/\/visitkorculaisland.com\/wp-content\/uploads\/2023\/04\/MG_2829-scaled-1-200x300.jpg 200w, https:\/\/visitkorculaisland.com\/wp-content\/uploads\/2023\/04\/MG_2829-scaled-1-768x1152.jpg 768w, https:\/\/visitkorculaisland.com\/wp-content\/uploads\/2023\/04\/MG_2829-scaled-1-1024x1536.jpg 1024w, https:\/\/visitkorculaisland.com\/wp-content\/uploads\/2023\/04\/MG_2829-scaled-1-1366x2048.jpg 1366w, https:\/\/visitkorculaisland.com\/wp-content\/uploads\/2023\/04\/MG_2829-scaled-1.jpg 1707w\" data-sizes=\"(max-width: 683px) 100vw, 683px\" src=\"data:image\/svg+xml;base64,PHN2ZyB3aWR0aD0iMSIgaGVpZ2h0PSIxIiB4bWxucz0iaHR0cDovL3d3dy53My5vcmcvMjAwMC9zdmciPjwvc3ZnPg==\" style=\"--smush-placeholder-width: 683px; --smush-placeholder-aspect-ratio: 683\/1024;\" \/>\t\t\t\t\t\t\t\t\t\t\t<figcaption class=\"widget-image-caption wp-caption-text\">Photo by Dea Botica\n<\/figcaption>\n\t\t\t\t\t\t\t\t\t\t<\/figure>\n\t\t\t\t\t\t\t\t\t<\/div>\n\t\t\t\t<\/div>\n\t\t\t\t\t<\/div>\n\t\t<\/div>\n\t\t\t\t<div class=\"elementor-column elementor-col-50 elementor-inner-column elementor-element elementor-element-f8ec284\" data-id=\"f8ec284\" data-element_type=\"column\">\n\t\t\t<div class=\"elementor-widget-wrap elementor-element-populated\">\n\t\t\t\t\t\t<div class=\"elementor-element elementor-element-2ebb1b7 elementor-widget elementor-widget-image\" data-id=\"2ebb1b7\" data-element_type=\"widget\" data-widget_type=\"image.default\">\n\t\t\t\t<div class=\"elementor-widget-container\">\n\t\t\t\t\t\t\t\t\t\t\t\t<figure class=\"wp-caption\">\n\t\t\t\t\t\t\t\t\t\t<img decoding=\"async\" width=\"682\" height=\"1024\" data-src=\"https:\/\/visitkorculaisland.com\/wp-content\/uploads\/2023\/04\/MG_2218-scaled-1-682x1024.jpg\" class=\"attachment-large size-large wp-image-344 lazyload\" alt=\"\" data-srcset=\"https:\/\/visitkorculaisland.com\/wp-content\/uploads\/2023\/04\/MG_2218-scaled-1-682x1024.jpg 682w, https:\/\/visitkorculaisland.com\/wp-content\/uploads\/2023\/04\/MG_2218-scaled-1-200x300.jpg 200w, https:\/\/visitkorculaisland.com\/wp-content\/uploads\/2023\/04\/MG_2218-scaled-1-768x1152.jpg 768w, https:\/\/visitkorculaisland.com\/wp-content\/uploads\/2023\/04\/MG_2218-scaled-1-1024x1536.jpg 1024w, https:\/\/visitkorculaisland.com\/wp-content\/uploads\/2023\/04\/MG_2218-scaled-1-1365x2048.jpg 1365w, https:\/\/visitkorculaisland.com\/wp-content\/uploads\/2023\/04\/MG_2218-scaled-1.jpg 1706w\" data-sizes=\"(max-width: 682px) 100vw, 682px\" src=\"data:image\/svg+xml;base64,PHN2ZyB3aWR0aD0iMSIgaGVpZ2h0PSIxIiB4bWxucz0iaHR0cDovL3d3dy53My5vcmcvMjAwMC9zdmciPjwvc3ZnPg==\" style=\"--smush-placeholder-width: 682px; --smush-placeholder-aspect-ratio: 682\/1024;\" \/>\t\t\t\t\t\t\t\t\t\t\t<figcaption class=\"widget-image-caption wp-caption-text\">Photo by Dea Botica\n<\/figcaption>\n\t\t\t\t\t\t\t\t\t\t<\/figure>\n\t\t\t\t\t\t\t\t\t<\/div>\n\t\t\t\t<\/div>\n\t\t\t\t\t<\/div>\n\t\t<\/div>\n\t\t\t\t\t<\/div>\n\t\t<\/section>\n\t\t\t\t\t<\/div>\n\t\t<\/div>\n\t\t\t\t\t<\/div>\n\t\t<\/section>\n\t\t\t\t<\/div>","protected":false},"excerpt":{"rendered":"<p>RESTORANI Zahvaljuju\u0107i kvalitetnim, sezonskim lokalnim namirnicama, obilju polodova mora, vrhunskim vinima otok Kor\u010dula privla\u010di i ljubitelje gastronomije. Nezaobilazna su jela sa \u017ernovskim makarunima, kor\u010dulanska pa\u0161ticada s doma\u0107im njokama, ri\u017eot s plodovima mora, brodet i druga doma\u0107a riblja i mesna jela.\u00a0 Najukusniji zalogaji za\u010dinjeni su kor\u010dulanskim maslinovim uljem \u010diju vrhunsku kvalitetu potvr\u0111uje presti\u017ena za\u0161ti\u0107ena oznaka izvornosti [&hellip;]<\/p>\n","protected":false},"author":1,"featured_media":0,"parent":0,"menu_order":0,"comment_status":"closed","ping_status":"closed","template":"elementor_header_footer","meta":{"footnotes":""},"class_list":["post-80","page","type-page","status-publish","hentry"],"_links":{"self":[{"href":"https:\/\/visitkorculaisland.com\/en\/wp-json\/wp\/v2\/pages\/80","targetHints":{"allow":["GET"]}}],"collection":[{"href":"https:\/\/visitkorculaisland.com\/en\/wp-json\/wp\/v2\/pages"}],"about":[{"href":"https:\/\/visitkorculaisland.com\/en\/wp-json\/wp\/v2\/types\/page"}],"author":[{"embeddable":true,"href":"https:\/\/visitkorculaisland.com\/en\/wp-json\/wp\/v2\/users\/1"}],"replies":[{"embeddable":true,"href":"https:\/\/visitkorculaisland.com\/en\/wp-json\/wp\/v2\/comments?post=80"}],"version-history":[{"count":7,"href":"https:\/\/visitkorculaisland.com\/en\/wp-json\/wp\/v2\/pages\/80\/revisions"}],"predecessor-version":[{"id":4309,"href":"https:\/\/visitkorculaisland.com\/en\/wp-json\/wp\/v2\/pages\/80\/revisions\/4309"}],"wp:attachment":[{"href":"https:\/\/visitkorculaisland.com\/en\/wp-json\/wp\/v2\/media?parent=80"}],"curies":[{"name":"wp","href":"https:\/\/api.w.org\/{rel}","templated":true}]}}