{"id":109,"date":"2023-04-05T12:31:00","date_gmt":"2023-04-05T11:31:00","guid":{"rendered":"https:\/\/visitkorculaisland.com\/?page_id=109"},"modified":"2024-10-23T12:55:44","modified_gmt":"2024-10-23T10:55:44","slug":"how-to-get-to-the-island","status":"publish","type":"page","link":"https:\/\/visitkorculaisland.com\/en\/how-to-get-to-the-island\/","title":{"rendered":"HOW TO GET TO THE ISLAND?"},"content":{"rendered":"<h1>HOW TO GET TO THE ISLAND?<\/h1>\n<h2>BY SHIP<\/h2>\n<p>Sailing schedule for ferries, catamarans and ships from Split, Orebi\u0107 and Dubrovnik. Jadrolinija will take you to the beautiful island of Kor\u010dula, safely, comfortably and on time. It offers you an unforgettable travel experience with the taste of the sea and the experience of the most beautiful coastal and island landscapes.<br \/>The &#039;Captain Luka&#039; fleet consists of fast ships with seating capacities between 180-396.<\/p>\n<p style=\"text-align: center;\" align=\"justify\"><a style=\"color: #00ccff;\" href=\"http:\/\/jadrolinija.hr\/\" target=\"_blank\" rel=\"noopener\">Sailing line<\/a>\u00a0\/\u00a0<a style=\"color: #00ccff;\" href=\"http:\/\/krilo.hr\/\" target=\"_blank\" rel=\"noopener\">MB Captain Luka<\/a>\u00a0\/\u00a0<a style=\"color: #00ccff;\" href=\"http:\/\/agencija-zolpp.hr\/\" target=\"_blank\" rel=\"noopener\">KTD Bilan<\/a>\u00a0\/\u00a0<a style=\"color: #00ccff;\" href=\"https:\/\/gv-zadar.hr\/linija\/drzavna-brodska-linija-br-614-orebic-peljesac-korcula-i-obratno\/\" target=\"_blank\" rel=\"noopener\">G&amp;V Line\u00a0<\/a>\u00a0\/ <a href=\"https:\/\/www.tp-line.hr\/hr\/red-plovidbe\" target=\"_blank\" rel=\"noopener\">TP Line<\/a><\/p>\n<p style=\"text-align: center;\" align=\"justify\">You can read more information <a href=\"https:\/\/www.visitkorcula.eu\/cro\/dolazak-brodom.html\" target=\"_blank\" rel=\"noopener\">here<\/a>.<\/p>\n<figure>\n\t\t\t\t\t\t\t\t\t\t<img decoding=\"async\" width=\"570\" height=\"355\" data-src=\"http:\/\/visitkorculaisland.com\/wp-content\/uploads\/2023\/04\/Kako-doci-brodom.jpg\" alt=\"\" data-srcset=\"https:\/\/visitkorculaisland.com\/wp-content\/uploads\/2023\/04\/Kako-doci-brodom.jpg 570w, https:\/\/visitkorculaisland.com\/wp-content\/uploads\/2023\/04\/Kako-doci-brodom-300x187.jpg 300w\" data-sizes=\"auto, (max-width: 570px) 100vw, 570px\" src=\"data:image\/svg+xml;base64,PHN2ZyB3aWR0aD0iMSIgaGVpZ2h0PSIxIiB4bWxucz0iaHR0cDovL3d3dy53My5vcmcvMjAwMC9zdmciPjwvc3ZnPg==\" class=\"lazyload\" style=\"--smush-placeholder-width: 570px; --smush-placeholder-aspect-ratio: 570\/355;\" \/><figcaption><\/figcaption><\/figure>\n<h2>BY CAR<\/h2>\n<p>1 \u2013 Eastern waterfront<\/p>\n<p>2 \u2013 Parking Ex Liburna<\/p>\n<p>3 \u2013 Parking meter Tommy<\/p>\n<p>4 \u2013 Garage<\/p>\n<p>ASSISTANCE ON THE ROAD -\u00a0<a style=\"color: #00ccff;\" href=\"http:\/\/www.hak.hr\/\" target=\"_blank\" rel=\"noopener\">Croatian Auto Club (HAK)<\/a><\/p>\n<p>e-mail:\u00a0<a style=\"color: #00ccff;\" href=\"mailto:1987@hak.hr?subject=visitor%20visitkorcula.eu\" target=\"_blank\" rel=\"noopener\">1987@hak.hr\u00a0<\/a><\/p>\n<p>You can read more information <a href=\"https:\/\/www.visitkorcula.eu\/cro\/dolazak-automobilom.html\" target=\"_blank\" rel=\"noopener\">here<\/a>.<\/p>\n<figure>\n\t\t\t\t\t\t\t\t\t\t<img decoding=\"async\" width=\"800\" height=\"483\" data-src=\"http:\/\/visitkorculaisland.com\/wp-content\/uploads\/2023\/04\/Korcula_Parking-1024x618.png\" alt=\"\" data-srcset=\"https:\/\/visitkorculaisland.com\/wp-content\/uploads\/2023\/04\/Korcula_Parking-1024x618.png 1024w, https:\/\/visitkorculaisland.com\/wp-content\/uploads\/2023\/04\/Korcula_Parking-300x181.png 300w, https:\/\/visitkorculaisland.com\/wp-content\/uploads\/2023\/04\/Korcula_Parking-768x464.png 768w, https:\/\/visitkorculaisland.com\/wp-content\/uploads\/2023\/04\/Korcula_Parking.png 1070w\" data-sizes=\"auto, (max-width: 800px) 100vw, 800px\" src=\"data:image\/svg+xml;base64,PHN2ZyB3aWR0aD0iMSIgaGVpZ2h0PSIxIiB4bWxucz0iaHR0cDovL3d3dy53My5vcmcvMjAwMC9zdmciPjwvc3ZnPg==\" class=\"lazyload\" style=\"--smush-placeholder-width: 800px; --smush-placeholder-aspect-ratio: 800\/483;\" \/><figcaption><\/figcaption><\/figure>\n<h2>BY BUS<\/h2>\n<p><a style=\"color: #00ccff;\" href=\"http:\/\/www.korkyra.info\/\" target=\"_blank\" rel=\"noopener\">KORKYRA TRANSFERS<\/a><br \/>e-mail: info@korkyra.info<br \/>Transfers\/Shuttle bus\/Tours\/Excursions<\/p>\n<p><a style=\"color: #00ccff;\" href=\"https:\/\/www.arriva.com.hr\/en-us\/\" target=\"_blank\" rel=\"noopener\">ARRIVA KORCULA\u00a0<\/a>\u00a0<br \/>e-mail: info@arriva.com.hr<br \/>Ticket office Kor\u010dula<\/p>\n<p>You can read more information <a href=\"https:\/\/www.visitkorcula.eu\/cro\/dolazak-autobusom.html\" target=\"_blank\" rel=\"noopener\">here<\/a>.<\/p>\n<figure>\n\t\t\t\t\t\t\t\t\t\t<img decoding=\"async\" width=\"500\" height=\"250\" data-src=\"http:\/\/visitkorculaisland.com\/wp-content\/uploads\/2023\/04\/Arriva-bus-korcula.jpg\" alt=\"\" data-srcset=\"https:\/\/visitkorculaisland.com\/wp-content\/uploads\/2023\/04\/Arriva-bus-korcula.jpg 500w, https:\/\/visitkorculaisland.com\/wp-content\/uploads\/2023\/04\/Arriva-bus-korcula-300x150.jpg 300w\" data-sizes=\"auto, (max-width: 500px) 100vw, 500px\" src=\"data:image\/svg+xml;base64,PHN2ZyB3aWR0aD0iMSIgaGVpZ2h0PSIxIiB4bWxucz0iaHR0cDovL3d3dy53My5vcmcvMjAwMC9zdmciPjwvc3ZnPg==\" class=\"lazyload\" style=\"--smush-placeholder-width: 500px; --smush-placeholder-aspect-ratio: 500\/250;\" \/><figcaption><\/figcaption><\/figure>\n<h2>BY AIRPLANE<\/h2>\n<p>\t\t\t\t\t\t\t\t\t\t\t\t<a href=\"\">CROATIA AIRLINES<\/a><\/p>\n<p>From 24.06<br \/>Split - Frankfurt - twice a week (Wednesday - Saturday)<br \/>From 26.06<br \/>Split - Munich - twice a week (Friday - Saturday)<br \/>Split - Zurich - twice a week (Friday - Saturday)<br \/>From 27.06<br \/>Split - Dusseldorf - once a week (Saturday)<br \/>Split - Berlin - once a week (Saturday)<\/p>\n<p>\t\t\t\t\t\t\t\t\t\t\t\t<a href=\"\">SMART WINGS<\/a><\/p>\n<p>From 10.06<br \/>Prague - Split - twice a week (Wednesday - Saturday)<br \/>From 17.06 - three times a week (Monday - Wednesday - Saturday)<br \/>From June 24 - every day<br \/>From 18.06<br \/>Katowice - Split - once a week (Thursday)<br \/>Warsaw - Split - once a week (Thursday)<\/p>\n<p>\t\t\t\t\t\t\t\t\t\t\t\t<a href=\"\">TUI<\/a><\/p>\n<p>From 20.06<br \/>Brussels - Dubrovnik - twice a week (Wednesday - Saturday)<br \/>From 10.07<br \/>Antwerp - Split - twice a week (Monday - Friday)<\/p>\n<p>\t\t\t\t\t\t\t\t\t\t\t\t<a href=\"\">SEDGE<\/a><\/p>\n<p>From 20.06<br \/>Copenhagen - Split - twice a week (Wednesday - Saturday)<br \/>Oslo - Split - once a week (Saturday)<\/p>\n<p>\t\t\t\t\t\t\t\t\t\t\t\t<a href=\"\">AIR BALTIC<\/a><\/p>\n<p>From 17.06<br \/>Riga - Dubrovnik - twice a week (Monday - Thursday)<br \/>From 22.06<br \/>Riga - Split - once a week (Wednesday)<br \/>From 03.07<br \/>Riga - Split - twice a week<\/p>\n<p>\t\t\t\t\t\t\t\t\t\t\t\t<a href=\"\">LUFTHANSA<\/a><\/p>\n<p>From 20.06<br \/>Munich - Dubrovnik - once a week (Saturday)<br \/>Munich - Split - once a week (Saturday)<br \/>From 27.06<br \/>Frankfurt - Split - once a week (Saturday)<\/p>\n<p>\t\t\t\t\t\t\t\t\t\t\t\t<a href=\"\">BRUSSELS AIRLINES<\/a><\/p>\n<p>From 27.06<br \/>Brussels - Dubrovnik - twice a week (Tuesday - Sunday)<\/p>\n<p>Civil airports \/ HACZ \u2013\u00a0<a style=\"color: #00ccff;\" title=\"Croatian Civil Aviation Agency\" href=\"http:\/\/www.ccaa.hr\/english\/naslovnica_1\/\" target=\"_blank\" rel=\"noopener\">www.ccaa.hr<\/a><\/p>\n<p><a style=\"color: #00ccff;\" title=\"Brac Airport\" href=\"https:\/\/www.airport-brac.hr\/en\/\" target=\"_blank\" rel=\"noopener\">Brac<\/a>\u00a0::\u00a0<a style=\"color: #00ccff;\" title=\"Dubrovnik Airport\" href=\"https:\/\/www.airport-dubrovnik.hr\/index.php\/en\/\" target=\"_blank\" rel=\"noopener\">Dubrovnik<\/a>\u00a0::\u00a0<a style=\"color: #00ccff;\" title=\"Mali Lo\u0161inj Airport\" href=\"https:\/\/www.airportmalilosinj.hr\/\" target=\"_blank\" rel=\"noopener\">Mali Lo\u0161inj<\/a>\u00a0::\u00a0<a style=\"color: #00ccff;\" title=\"Osijek Airport\" href=\"http:\/\/www.osijek-airport.hr\/\" target=\"_blank\" rel=\"noopener\">Osijek<\/a><br \/><a style=\"color: #00ccff;\" title=\"Pula Airport\" href=\"https:\/\/airport-pula.hr\/en\/\" target=\"_blank\" rel=\"noopener\">Pula<\/a>\u00a0::\u00a0<a style=\"color: #00ccff;\" title=\"Rijeka Airport\" href=\"http:\/\/rijeka-airport.hr\/\" target=\"_blank\" rel=\"noopener\">River<\/a>\u00a0::\u00a0<a style=\"color: #00ccff;\" title=\"Split Airport\" href=\"http:\/\/www.split-airport.hr\/index.php?lang=en\" target=\"_blank\" rel=\"noopener\">Split<\/a>\u00a0::\u00a0<a style=\"color: #00ccff;\" title=\"Zadar Airport\" href=\"https:\/\/www.zadar-airport.hr\/\" target=\"_blank\" rel=\"noopener\">Zadar<\/a><br \/><a title=\"Franjo Tu\u0111man Zagreb Airport\" href=\"http:\/\/www.zagreb-airport.hr\/en\" target=\"_blank\" rel=\"noopener\">MZL Franjo Tu\u0111man Zagreb<\/a><\/p>\n<p>You can read more information <a href=\"https:\/\/www.visitkorcula.eu\/cro\/dolazak-zrakoplovom.html\" target=\"_blank\" rel=\"noopener\">here<\/a>.<\/p>\n<figure>\n\t\t\t\t\t\t\t\t\t\t<img decoding=\"async\" width=\"500\" height=\"250\" data-src=\"http:\/\/visitkorculaisland.com\/wp-content\/uploads\/2023\/04\/Zracna-luka-Dubrovnik.jpg\" alt=\"\" data-srcset=\"https:\/\/visitkorculaisland.com\/wp-content\/uploads\/2023\/04\/Zracna-luka-Dubrovnik.jpg 500w, https:\/\/visitkorculaisland.com\/wp-content\/uploads\/2023\/04\/Zracna-luka-Dubrovnik-300x150.jpg 300w\" data-sizes=\"auto, (max-width: 500px) 100vw, 500px\" src=\"data:image\/svg+xml;base64,PHN2ZyB3aWR0aD0iMSIgaGVpZ2h0PSIxIiB4bWxucz0iaHR0cDovL3d3dy53My5vcmcvMjAwMC9zdmciPjwvc3ZnPg==\" class=\"lazyload\" style=\"--smush-placeholder-width: 500px; --smush-placeholder-aspect-ratio: 500\/250;\" \/><figcaption><\/figcaption><\/figure>\n<figure>\n\t\t\t\t\t\t\t\t\t\t<img decoding=\"async\" width=\"500\" height=\"250\" data-src=\"http:\/\/visitkorculaisland.com\/wp-content\/uploads\/2023\/04\/Korcula-civil-airport.jpg\" alt=\"\" data-srcset=\"https:\/\/visitkorculaisland.com\/wp-content\/uploads\/2023\/04\/Korcula-civil-airport.jpg 500w, https:\/\/visitkorculaisland.com\/wp-content\/uploads\/2023\/04\/Korcula-civil-airport-300x150.jpg 300w\" data-sizes=\"auto, (max-width: 500px) 100vw, 500px\" src=\"data:image\/svg+xml;base64,PHN2ZyB3aWR0aD0iMSIgaGVpZ2h0PSIxIiB4bWxucz0iaHR0cDovL3d3dy53My5vcmcvMjAwMC9zdmciPjwvc3ZnPg==\" class=\"lazyload\" style=\"--smush-placeholder-width: 500px; --smush-placeholder-aspect-ratio: 500\/250;\" \/><figcaption><\/figcaption><\/figure>\n<h2>BY RAIL<\/h2>\n<p><a style=\"color: #00ccff;\" href=\"http:\/\/www.hzpp.hr\/\" target=\"_blank\" rel=\"noopener\">CROATIAN RAILWAYS<\/a><\/p>\n<p>The network of Croatian Railways (H\u017d) is centered around the capital Zagreb. The railway network acts as an intersection of routes from Europe from west to east and from north to south, which represents the shortest connection between central Europe and the Adriatic and the Mediterranean.<\/p>\n<figure>\n\t\t\t\t\t\t\t\t\t\t<img decoding=\"async\" width=\"400\" height=\"270\" data-src=\"http:\/\/visitkorculaisland.com\/wp-content\/uploads\/2023\/04\/HZ-KORCULA.jpg\" alt=\"\" data-srcset=\"https:\/\/visitkorculaisland.com\/wp-content\/uploads\/2023\/04\/HZ-KORCULA.jpg 400w, https:\/\/visitkorculaisland.com\/wp-content\/uploads\/2023\/04\/HZ-KORCULA-300x203.jpg 300w\" data-sizes=\"auto, (max-width: 400px) 100vw, 400px\" src=\"data:image\/svg+xml;base64,PHN2ZyB3aWR0aD0iMSIgaGVpZ2h0PSIxIiB4bWxucz0iaHR0cDovL3d3dy53My5vcmcvMjAwMC9zdmciPjwvc3ZnPg==\" class=\"lazyload\" style=\"--smush-placeholder-width: 400px; --smush-placeholder-aspect-ratio: 400\/270;\" \/><figcaption><\/figcaption><\/figure>","protected":false},"excerpt":{"rendered":"<p>KAKO DO\u0106I DO OTOKA? BRODOM Plovidbeni red za trajekte, katamarane i brodove iz Splita, Orebi\u0107a i Dubrovnika. Jadrolinija \u0107e vas odvesti do prekrasnog otoka Kor\u010dula, sigurno, udobno i na vrijeme. Nudi vam nezaboravan do\u017eivljaj putovanja s okusom mora i do\u017eivljajem najljep\u0161ih obalnih i oto\u010dkih krajolika.Flota \u2018Kapetan Luka\u2019 se sastoji od brzih brodova sa sjedi\u0161nim kapacitetima [&hellip;]<\/p>\n","protected":false},"author":1,"featured_media":0,"parent":0,"menu_order":0,"comment_status":"closed","ping_status":"closed","template":"elementor_header_footer","meta":{"footnotes":""},"class_list":["post-109","page","type-page","status-publish","hentry"],"_links":{"self":[{"href":"https:\/\/visitkorculaisland.com\/en\/wp-json\/wp\/v2\/pages\/109","targetHints":{"allow":["GET"]}}],"collection":[{"href":"https:\/\/visitkorculaisland.com\/en\/wp-json\/wp\/v2\/pages"}],"about":[{"href":"https:\/\/visitkorculaisland.com\/en\/wp-json\/wp\/v2\/types\/page"}],"author":[{"embeddable":true,"href":"https:\/\/visitkorculaisland.com\/en\/wp-json\/wp\/v2\/users\/1"}],"replies":[{"embeddable":true,"href":"https:\/\/visitkorculaisland.com\/en\/wp-json\/wp\/v2\/comments?post=109"}],"version-history":[{"count":0,"href":"https:\/\/visitkorculaisland.com\/en\/wp-json\/wp\/v2\/pages\/109\/revisions"}],"wp:attachment":[{"href":"https:\/\/visitkorculaisland.com\/en\/wp-json\/wp\/v2\/media?parent=109"}],"curies":[{"name":"wp","href":"https:\/\/api.w.org\/{rel}","templated":true}]}}