{"id":98,"date":"2023-04-05T12:27:44","date_gmt":"2023-04-05T11:27:44","guid":{"rendered":"https:\/\/visitkorculaisland.com\/?page_id=98"},"modified":"2024-12-09T12:39:46","modified_gmt":"2024-12-09T11:39:46","slug":"nautisch","status":"publish","type":"page","link":"https:\/\/visitkorculaisland.com\/de\/nautika\/","title":{"rendered":"NAUTISCH"},"content":{"rendered":"<div data-elementor-type=\"wp-page\" data-elementor-id=\"98\" class=\"elementor elementor-98\" data-elementor-post-type=\"page\">\n\t\t\t\t\t\t<section class=\"elementor-section elementor-top-section elementor-element elementor-element-6955089 elementor-section-boxed elementor-section-height-default elementor-section-height-default\" data-id=\"6955089\" data-element_type=\"section\" data-e-type=\"section\">\n\t\t\t\t\t\t<div class=\"elementor-container elementor-column-gap-default\">\n\t\t\t\t\t<div class=\"elementor-column elementor-col-100 elementor-top-column elementor-element elementor-element-5d362b7\" data-id=\"5d362b7\" data-element_type=\"column\" data-e-type=\"column\">\n\t\t\t<div class=\"elementor-widget-wrap elementor-element-populated\">\n\t\t\t\t\t\t<div class=\"elementor-element elementor-element-96b61bb elementor-widget elementor-widget-heading\" data-id=\"96b61bb\" data-element_type=\"widget\" data-e-type=\"widget\" data-widget_type=\"heading.default\">\n\t\t\t\t<div class=\"elementor-widget-container\">\n\t\t\t\t\t<h1 class=\"elementor-heading-title elementor-size-default\">NAUTISCH<\/h1>\t\t\t\t<\/div>\n\t\t\t\t<\/div>\n\t\t\t\t<section class=\"elementor-section elementor-inner-section elementor-element elementor-element-083f4e7 elementor-section-boxed elementor-section-height-default elementor-section-height-default\" data-id=\"083f4e7\" data-element_type=\"section\" data-e-type=\"section\">\n\t\t\t\t\t\t<div class=\"elementor-container elementor-column-gap-default\">\n\t\t\t\t\t<div class=\"elementor-column elementor-col-50 elementor-inner-column elementor-element elementor-element-7ef4f3c\" data-id=\"7ef4f3c\" data-element_type=\"column\" data-e-type=\"column\">\n\t\t\t<div class=\"elementor-widget-wrap elementor-element-populated\">\n\t\t\t\t\t\t<div class=\"elementor-element elementor-element-0502615 elementor-invisible elementor-widget elementor-widget-text-editor\" data-id=\"0502615\" data-element_type=\"widget\" data-e-type=\"widget\" data-settings=\"{&quot;_animation&quot;:&quot;slideInUp&quot;}\" data-widget_type=\"text-editor.default\">\n\t\t\t\t<div class=\"elementor-widget-container\">\n\t\t\t\t\t\t\t\t\t<p><strong>ACI Marina Kor\u010dula<\/strong><\/p><p>+385 20 711 661<\/p><p><span style=\"color: #00ccff;\"><a style=\"color: #00ccff;\" href=\"mailto:m.korcula@aci-club.hr\">m.korcula@aci-club.hr<\/a><\/span><\/p><p><span style=\"color: #00ccff;\"><a style=\"color: #00ccff;\" href=\"http:\/\/www.aci-marinas.com\" target=\"_blank\" rel=\"noopener\">www.aci-marinas.com<\/a><\/span><\/p><p><strong>Marina Korkyra<\/strong><br \/>+385 91 141 4700, +385 20 414 700<br \/><a href=\"mailto:info@marina-korkyra.com\"><span style=\"color: #00ccff;\">info@marina-korkyra.com<\/span><\/a><br \/><a href=\"http:\/\/www.marina-korkyra.com\" target=\"_blank\" rel=\"noopener\"><span style=\"color: #00ccff;\">www.marina-korkyra.com<\/span><\/a><\/p><p>Segeln Sie entlang der Marco-Polo-Route nach Korcula, der Insel der wei\u00dfen Steine, des erstklassigen Wei\u00dfweins, des ber\u00fchmtesten Oliven\u00f6ls der Insel und der duftenden W\u00e4lder. Erleben Sie die Ruhe des Tages oder wachen Sie in der t\u00fcrkisblauen Lagune mit Blick auf das Franziskanerkloster aus dem 14. Jahrhundert inmitten der bewaldeten Vegetation der Insel Badija auf.<\/p><p>Sie bieten Bootsfahrern hervorragende Dienstleistungen<span style=\"color: #00ccff;\">\u00a0<a style=\"color: #00ccff;\" href=\"https:\/\/aci-marinas.com\/hr\/marina\/aci-korcula\/\" target=\"_blank\" rel=\"noopener\">ACI-Marina Kor\u010dula<\/a>,\u00a0<a style=\"color: #00ccff;\" href=\"https:\/\/www.marina-korkyra.com\/\" target=\"_blank\" rel=\"noopener\">Yachthafen Korkyra Vela Luka<\/a><\/span>\u00a0und den Hafen von Lumbarda sowie zahlreiche Ankerbuchten auf der Insel zum Entspannen und Ausruhen.<\/p><p><strong>LD-Palast<\/strong><\/p><p><span style=\"color: #00ccff;\"><a style=\"color: #00ccff;\" href=\"https:\/\/www.ldpalace.com\/sea-adventures-\" target=\"_blank\" rel=\"noopener\">https:\/\/www.ldpalace.com\/sea-adventures-<\/a><\/span><\/p><p><strong>Oreb-Club<\/strong><\/p><p><span style=\"color: #00ccff;\">https:\/\/www.oreb-sailing.com\/<\/span><\/p><p><strong>nutze den Tag<\/strong><\/p><p><span style=\"color: #00ccff;\">www.carpediemcruising.com<\/span><\/p><p><span style=\"color: #00ccff;\"><a style=\"color: #00ccff;\" href=\"mailto:cdc@carpediemcrusing.com\">cdc@carpediemcrusing.com<\/a><\/span><\/p><p><strong>Hafenbeh\u00f6rde des Kreises Kor\u010dula<\/strong><\/p><p>Trg kralja Tomislava 24, 20260 Kor\u010dula<\/p><p><span style=\"color: #00ccff;\">+385 20 715 241<\/span><\/p><p><a href=\"mailto:zlu.korcula@hi.t-com.hr\"><span style=\"color: #00ccff;\">zlu.korcula@hi.t-com.hr<\/span><\/a><\/p><p><span style=\"color: #00ccff;\">www.portkorcula.eu<\/span><\/p><p><strong>Hafenbeh\u00f6rde des Kreises Vela Luka<\/strong><\/p><p>+385 20 813 520<\/p><p><span style=\"color: #00ccff;\">info@zluvl.hr<\/span><\/p><p><strong>Hafenbeh\u00f6rde, Zweigstelle Kor\u010dula<\/strong><\/p><p>Obala Franje Tu\u0111mana 1, 20260 Kor\u010dula<\/p><p>+385 20 711 178<\/p><p><a href=\"mailto:li-korcula@pomorstvo.hr\"><span style=\"color: #00ccff;\">li-korcula@pomorstvo.hr<\/span><\/a><\/p><p><strong>Hafenbeh\u00f6rde, Zweigstelle Vela Luka<\/strong><\/p><p>+385 20 812 023<\/p><p><a href=\"mailto:li-velaluka@pomorstvo.hr\"><span style=\"color: #00ccff;\">li-velaluka@pomorstvo.hr<\/span><\/a><\/p>\t\t\t\t\t\t\t\t<\/div>\n\t\t\t\t<\/div>\n\t\t\t\t\t<\/div>\n\t\t<\/div>\n\t\t\t\t<div class=\"elementor-column elementor-col-50 elementor-inner-column elementor-element elementor-element-1e4154c\" data-id=\"1e4154c\" data-element_type=\"column\" data-e-type=\"column\">\n\t\t\t<div class=\"elementor-widget-wrap elementor-element-populated\">\n\t\t\t\t\t\t<div class=\"elementor-element elementor-element-f7990fc elementor-invisible elementor-widget elementor-widget-image\" data-id=\"f7990fc\" data-element_type=\"widget\" data-e-type=\"widget\" data-settings=\"{&quot;_animation&quot;:&quot;slideInUp&quot;}\" data-widget_type=\"image.default\">\n\t\t\t\t<div class=\"elementor-widget-container\">\n\t\t\t\t\t\t\t\t\t\t\t\t<figure class=\"wp-caption\">\n\t\t\t\t\t\t\t\t\t\t<img fetchpriority=\"high\" decoding=\"async\" width=\"1440\" height=\"810\" src=\"https:\/\/visitkorculaisland.com\/wp-content\/uploads\/2023\/04\/vlcsnap-2016-09-23-09h02m07s134-e1681383819897.png\" class=\"attachment-full size-full wp-image-415\" alt=\"\" srcset=\"https:\/\/visitkorculaisland.com\/wp-content\/uploads\/2023\/04\/vlcsnap-2016-09-23-09h02m07s134-e1681383819897.png 1440w, https:\/\/visitkorculaisland.com\/wp-content\/uploads\/2023\/04\/vlcsnap-2016-09-23-09h02m07s134-e1681383819897-300x169.png 300w, https:\/\/visitkorculaisland.com\/wp-content\/uploads\/2023\/04\/vlcsnap-2016-09-23-09h02m07s134-e1681383819897-1024x576.png 1024w, https:\/\/visitkorculaisland.com\/wp-content\/uploads\/2023\/04\/vlcsnap-2016-09-23-09h02m07s134-e1681383819897-768x432.png 768w\" sizes=\"(max-width: 1440px) 100vw, 1440px\" \/>\t\t\t\t\t\t\t\t\t\t\t<figcaption class=\"widget-image-caption wp-caption-text\">ACI-Marina Kor\u010dula (Foto: MGO Media)<\/figcaption>\n\t\t\t\t\t\t\t\t\t\t<\/figure>\n\t\t\t\t\t\t\t\t\t<\/div>\n\t\t\t\t<\/div>\n\t\t\t\t<div class=\"elementor-element elementor-element-f7616bc elementor-invisible elementor-widget elementor-widget-image\" data-id=\"f7616bc\" data-element_type=\"widget\" data-e-type=\"widget\" data-settings=\"{&quot;_animation&quot;:&quot;slideInUp&quot;}\" data-widget_type=\"image.default\">\n\t\t\t\t<div class=\"elementor-widget-container\">\n\t\t\t\t\t\t\t\t\t\t\t\t<figure class=\"wp-caption\">\n\t\t\t\t\t\t\t\t\t\t<img decoding=\"async\" width=\"1440\" height=\"810\" data-src=\"https:\/\/visitkorculaisland.com\/wp-content\/uploads\/2023\/04\/DJI_0853-scaled-1-e1681383954185.jpg\" class=\"attachment-full size-full wp-image-414 lazyload\" alt=\"\" data-srcset=\"https:\/\/visitkorculaisland.com\/wp-content\/uploads\/2023\/04\/DJI_0853-scaled-1-e1681383954185.jpg 1440w, https:\/\/visitkorculaisland.com\/wp-content\/uploads\/2023\/04\/DJI_0853-scaled-1-e1681383954185-300x169.jpg 300w, https:\/\/visitkorculaisland.com\/wp-content\/uploads\/2023\/04\/DJI_0853-scaled-1-e1681383954185-1024x576.jpg 1024w, https:\/\/visitkorculaisland.com\/wp-content\/uploads\/2023\/04\/DJI_0853-scaled-1-e1681383954185-768x432.jpg 768w\" data-sizes=\"(max-width: 1440px) 100vw, 1440px\" src=\"data:image\/svg+xml;base64,PHN2ZyB3aWR0aD0iMSIgaGVpZ2h0PSIxIiB4bWxucz0iaHR0cDovL3d3dy53My5vcmcvMjAwMC9zdmciPjwvc3ZnPg==\" style=\"--smush-placeholder-width: 1440px; --smush-placeholder-aspect-ratio: 1440\/810;\" \/>\t\t\t\t\t\t\t\t\t\t\t<figcaption class=\"widget-image-caption wp-caption-text\">Kor\u010dula (Foto: Boris Ka\u010dan)<\/figcaption>\n\t\t\t\t\t\t\t\t\t\t<\/figure>\n\t\t\t\t\t\t\t\t\t<\/div>\n\t\t\t\t<\/div>\n\t\t\t\t<div class=\"elementor-element elementor-element-89607b3 elementor-invisible elementor-widget elementor-widget-image\" data-id=\"89607b3\" data-element_type=\"widget\" data-e-type=\"widget\" data-settings=\"{&quot;_animation&quot;:&quot;slideInUp&quot;}\" data-widget_type=\"image.default\">\n\t\t\t\t<div class=\"elementor-widget-container\">\n\t\t\t\t\t\t\t\t\t\t\t\t<figure class=\"wp-caption\">\n\t\t\t\t\t\t\t\t\t\t<img decoding=\"async\" width=\"1440\" height=\"808\" data-src=\"https:\/\/visitkorculaisland.com\/wp-content\/uploads\/2023\/04\/118215578_2604394209812688_529074470493933412_o.jpg\" class=\"attachment-full size-full wp-image-416 lazyload\" alt=\"\" data-srcset=\"https:\/\/visitkorculaisland.com\/wp-content\/uploads\/2023\/04\/118215578_2604394209812688_529074470493933412_o.jpg 1440w, https:\/\/visitkorculaisland.com\/wp-content\/uploads\/2023\/04\/118215578_2604394209812688_529074470493933412_o-300x168.jpg 300w, https:\/\/visitkorculaisland.com\/wp-content\/uploads\/2023\/04\/118215578_2604394209812688_529074470493933412_o-1024x575.jpg 1024w, https:\/\/visitkorculaisland.com\/wp-content\/uploads\/2023\/04\/118215578_2604394209812688_529074470493933412_o-768x431.jpg 768w\" data-sizes=\"(max-width: 1440px) 100vw, 1440px\" src=\"data:image\/svg+xml;base64,PHN2ZyB3aWR0aD0iMSIgaGVpZ2h0PSIxIiB4bWxucz0iaHR0cDovL3d3dy53My5vcmcvMjAwMC9zdmciPjwvc3ZnPg==\" style=\"--smush-placeholder-width: 1440px; --smush-placeholder-aspect-ratio: 1440\/808;\" \/>\t\t\t\t\t\t\t\t\t\t\t<figcaption class=\"widget-image-caption wp-caption-text\">Marina Korkyra Vela Luka<\/figcaption>\n\t\t\t\t\t\t\t\t\t\t<\/figure>\n\t\t\t\t\t\t\t\t\t<\/div>\n\t\t\t\t<\/div>\n\t\t\t\t<div class=\"elementor-element elementor-element-410a383 elementor-invisible elementor-widget elementor-widget-image\" data-id=\"410a383\" data-element_type=\"widget\" data-e-type=\"widget\" data-settings=\"{&quot;_animation&quot;:&quot;slideInUp&quot;}\" data-widget_type=\"image.default\">\n\t\t\t\t<div class=\"elementor-widget-container\">\n\t\t\t\t\t\t\t\t\t\t\t\t<figure class=\"wp-caption\">\n\t\t\t\t\t\t\t\t\t\t<img decoding=\"async\" width=\"1620\" height=\"1080\" data-src=\"https:\/\/visitkorculaisland.com\/wp-content\/uploads\/2023\/04\/Korcula-zapadna-obala.jpg\" class=\"attachment-full size-full wp-image-502 lazyload\" alt=\"\" data-srcset=\"https:\/\/visitkorculaisland.com\/wp-content\/uploads\/2023\/04\/Korcula-zapadna-obala.jpg 1620w, https:\/\/visitkorculaisland.com\/wp-content\/uploads\/2023\/04\/Korcula-zapadna-obala-300x200.jpg 300w, https:\/\/visitkorculaisland.com\/wp-content\/uploads\/2023\/04\/Korcula-zapadna-obala-1024x683.jpg 1024w, https:\/\/visitkorculaisland.com\/wp-content\/uploads\/2023\/04\/Korcula-zapadna-obala-768x512.jpg 768w, https:\/\/visitkorculaisland.com\/wp-content\/uploads\/2023\/04\/Korcula-zapadna-obala-1536x1024.jpg 1536w\" data-sizes=\"(max-width: 1620px) 100vw, 1620px\" src=\"data:image\/svg+xml;base64,PHN2ZyB3aWR0aD0iMSIgaGVpZ2h0PSIxIiB4bWxucz0iaHR0cDovL3d3dy53My5vcmcvMjAwMC9zdmciPjwvc3ZnPg==\" style=\"--smush-placeholder-width: 1620px; --smush-placeholder-aspect-ratio: 1620\/1080;\" \/>\t\t\t\t\t\t\t\t\t\t\t<figcaption class=\"widget-image-caption wp-caption-text\">Foto von Neven Fazini\u0107<\/figcaption>\n\t\t\t\t\t\t\t\t\t\t<\/figure>\n\t\t\t\t\t\t\t\t\t<\/div>\n\t\t\t\t<\/div>\n\t\t\t\t\t<\/div>\n\t\t<\/div>\n\t\t\t\t\t<\/div>\n\t\t<\/section>\n\t\t\t\t\t<\/div>\n\t\t<\/div>\n\t\t\t\t\t<\/div>\n\t\t<\/section>\n\t\t\t\t<\/div>","protected":false},"excerpt":{"rendered":"<p>NAUTIKA ACI Marina Kor\u010dula +385 20 711 661 m.korcula@aci-club.hr www.aci-marinas.com Marina Korkyra+385 91 141 4700, +385 20 414 700info@marina-korkyra.comwww.marina-korkyra.com Zaplovite rutom Marka Pola do Kor\u010dule, otoka bijelog kamena, vrhunskog bijelog vina, najpoznatijeg oto\u010dnog maslinovog ulja i mirisnih \u0161uma. Do\u017eivite smiraj dana ili bu\u0111enje u laguni tirkizno plave boje s pogledom na franjeva\u010dki samostan iz 14. [&hellip;]<\/p>\n","protected":false},"author":1,"featured_media":0,"parent":0,"menu_order":0,"comment_status":"closed","ping_status":"closed","template":"elementor_header_footer","meta":{"footnotes":""},"class_list":["post-98","page","type-page","status-publish","hentry"],"_links":{"self":[{"href":"https:\/\/visitkorculaisland.com\/de\/wp-json\/wp\/v2\/pages\/98","targetHints":{"allow":["GET"]}}],"collection":[{"href":"https:\/\/visitkorculaisland.com\/de\/wp-json\/wp\/v2\/pages"}],"about":[{"href":"https:\/\/visitkorculaisland.com\/de\/wp-json\/wp\/v2\/types\/page"}],"author":[{"embeddable":true,"href":"https:\/\/visitkorculaisland.com\/de\/wp-json\/wp\/v2\/users\/1"}],"replies":[{"embeddable":true,"href":"https:\/\/visitkorculaisland.com\/de\/wp-json\/wp\/v2\/comments?post=98"}],"version-history":[{"count":84,"href":"https:\/\/visitkorculaisland.com\/de\/wp-json\/wp\/v2\/pages\/98\/revisions"}],"predecessor-version":[{"id":3821,"href":"https:\/\/visitkorculaisland.com\/de\/wp-json\/wp\/v2\/pages\/98\/revisions\/3821"}],"wp:attachment":[{"href":"https:\/\/visitkorculaisland.com\/de\/wp-json\/wp\/v2\/media?parent=98"}],"curies":[{"name":"wp","href":"https:\/\/api.w.org\/{rel}","templated":true}]}}