{"id":200,"date":"2023-04-05T13:16:36","date_gmt":"2023-04-05T12:16:36","guid":{"rendered":"https:\/\/visitkorculaisland.com\/?page_id=200"},"modified":"2023-05-15T13:01:29","modified_gmt":"2023-05-15T12:01:29","slug":"geschaftsbedingungen","status":"publish","type":"page","link":"https:\/\/visitkorculaisland.com\/de\/geschaftsbedingungen\/","title":{"rendered":"Gesch\u00e4ftsbedingungen"},"content":{"rendered":"<div data-elementor-type=\"wp-page\" data-elementor-id=\"200\" class=\"elementor elementor-200\" data-elementor-post-type=\"page\">\n\t\t\t\t\t\t<section class=\"elementor-section elementor-top-section elementor-element elementor-element-7260ab2 elementor-section-boxed elementor-section-height-default elementor-section-height-default\" data-id=\"7260ab2\" data-element_type=\"section\">\n\t\t\t\t\t\t<div class=\"elementor-container elementor-column-gap-default\">\n\t\t\t\t\t<div class=\"elementor-column elementor-col-100 elementor-top-column elementor-element elementor-element-b4b7735\" data-id=\"b4b7735\" data-element_type=\"column\">\n\t\t\t<div class=\"elementor-widget-wrap elementor-element-populated\">\n\t\t\t\t\t\t<div class=\"elementor-element elementor-element-1b78513 elementor-widget elementor-widget-heading\" data-id=\"1b78513\" data-element_type=\"widget\" data-widget_type=\"heading.default\">\n\t\t\t\t<div class=\"elementor-widget-container\">\n\t\t\t\t\t<h1 class=\"elementor-heading-title elementor-size-default\">GESCH\u00c4FTSBEDINGUNGEN<\/h1>\t\t\t\t<\/div>\n\t\t\t\t<\/div>\n\t\t\t\t<div class=\"elementor-element elementor-element-ca7e5d6 elementor-widget elementor-widget-text-editor\" data-id=\"ca7e5d6\" data-element_type=\"widget\" data-widget_type=\"text-editor.default\">\n\t\t\t\t<div class=\"elementor-widget-container\">\n\t\t\t\t\t\t\t\t\t<p>Gesch\u00e4ftsbedingungen<\/p><p><br \/>Willkommen auf der Insel Korcula!<\/p><p><br \/>Diese Allgemeinen Gesch\u00e4ftsbedingungen beschreiben die Regeln und Vorschriften f\u00fcr die Nutzung der Website von ANIQ doo unter www.visitkorculaisland.com. Durch den Zugriff auf diese Website gehen wir davon aus, dass Sie diese Allgemeinen Gesch\u00e4ftsbedingungen akzeptieren. Machen Sie damit nicht weiter<br \/>Nutzen Sie Visit Korcula Island, wenn Sie nicht mit allen hier aufgef\u00fchrten Gesch\u00e4ftsbedingungen einverstanden sind<br \/>Buchseite.<\/p><p><br \/>Die folgende Terminologie gilt f\u00fcr diese Allgemeinen Gesch\u00e4ftsbedingungen, die Datenschutzerkl\u00e4rung und<br \/>Haftungsausschluss und alle Vereinbarungen:<\/p><ul><li>Kunde \u2013 bezieht sich auf Sie, die Person, die sich anmeldet<br \/>dieser Website und in \u00dcbereinstimmung mit den Allgemeinen Gesch\u00e4ftsbedingungen des Unternehmens.<\/li><li>Das Unternehmen \u2013 bezieht sich auf unser Unternehmen.<\/li><li>Partei \u2013 bezieht sich sowohl auf den Kunden als auch auf den Kunden<br \/>und uns selbst.<\/li><\/ul><p>Alle Bedingungen beziehen sich auf das Angebot, die Annahme und die erforderliche Gegenleistung<br \/>den Prozess unserer Unterst\u00fctzung f\u00fcr den Kunden auf die f\u00fcr ihn am besten geeignete Weise durchzuf\u00fchren<br \/>ausdr\u00fccklicher Zweck, die Bed\u00fcrfnisse des Kunden in Bezug auf die Bereitstellung der angegebenen Leistungen des Unternehmens zu erf\u00fcllen<br \/>Dienstleistungen gem\u00e4\u00df und vorbehaltlich des geltenden Rechts Kroatiens. Jede Verwendung der oben genannten<br \/>Terminologie oder andere W\u00f6rter im Singular, Plural, in Gro\u00df- und Kleinschreibung und\/oder er\/sie oder sie werden \u00fcbernommen<br \/>als austauschbar und daher auf dasselbe verweisend.<\/p><p><br \/><strong>Kekse<\/strong><br \/>Wir verwenden Cookies. Durch den Zugriff auf Visit Korcula Island stimmen Sie der Verwendung von Cookies zu<br \/>Zustimmung zur Datenschutzrichtlinie von ANIQ doo.<br \/>Die meisten interaktiven Websites verwenden Cookies, damit wir bei jedem Besuch die Benutzerdaten abrufen k\u00f6nnen. Cookies werden von unserer Website verwendet, um die Funktionalit\u00e4t bestimmter Bereiche zu erm\u00f6glichen und den Besuchern unserer Website den Besuch zu erleichtern. Einige unserer Affiliate-\/Werbepartner verwenden m\u00f6glicherweise auch Cookies.<\/p><p><br \/><strong>Lizenz<\/strong><br \/>Sofern nicht anders angegeben, sind ANIQ doo und\/oder seine Lizenzgeber Eigent\u00fcmer des geistigen Eigentums<br \/>Rechte f\u00fcr s\u00e4mtliches Material auf Visit Korcula Island. Alle geistigen Eigentumsrechte bleiben vorbehalten. Sie k\u00f6nnen von Visit Korcula Island aus darauf f\u00fcr Ihren pers\u00f6nlichen Gebrauch zugreifen, vorbehaltlich der festgelegten Einschr\u00e4nkungen<br \/>diese Allgemeinen Gesch\u00e4ftsbedingungen.<\/p><p><br \/>Du darfst nicht:<\/p><ul><li>Ver\u00f6ffentlichen Sie Material von Visit Korcula Island erneut<\/li><li>Verkaufen, vermieten oder unterlizenzieren Sie Material von Visit Korcula Island<\/li><li>Reproduzieren, duplizieren oder kopieren Sie Material von Visit Korcula Island<\/li><li>Verteilen Sie Inhalte von Visit Korcula Island weiter<\/li><\/ul><p><br \/>Diese Vereinbarung beginnt mit dem Datum dieser Vereinbarung. Unsere Allgemeinen Gesch\u00e4ftsbedingungen wurden mit erstellt<br \/>Hilfe des Allgemeinen Gesch\u00e4ftsbedingungen-Generators und des Datenschutzrichtlinien-Generators.<\/p><p>Teile dieser Website bieten Benutzern die M\u00f6glichkeit, Meinungen zu posten und auszutauschen<br \/>Informationen in bestimmten Bereichen der Website. ANIQ doo filtert, bearbeitet, ver\u00f6ffentlicht oder<br \/>\u00dcberpr\u00fcfen Sie Kommentare, bevor sie auf der Website erscheinen. Kommentare spiegeln nicht die Ansichten wider<br \/>Meinungen von ANIQ doo, seinen Vertretern und\/oder verbundenen Unternehmen. Kommentare spiegeln die Ansichten wider<br \/>Meinungen der Person, die ihre Ansichten und Meinungen ver\u00f6ffentlicht. Soweit gesetzlich zul\u00e4ssig<br \/>Gesetze, ANIQ doo haftet nicht f\u00fcr die Kommentare oder f\u00fcr jegliche Haftung, Sch\u00e4den oder<br \/>Kosten, die durch die Nutzung und\/oder Ver\u00f6ffentlichung und\/oder das Erscheinen entstehen und\/oder entstehen<br \/>der Kommentare auf dieser Website.<\/p><p><br \/>ANIQ doo beh\u00e4lt sich das Recht vor, alle Kommentare zu \u00fcberwachen und alle Kommentare zu entfernen<br \/>die als unangemessen oder anst\u00f6\u00dfig angesehen werden k\u00f6nnen oder einen Versto\u00df gegen diese Bedingungen darstellen und<br \/>Bedingungen.<\/p><p><br \/>Sie gew\u00e4hrleisten und sichern zu, dass:<\/p><ul><li>Sie sind berechtigt, Kommentare auf unserer Website zu ver\u00f6ffentlichen und verf\u00fcgen \u00fcber alle erforderlichen Lizenzen<br \/>und stimmt dem zu;<\/li><li>Die Kommentare verletzen kein geistiges Eigentumsrecht, insbesondere nicht<br \/>Urheberrechte, Patente oder Markenzeichen Dritter;<\/li><li>Die Kommentare enthalten keine verleumderischen, verleumderischen, beleidigenden, unanst\u00e4ndigen oder sonstigen Inhalte<br \/>illegales Material, das einen Eingriff in die Privatsph\u00e4re darstellt<\/li><li>Die Kommentare werden nicht zur Anwerbung oder F\u00f6rderung von Gesch\u00e4ften, Kundenw\u00fcnschen oder Geschenken verwendet<br \/>kommerzielle Aktivit\u00e4ten oder illegale Aktivit\u00e4ten.<br \/>Sie gew\u00e4hren ANIQ doo hiermit eine nicht-exklusive Lizenz zur Nutzung, Vervielf\u00e4ltigung, Bearbeitung und erm\u00e4chtigen andere zur Nutzung, Vervielf\u00e4ltigung und Bearbeitung Ihrer Kommentare in allen Formen und Formaten<br \/>oder Medien.<\/li><\/ul><p>Hyperlink zu unseren Inhalten<br \/>Die folgenden Organisationen d\u00fcrfen ohne vorherige schriftliche Genehmigung auf unsere Website verlinken:<\/p><ul><li>Regierungsbeh\u00f6rden;<\/li><li>Suchmaschinen;<\/li><li>Nachrichtenorganisationen;<\/li><li>Online-Verzeichnisverteiler k\u00f6nnen auf die gleiche Weise wie sie auf unsere Website verlinken<br \/>Hyperlink zu den Websites anderer aufgef\u00fchrter Unternehmen; Und<\/li><li>Systemweit akkreditierte Unternehmen, mit Ausnahme der Werbung f\u00fcr gemeinn\u00fctzige Organisationen und Wohlt\u00e4tigkeitsorganisationen<br \/>Einkaufszentren und Wohlt\u00e4tigkeitsorganisationen, die m\u00f6glicherweise keinen Hyperlink auf unsere Website verweisen.<br \/>Diese Organisationen k\u00f6nnen auf unsere Homepage, auf Ver\u00f6ffentlichungen oder auf andere Website-Informationen verlinken<br \/>solange der Link: (a) in keiner Weise irref\u00fchrend ist; (b) nicht f\u00e4lschlicherweise Sponsoring impliziert,<br \/>Billigung oder Genehmigung der verlinkenden Partei und ihrer Produkte und\/oder Dienstleistungen; und (c) passt hinein<br \/>der Kontext der Website des Verlinkers.<\/li><\/ul><p><br \/>Wir k\u00f6nnen andere Linkanfragen der folgenden Arten von Organisationen ber\u00fccksichtigen und genehmigen:<\/p><ul><li>allgemein bekannte Informationsquellen f\u00fcr Verbraucher und\/oder Unternehmen;<\/li><li>dot.com-Community-Sites;<\/li><li>Vereine oder andere Gruppen, die Wohlt\u00e4tigkeitsorganisationen vertreten;<\/li><li>Online-Verteiler von Verzeichnissen;<\/li><li>Internetportale;<\/li><li>Buchhaltungs-, Anwalts- und Beratungsfirmen; sowie Bildungseinrichtungen und Berufsverb\u00e4nde.<\/li><\/ul><p>Wir genehmigen Linkanfragen dieser Organisationen, wenn wir zu dem Schluss kommen, dass: (a) der Link dies nicht zul\u00e4sst<br \/>dass wir uns selbst oder unseren akkreditierten Unternehmen gegen\u00fcber negativ wirken; (b) die Organisation tut es<br \/>Sie haben bei uns keine negativen Aufzeichnungen; (c) der Nutzen f\u00fcr uns aus der Sichtbarkeit des Hyperlinks<br \/>kompensiert die Abwesenheit von ANIQ doo; und (d) der Link steht im allgemeinen Kontext<br \/>Ressourceninformationen.<br \/>Diese Organisationen d\u00fcrfen auf unsere Homepage verlinken, solange der Link: (a) in keiner Weise vorhanden ist<br \/>tr\u00fcgerisch; (b) impliziert nicht f\u00e4lschlicherweise Sponsoring, Billigung oder Zustimmung der verlinkenden Partei<br \/>und seine Produkte oder Dienstleistungen; und (c) in den Kontext der Website der verlinkenden Partei passt.<br \/>Wenn Sie eine der in Absatz 2 oben aufgef\u00fchrten Organisationen sind und an einer Verlinkung zu unserer interessiert sind<br \/>Website, m\u00fcssen Sie uns dar\u00fcber informieren, indem Sie eine E-Mail an ANIQ doo senden. Bitte f\u00fcgen Sie Ihre bei<br \/>Name, Name Ihrer Organisation, Kontaktinformationen sowie die URL Ihrer Website, eine Liste aller<br \/>URLs, von denen aus Sie auf unsere Website verlinken m\u00f6chten, und eine Liste der URLs auf unserer Website, zu denen Sie gelangen m\u00f6chten<br \/>Du m\u00f6chtest verlinken. Warten Sie 2-3 Wochen auf eine Antwort.<\/p><p><br \/>Zugelassene Organisationen k\u00f6nnen wie folgt auf unsere Website verlinken:<\/p><ul><li>Durch die Verwendung unseres Firmennamens; Oder<\/li><li>Durch die Verwendung des einheitlichen Ressourcen-Locators, mit dem verlinkt wird; Oder<\/li><li>Durch die Verwendung einer anderen Beschreibung unserer Website, auf die verlinkt wird, ist dies sinnvoll<br \/>den Kontext und das Format des Inhalts auf der Website der verlinkenden Partei.<br \/>Ohne eine Markenlizenzvereinbarung ist die Verwendung des Logos oder anderer Grafiken von ANIQ doo f\u00fcr die Verlinkung nicht gestattet.<\/li><\/ul><p><br \/><strong>iFrames<\/strong><br \/>Ohne vorherige Genehmigung und schriftliche Genehmigung d\u00fcrfen Sie keine Frames um unsere Webseiten herum erstellen, die in irgendeiner Weise die visuelle Darstellung oder das Erscheinungsbild unserer Website ver\u00e4ndern.<\/p><p><br \/><strong>Haftung f\u00fcr Inhalte<\/strong><br \/>Wir \u00fcbernehmen keine Verantwortung f\u00fcr Inhalte, die auf Ihrer Website erscheinen. Damit sind Sie einverstanden<br \/>sch\u00fctzen und verteidigen uns gegen alle Anspr\u00fcche, die auf Ihrer Website entstehen. Es sollten keine Links angezeigt werden<br \/>auf einer Website, die als verleumderisch, obsz\u00f6n oder kriminell interpretiert werden kann oder gegen Folgendes verst\u00f6\u00dft:<br \/>sonst gegen Rechte Dritter verst\u00f6\u00dft oder eine Verletzung oder sonstige Verletzung solcher Rechte bef\u00fcrwortet.<\/p><p><br \/><strong>Ihre Privatsph\u00e4re<\/strong><br \/>Bitte lesen Sie die Datenschutzerkl\u00e4rung<br \/>Vorbehalt der Rechte<\/p><p><br \/>Wir behalten uns das Recht vor, Sie aufzufordern, alle Links oder einen bestimmten Link zu unserer Website zu entfernen.<br \/>Sie erkl\u00e4ren sich damit einverstanden, alle Links zu unserer Website auf Anfrage unverz\u00fcglich zu entfernen. Wir behalten uns au\u00dferdem das Recht vor, diese Allgemeinen Gesch\u00e4ftsbedingungen und ihre Verlinkungsrichtlinien jederzeit zu \u00e4ndern. Indem Sie kontinuierlich auf unsere Website verlinken, erkl\u00e4ren Sie sich damit einverstanden, an diese Verlinkungsbedingungen gebunden zu sein und diese zu befolgen.<\/p><p><br \/><strong>Entfernung von Links von unserer Website<\/strong><br \/>Wenn Sie auf unserer Website einen Link finden, der aus irgendeinem Grund anst\u00f6\u00dfig ist, k\u00f6nnen Sie uns jederzeit kontaktieren und uns informieren. Wir werden Anfragen zur Entfernung von Links ber\u00fccksichtigen, sind jedoch nicht dazu verpflichtet oder Ihnen direkt zu antworten.<\/p><p>Wir \u00fcbernehmen keine Gew\u00e4hr f\u00fcr die Richtigkeit der Informationen auf dieser Website und \u00fcbernehmen keine Gew\u00e4hr daf\u00fcr<br \/>Vollst\u00e4ndigkeit oder Genauigkeit; Wir versprechen auch nicht, sicherzustellen, dass die Website verf\u00fcgbar bleibt oder bleibt<br \/>dass das Material auf der Website auf dem neuesten Stand gehalten wird.<\/p><p><br \/><strong>Haftungsausschluss<\/strong><br \/>Soweit gesetzlich zul\u00e4ssig, schlie\u00dfen wir alle Zusicherungen, Gew\u00e4hrleistungen und Bedingungen im Zusammenhang mit unserer Website und der Nutzung dieser Website aus. Nichts in diesem Haftungsausschluss wird:<\/p><ul><li>unsere oder Ihre Haftung f\u00fcr Tod oder K\u00f6rperverletzung einzuschr\u00e4nken oder auszuschlie\u00dfen;<\/li><li>unsere oder Ihre Haftung f\u00fcr Betrug oder arglistige Falschdarstellung einzuschr\u00e4nken oder auszuschlie\u00dfen;<\/li><li>Beschr\u00e4nken Sie unsere oder Ihre Verbindlichkeiten auf eine Weise, die nach geltendem Recht nicht zul\u00e4ssig ist. Oder<\/li><li>schlie\u00dfen Sie jegliche unserer oder Ihrer Haftung aus, die nach geltendem Recht m\u00f6glicherweise nicht ausgeschlossen ist.<\/li><\/ul><p><br \/>Die in diesem Abschnitt und an anderer Stelle in diesem Haftungsausschluss festgelegten Haftungsbeschr\u00e4nkungen und -verbote: (a)<br \/>unterliegen dem vorstehenden Absatz; und (b) alle Verbindlichkeiten regeln, die sich aus dem Haftungsausschluss ergeben,<br \/>einschlie\u00dflich Verbindlichkeiten aus Vertrag, unerlaubter Handlung und wegen Verletzung gesetzlicher Pflichten.<br \/>Sofern die Website und die darin enthaltenen Informationen und Dienste kostenfrei zur Verf\u00fcgung gestellt werden<br \/>Wir haften nicht f\u00fcr Verluste oder Sch\u00e4den jeglicher Art.<\/p>\t\t\t\t\t\t\t\t<\/div>\n\t\t\t\t<\/div>\n\t\t\t\t\t<\/div>\n\t\t<\/div>\n\t\t\t\t\t<\/div>\n\t\t<\/section>\n\t\t\t\t<\/div>","protected":false},"excerpt":{"rendered":"<p>UVIJETI I ODREDBE Terms and Conditions Welcome to Visit Island Korcula! These terms and conditions outline the rules and regulations for the use of ANIQ d.o.o.&#8217;s Website, located at www.visitkorculaisland.com. By accessing this website we assume you accept these terms and conditions. Do not continue touse Visit Korcula Island if you do not agree to [&hellip;]<\/p>\n","protected":false},"author":1,"featured_media":0,"parent":0,"menu_order":0,"comment_status":"closed","ping_status":"closed","template":"elementor_header_footer","meta":{"footnotes":""},"class_list":["post-200","page","type-page","status-publish","hentry"],"_links":{"self":[{"href":"https:\/\/visitkorculaisland.com\/de\/wp-json\/wp\/v2\/pages\/200","targetHints":{"allow":["GET"]}}],"collection":[{"href":"https:\/\/visitkorculaisland.com\/de\/wp-json\/wp\/v2\/pages"}],"about":[{"href":"https:\/\/visitkorculaisland.com\/de\/wp-json\/wp\/v2\/types\/page"}],"author":[{"embeddable":true,"href":"https:\/\/visitkorculaisland.com\/de\/wp-json\/wp\/v2\/users\/1"}],"replies":[{"embeddable":true,"href":"https:\/\/visitkorculaisland.com\/de\/wp-json\/wp\/v2\/comments?post=200"}],"version-history":[{"count":0,"href":"https:\/\/visitkorculaisland.com\/de\/wp-json\/wp\/v2\/pages\/200\/revisions"}],"wp:attachment":[{"href":"https:\/\/visitkorculaisland.com\/de\/wp-json\/wp\/v2\/media?parent=200"}],"curies":[{"name":"wp","href":"https:\/\/api.w.org\/{rel}","templated":true}]}}