{"id":145,"date":"2023-04-05T12:39:28","date_gmt":"2023-04-05T11:39:28","guid":{"rendered":"https:\/\/visitkorculaisland.com\/?page_id=145"},"modified":"2025-04-30T09:40:25","modified_gmt":"2025-04-30T07:40:25","slug":"fahrrad-stopp-stander","status":"publish","type":"page","link":"https:\/\/visitkorculaisland.com\/de\/fahrrad-stopp-stander\/","title":{"rendered":"Fahrradstoppst\u00e4nder"},"content":{"rendered":"<div data-elementor-type=\"wp-page\" data-elementor-id=\"145\" class=\"elementor elementor-145\" data-elementor-post-type=\"page\">\n\t\t\t\t\t\t<section class=\"elementor-section elementor-top-section elementor-element elementor-element-b32c495 elementor-section-boxed elementor-section-height-default elementor-section-height-default\" data-id=\"b32c495\" data-element_type=\"section\">\n\t\t\t\t\t\t<div class=\"elementor-container elementor-column-gap-default\">\n\t\t\t\t\t<div class=\"elementor-column elementor-col-100 elementor-top-column elementor-element elementor-element-0270197\" data-id=\"0270197\" data-element_type=\"column\">\n\t\t\t<div class=\"elementor-widget-wrap elementor-element-populated\">\n\t\t\t\t\t\t<div class=\"elementor-element elementor-element-85593f9 elementor-widget elementor-widget-heading\" data-id=\"85593f9\" data-element_type=\"widget\" data-widget_type=\"heading.default\">\n\t\t\t\t<div class=\"elementor-widget-container\">\n\t\t\t\t\t<h1 class=\"elementor-heading-title elementor-size-default\">FAHRRADSTOPPST\u00c4NDER<\/h1>\t\t\t\t<\/div>\n\t\t\t\t<\/div>\n\t\t\t\t<div class=\"elementor-element elementor-element-d2f8042 elementor-invisible elementor-widget elementor-widget-image\" data-id=\"d2f8042\" data-element_type=\"widget\" data-settings=\"{&quot;_animation&quot;:&quot;slideInUp&quot;}\" data-widget_type=\"image.default\">\n\t\t\t\t<div class=\"elementor-widget-container\">\n\t\t\t\t\t\t\t\t\t\t\t\t<figure class=\"wp-caption\">\n\t\t\t\t\t\t\t\t\t\t<img fetchpriority=\"high\" decoding=\"async\" width=\"768\" height=\"512\" src=\"https:\/\/visitkorculaisland.com\/wp-content\/uploads\/2023\/04\/MG_2595-scaled-1-768x512.jpg\" class=\"attachment-medium_large size-medium_large wp-image-397\" alt=\"\" srcset=\"https:\/\/visitkorculaisland.com\/wp-content\/uploads\/2023\/04\/MG_2595-scaled-1-768x512.jpg 768w, https:\/\/visitkorculaisland.com\/wp-content\/uploads\/2023\/04\/MG_2595-scaled-1-300x200.jpg 300w, https:\/\/visitkorculaisland.com\/wp-content\/uploads\/2023\/04\/MG_2595-scaled-1-1024x683.jpg 1024w, https:\/\/visitkorculaisland.com\/wp-content\/uploads\/2023\/04\/MG_2595-scaled-1-1536x1024.jpg 1536w, https:\/\/visitkorculaisland.com\/wp-content\/uploads\/2023\/04\/MG_2595-scaled-1-2048x1366.jpg 2048w\" sizes=\"(max-width: 768px) 100vw, 768px\" \/>\t\t\t\t\t\t\t\t\t\t\t<figcaption class=\"widget-image-caption wp-caption-text\">Kor\u010dula-Radrouten von Dea Botica<\/figcaption>\n\t\t\t\t\t\t\t\t\t\t<\/figure>\n\t\t\t\t\t\t\t\t\t<\/div>\n\t\t\t\t<\/div>\n\t\t\t\t\t<\/div>\n\t\t<\/div>\n\t\t\t\t\t<\/div>\n\t\t<\/section>\n\t\t\t\t<section class=\"elementor-section elementor-top-section elementor-element elementor-element-888b248 elementor-section-boxed elementor-section-height-default elementor-section-height-default elementor-invisible\" data-id=\"888b248\" data-element_type=\"section\" data-settings=\"{&quot;animation&quot;:&quot;slideInUp&quot;}\">\n\t\t\t\t\t\t<div class=\"elementor-container elementor-column-gap-default\">\n\t\t\t\t\t<div class=\"elementor-column elementor-col-100 elementor-top-column elementor-element elementor-element-5e06b0a\" data-id=\"5e06b0a\" data-element_type=\"column\">\n\t\t\t<div class=\"elementor-widget-wrap elementor-element-populated\">\n\t\t\t\t\t\t<div class=\"elementor-element elementor-element-dd62abb elementor-widget elementor-widget-heading\" data-id=\"dd62abb\" data-element_type=\"widget\" data-widget_type=\"heading.default\">\n\t\t\t\t<div class=\"elementor-widget-container\">\n\t\t\t\t\t<h2 class=\"elementor-heading-title elementor-size-default\">FAHRRADRASTE INSEL KOR\u010cULA Nr. 1<\/h2>\t\t\t\t<\/div>\n\t\t\t\t<\/div>\n\t\t\t\t<div class=\"elementor-element elementor-element-d673560 elementor-widget elementor-widget-text-editor\" data-id=\"d673560\" data-element_type=\"widget\" data-widget_type=\"text-editor.default\">\n\t\t\t\t<div class=\"elementor-widget-container\">\n\t\t\t\t\t\t\t\t\t<p>Die Anlage liegt an einer alternativen Route \u2013 Kor\u010dula, Babina<\/p><p>Sehen Sie sich den genauen Standort an <a href=\"https:\/\/www.google.com\/maps\/place\/\/@42.969222,16.9290705,322m\/data=!3m1!1e3?entry=ttu&amp;g_ep=EgoyMDI1MDQyNy4xIKXMDSoASAFQAw%3D%3D\" target=\"_blank\" rel=\"noopener\"><span style=\"color: #00ccff;\">hier<\/span><\/a>!<\/p>\t\t\t\t\t\t\t\t<\/div>\n\t\t\t\t<\/div>\n\t\t\t\t\t<\/div>\n\t\t<\/div>\n\t\t\t\t\t<\/div>\n\t\t<\/section>\n\t\t\t\t<section class=\"elementor-section elementor-top-section elementor-element elementor-element-e2b39f3 elementor-section-boxed elementor-section-height-default elementor-section-height-default elementor-invisible\" data-id=\"e2b39f3\" data-element_type=\"section\" data-settings=\"{&quot;animation&quot;:&quot;slideInUp&quot;}\">\n\t\t\t\t\t\t<div class=\"elementor-container elementor-column-gap-default\">\n\t\t\t\t\t<div class=\"elementor-column elementor-col-100 elementor-top-column elementor-element elementor-element-8563436\" data-id=\"8563436\" data-element_type=\"column\">\n\t\t\t<div class=\"elementor-widget-wrap elementor-element-populated\">\n\t\t\t\t\t\t<div class=\"elementor-element elementor-element-da6bc37 elementor-widget elementor-widget-heading\" data-id=\"da6bc37\" data-element_type=\"widget\" data-widget_type=\"heading.default\">\n\t\t\t\t<div class=\"elementor-widget-container\">\n\t\t\t\t\t<h2 class=\"elementor-heading-title elementor-size-default\">FAHRRADRASTE INSEL KOR\u010cULA Nr. 2<\/h2>\t\t\t\t<\/div>\n\t\t\t\t<\/div>\n\t\t\t\t<div class=\"elementor-element elementor-element-b35e11d elementor-widget elementor-widget-text-editor\" data-id=\"b35e11d\" data-element_type=\"widget\" data-widget_type=\"text-editor.default\">\n\t\t\t\t<div class=\"elementor-widget-container\">\n\t\t\t\t\t\t\t\t\t<p>Die Anlage liegt an einer alternativen Route \u2013 Vela Luka, Vela spila<\/p><p>Sehen Sie sich den genauen Standort an <a href=\"https:\/\/www.google.com\/maps\/place\/42%C2%B058&#039;19.3%22N+16%C2%B042&#039;44.9%22E\/@42.9720352,16.7098997,17z\/data=!3m1!4b1!4m4!3m3!8m2!3d42.9720313!4d16.7124746\" target=\"_blank\" rel=\"noopener\"><span style=\"color: #00ccff;\">hier<\/span><\/a>!<\/p>\t\t\t\t\t\t\t\t<\/div>\n\t\t\t\t<\/div>\n\t\t\t\t\t<\/div>\n\t\t<\/div>\n\t\t\t\t\t<\/div>\n\t\t<\/section>\n\t\t\t\t<section class=\"elementor-section elementor-top-section elementor-element elementor-element-b30faf1 elementor-section-boxed elementor-section-height-default elementor-section-height-default elementor-invisible\" data-id=\"b30faf1\" data-element_type=\"section\" data-settings=\"{&quot;animation&quot;:&quot;slideInUp&quot;}\">\n\t\t\t\t\t\t<div class=\"elementor-container elementor-column-gap-default\">\n\t\t\t\t\t<div class=\"elementor-column elementor-col-100 elementor-top-column elementor-element elementor-element-d4e9d05\" data-id=\"d4e9d05\" data-element_type=\"column\">\n\t\t\t<div class=\"elementor-widget-wrap elementor-element-populated\">\n\t\t\t\t\t\t<div class=\"elementor-element elementor-element-5f885e7 elementor-widget elementor-widget-heading\" data-id=\"5f885e7\" data-element_type=\"widget\" data-widget_type=\"heading.default\">\n\t\t\t\t<div class=\"elementor-widget-container\">\n\t\t\t\t\t<h2 class=\"elementor-heading-title elementor-size-default\">FAHRRADRASTEPLATZ INSEL KOR\u010cULA Nr. 3<\/h2>\t\t\t\t<\/div>\n\t\t\t\t<\/div>\n\t\t\t\t<div class=\"elementor-element elementor-element-ada1c64 elementor-widget elementor-widget-text-editor\" data-id=\"ada1c64\" data-element_type=\"widget\" data-widget_type=\"text-editor.default\">\n\t\t\t\t<div class=\"elementor-widget-container\">\n\t\t\t\t\t\t\t\t\t<p>Die Anlage liegt an einer alternativen Route \u2013 Blato<\/p><p>Sehen Sie sich den genauen Standort an <a href=\"https:\/\/www.google.com\/maps\/place\/42%C2%B055&#039;45.1%22N+16%C2%B048&#039;15.1%22E\/@42.9291952,16.8016155,17z\/data=!3m1!4b1!4m4!3m3!8m2!3d42.9291913!4d16.8041904\" target=\"_blank\" rel=\"noopener\"><span style=\"color: #00ccff;\">hier<\/span><\/a>!<\/p>\t\t\t\t\t\t\t\t<\/div>\n\t\t\t\t<\/div>\n\t\t\t\t\t<\/div>\n\t\t<\/div>\n\t\t\t\t\t<\/div>\n\t\t<\/section>\n\t\t\t\t<section class=\"elementor-section elementor-top-section elementor-element elementor-element-54849b3 elementor-section-boxed elementor-section-height-default elementor-section-height-default elementor-invisible\" data-id=\"54849b3\" data-element_type=\"section\" data-settings=\"{&quot;animation&quot;:&quot;slideInUp&quot;}\">\n\t\t\t\t\t\t<div class=\"elementor-container elementor-column-gap-default\">\n\t\t\t\t\t<div class=\"elementor-column elementor-col-100 elementor-top-column elementor-element elementor-element-32e84e7\" data-id=\"32e84e7\" data-element_type=\"column\">\n\t\t\t<div class=\"elementor-widget-wrap elementor-element-populated\">\n\t\t\t\t\t\t<div class=\"elementor-element elementor-element-366cb6a elementor-widget elementor-widget-heading\" data-id=\"366cb6a\" data-element_type=\"widget\" data-widget_type=\"heading.default\">\n\t\t\t\t<div class=\"elementor-widget-container\">\n\t\t\t\t\t<h2 class=\"elementor-heading-title elementor-size-default\">FAHRRADRASTE INSEL KOR\u010cULA Nr. 4<\/h2>\t\t\t\t<\/div>\n\t\t\t\t<\/div>\n\t\t\t\t<div class=\"elementor-element elementor-element-77a13ae elementor-widget elementor-widget-text-editor\" data-id=\"77a13ae\" data-element_type=\"widget\" data-widget_type=\"text-editor.default\">\n\t\t\t\t<div class=\"elementor-widget-container\">\n\t\t\t\t\t\t\t\t\t<p>Die Anlage liegt an einer Alternativroute \u2013 Lumbarda<\/p><p>Sehen Sie sich den genauen Standort an <a href=\"https:\/\/www.google.com\/maps\/place\/42%C2%B056&#039;20.2%22N+17%C2%B008&#039;44.9%22E\/@42.9389485,17.1432367,17z\/data=!3m1!4b1!4m4!3m3!8m2!3d42.9389446!4d17.1458116\" target=\"_blank\" rel=\"noopener\"><span style=\"color: #00ccff;\">hier<\/span><\/a>!<\/p>\t\t\t\t\t\t\t\t<\/div>\n\t\t\t\t<\/div>\n\t\t\t\t\t<\/div>\n\t\t<\/div>\n\t\t\t\t\t<\/div>\n\t\t<\/section>\n\t\t\t\t<section class=\"elementor-section elementor-top-section elementor-element elementor-element-2f5554d elementor-section-boxed elementor-section-height-default elementor-section-height-default elementor-invisible\" data-id=\"2f5554d\" data-element_type=\"section\" data-settings=\"{&quot;animation&quot;:&quot;slideInUp&quot;}\">\n\t\t\t\t\t\t<div class=\"elementor-container elementor-column-gap-default\">\n\t\t\t\t\t<div class=\"elementor-column elementor-col-100 elementor-top-column elementor-element elementor-element-fac437a\" data-id=\"fac437a\" data-element_type=\"column\">\n\t\t\t<div class=\"elementor-widget-wrap elementor-element-populated\">\n\t\t\t\t\t\t\t<\/div>\n\t\t<\/div>\n\t\t\t\t\t<\/div>\n\t\t<\/section>\n\t\t\t\t<section class=\"elementor-section elementor-top-section elementor-element elementor-element-24786d4 elementor-section-boxed elementor-section-height-default elementor-section-height-default elementor-invisible\" data-id=\"24786d4\" data-element_type=\"section\" data-settings=\"{&quot;animation&quot;:&quot;slideInUp&quot;}\">\n\t\t\t\t\t\t<div class=\"elementor-container elementor-column-gap-default\">\n\t\t\t\t\t<div class=\"elementor-column elementor-col-100 elementor-top-column elementor-element elementor-element-9073b4f\" data-id=\"9073b4f\" data-element_type=\"column\">\n\t\t\t<div class=\"elementor-widget-wrap elementor-element-populated\">\n\t\t\t\t\t\t<div class=\"elementor-element elementor-element-5c82aa8 elementor-widget-divider--view-line elementor-widget elementor-widget-divider\" data-id=\"5c82aa8\" data-element_type=\"widget\" data-widget_type=\"divider.default\">\n\t\t\t\t<div class=\"elementor-widget-container\">\n\t\t\t\t\t\t\t<div class=\"elementor-divider\">\n\t\t\t<span class=\"elementor-divider-separator\">\n\t\t\t\t\t\t<\/span>\n\t\t<\/div>\n\t\t\t\t\t\t<\/div>\n\t\t\t\t<\/div>\n\t\t\t\t<div class=\"elementor-element elementor-element-a4d2197 elementor-widget elementor-widget-text-editor\" data-id=\"a4d2197\" data-element_type=\"widget\" data-widget_type=\"text-editor.default\">\n\t\t\t\t<div class=\"elementor-widget-container\">\n\t\t\t\t\t\t\t\t\t<p>SIE K\u00d6NNEN DIE STRECKE MIT ALLEN MARKIERTEN RADSTELLEN ANSEHEN <span style=\"color: #00ccff;\"><a style=\"color: #00ccff;\" href=\"https:\/\/www.google.com\/maps\/dir\/42%C2%B056&#039;20.2%22N+17%C2%B008&#039;44.9%22E\/42%C2%B057&#039;58.4%22N+16%C2%B057&#039;47.4%22E\/42%C2%B055&#039;45.1%22N+16%C2%B048&#039;15.1%22E\/42%C2%B058&#039;19.3%22N+16%C2%B042&#039;44.9%22E\/@42.9379918,16.5879227,10z\/data=!3m1!4b1!4m26!4m25!1m5!1m1!1s0x0:0x3f8187c3508dd669!2m2!1d17.1543601!2d42.9222739!1m5!1m1!1s0x0:0x5aa1b3bad6c9cf52!2m2!1d16.9328285!2d42.9362069!1m5!1m1!1s0x0:0x864103ccc2e10a78!2m2!1d16.7918946!2d42.9393916!1m5!1m1!1s0x0:0xed0c8daad2b2628a!2m2!1d16.682188!2d42.9465721!3e0?entry=ttu\" target=\"_blank\" rel=\"noopener\">HIER<\/a><\/span>!<\/p>\t\t\t\t\t\t\t\t<\/div>\n\t\t\t\t<\/div>\n\t\t\t\t\t<\/div>\n\t\t<\/div>\n\t\t\t\t\t<\/div>\n\t\t<\/section>\n\t\t\t\t<\/div>","protected":false},"excerpt":{"rendered":"<p>BIKE STOP STALCI Kor\u010dula bike routes by Dea Botica BIKE REST STOP KOR\u010cULA ISLAND no.1 Objekt se nalazi na alternativnoj ruti &#8211; Kor\u010dula, Babina To\u010dnu lokaciju pogledajte ovdje! BIKE REST STOP KOR\u010cULA ISLAND no.2 Objekt se nalazi na alternativnoj ruti &#8211; Vela Luka, Vela spila To\u010dnu lokaciju pogledajte ovdje! BIKE REST STOP KOR\u010cULA ISLAND no.3 [&hellip;]<\/p>\n","protected":false},"author":1,"featured_media":0,"parent":0,"menu_order":0,"comment_status":"closed","ping_status":"closed","template":"elementor_header_footer","meta":{"footnotes":""},"class_list":["post-145","page","type-page","status-publish","hentry"],"_links":{"self":[{"href":"https:\/\/visitkorculaisland.com\/de\/wp-json\/wp\/v2\/pages\/145","targetHints":{"allow":["GET"]}}],"collection":[{"href":"https:\/\/visitkorculaisland.com\/de\/wp-json\/wp\/v2\/pages"}],"about":[{"href":"https:\/\/visitkorculaisland.com\/de\/wp-json\/wp\/v2\/types\/page"}],"author":[{"embeddable":true,"href":"https:\/\/visitkorculaisland.com\/de\/wp-json\/wp\/v2\/users\/1"}],"replies":[{"embeddable":true,"href":"https:\/\/visitkorculaisland.com\/de\/wp-json\/wp\/v2\/comments?post=145"}],"version-history":[{"count":6,"href":"https:\/\/visitkorculaisland.com\/de\/wp-json\/wp\/v2\/pages\/145\/revisions"}],"predecessor-version":[{"id":4167,"href":"https:\/\/visitkorculaisland.com\/de\/wp-json\/wp\/v2\/pages\/145\/revisions\/4167"}],"wp:attachment":[{"href":"https:\/\/visitkorculaisland.com\/de\/wp-json\/wp\/v2\/media?parent=145"}],"curies":[{"name":"wp","href":"https:\/\/api.w.org\/{rel}","templated":true}]}}