{"id":117,"date":"2023-04-05T12:32:53","date_gmt":"2023-04-05T11:32:53","guid":{"rendered":"https:\/\/visitkorculaisland.com\/?page_id=117"},"modified":"2024-02-12T09:17:19","modified_gmt":"2024-02-12T08:17:19","slug":"umweltfreundliche-unterkunft","status":"publish","type":"page","link":"https:\/\/visitkorculaisland.com\/de\/umweltfreundliche-unterkunft\/","title":{"rendered":"Umweltfreundliche Unterk\u00fcnfte"},"content":{"rendered":"<div data-elementor-type=\"wp-page\" data-elementor-id=\"117\" class=\"elementor elementor-117\" data-elementor-post-type=\"page\">\n\t\t\t\t\t\t<section class=\"elementor-section elementor-top-section elementor-element elementor-element-124ee3c elementor-section-boxed elementor-section-height-default elementor-section-height-default\" data-id=\"124ee3c\" data-element_type=\"section\">\n\t\t\t\t\t\t<div class=\"elementor-container elementor-column-gap-default\">\n\t\t\t\t\t<div class=\"elementor-column elementor-col-100 elementor-top-column elementor-element elementor-element-f58197a\" data-id=\"f58197a\" data-element_type=\"column\">\n\t\t\t<div class=\"elementor-widget-wrap elementor-element-populated\">\n\t\t\t\t\t\t<div class=\"elementor-element elementor-element-60207b0 elementor-widget elementor-widget-heading\" data-id=\"60207b0\" data-element_type=\"widget\" data-widget_type=\"heading.default\">\n\t\t\t\t<div class=\"elementor-widget-container\">\n\t\t\t\t\t<h1 class=\"elementor-heading-title elementor-size-default\">Umweltfreundliche Unterk\u00fcnfte <\/h1>\t\t\t\t<\/div>\n\t\t\t\t<\/div>\n\t\t\t\t\t<\/div>\n\t\t<\/div>\n\t\t\t\t\t<\/div>\n\t\t<\/section>\n\t\t\t\t<section class=\"elementor-section elementor-top-section elementor-element elementor-element-cc09f11 elementor-section-boxed elementor-section-height-default elementor-section-height-default elementor-invisible\" data-id=\"cc09f11\" data-element_type=\"section\" data-settings=\"{&quot;animation&quot;:&quot;slideInUp&quot;}\">\n\t\t\t\t\t\t<div class=\"elementor-container elementor-column-gap-default\">\n\t\t\t\t\t<div class=\"elementor-column elementor-col-100 elementor-top-column elementor-element elementor-element-bc4b7b5\" data-id=\"bc4b7b5\" data-element_type=\"column\">\n\t\t\t<div class=\"elementor-widget-wrap elementor-element-populated\">\n\t\t\t\t\t\t<div class=\"elementor-element elementor-element-4909e43 elementor-widget elementor-widget-heading\" data-id=\"4909e43\" data-element_type=\"widget\" data-widget_type=\"heading.default\">\n\t\t\t\t<div class=\"elementor-widget-container\">\n\t\t\t\t\t<h2 class=\"elementor-heading-title elementor-size-default\">Seascape Strandhaus Kor\u010dula <\/h2>\t\t\t\t<\/div>\n\t\t\t\t<\/div>\n\t\t\t\t<div class=\"elementor-element elementor-element-649af5e elementor-widget elementor-widget-image\" data-id=\"649af5e\" data-element_type=\"widget\" data-widget_type=\"image.default\">\n\t\t\t\t<div class=\"elementor-widget-container\">\n\t\t\t\t\t\t\t\t\t\t\t\t\t\t\t<img fetchpriority=\"high\" decoding=\"async\" width=\"768\" height=\"512\" src=\"https:\/\/visitkorculaisland.com\/wp-content\/uploads\/2023\/04\/Seascape-Guesthouse-Korcula-2-spavace-sobe-001-768x512.jpg\" class=\"attachment-medium_large size-medium_large wp-image-1098\" alt=\"\" srcset=\"https:\/\/visitkorculaisland.com\/wp-content\/uploads\/2023\/04\/Seascape-Guesthouse-Korcula-2-spavace-sobe-001-768x512.jpg 768w, https:\/\/visitkorculaisland.com\/wp-content\/uploads\/2023\/04\/Seascape-Guesthouse-Korcula-2-spavace-sobe-001-300x200.jpg 300w, https:\/\/visitkorculaisland.com\/wp-content\/uploads\/2023\/04\/Seascape-Guesthouse-Korcula-2-spavace-sobe-001-1024x683.jpg 1024w, https:\/\/visitkorculaisland.com\/wp-content\/uploads\/2023\/04\/Seascape-Guesthouse-Korcula-2-spavace-sobe-001-1536x1024.jpg 1536w, https:\/\/visitkorculaisland.com\/wp-content\/uploads\/2023\/04\/Seascape-Guesthouse-Korcula-2-spavace-sobe-001.jpg 2048w\" sizes=\"(max-width: 768px) 100vw, 768px\" \/>\t\t\t\t\t\t\t\t\t\t\t\t\t\t\t<\/div>\n\t\t\t\t<\/div>\n\t\t\t\t<div class=\"elementor-element elementor-element-97f0534 elementor-widget elementor-widget-text-editor\" data-id=\"97f0534\" data-element_type=\"widget\" data-widget_type=\"text-editor.default\">\n\t\t\t\t<div class=\"elementor-widget-container\">\n\t\t\t\t\t\t\t\t\t<p><span style=\"color: #808080;\">Ferienhaus - Podgomilje 1060 B, \u017drnovo \/ Stadt Kor\u010dula<\/span><\/p><p><span style=\"color: #808080;\">+385 99 416 1858<\/span><\/p><p><span style=\"color: #00ccff;\"><a style=\"color: #00ccff;\" href=\"mailto:seascape.korcula@gmail.com\" target=\"_blank\" rel=\"noopener\">seascape.korcula@gmail.com<\/a><\/span><\/p><p><span style=\"color: #00ccff;\"><a style=\"color: #00ccff;\" href=\"https:\/\/www.instagram.com\/seascape.korcula\/\" target=\"_blank\" rel=\"noopener\">https:\/\/www.instagram.com\/seascape.korcula\/<\/a><\/span><\/p><p><span style=\"color: #00ccff;\">https:\/\/www.seascapekorcula.eu\/\u00a0<\/span><\/p><p><span style=\"color: #00ccff;\"><a style=\"color: #00ccff;\" href=\"https:\/\/web.facebook.com\/seascape.korcula?_rdc=1&amp;_rdr\" target=\"_blank\" rel=\"noopener\">https:\/\/web.facebook.com\/seascape.korcula?_rdc=1&amp;_rdr<\/a>\u00a0<\/span><\/p>\t\t\t\t\t\t\t\t<\/div>\n\t\t\t\t<\/div>\n\t\t\t\t\t<\/div>\n\t\t<\/div>\n\t\t\t\t\t<\/div>\n\t\t<\/section>\n\t\t\t\t<section class=\"elementor-section elementor-top-section elementor-element elementor-element-4a36793 elementor-section-boxed elementor-section-height-default elementor-section-height-default elementor-invisible\" data-id=\"4a36793\" data-element_type=\"section\" data-settings=\"{&quot;animation&quot;:&quot;slideInUp&quot;}\">\n\t\t\t\t\t\t<div class=\"elementor-container elementor-column-gap-default\">\n\t\t\t\t\t<div class=\"elementor-column elementor-col-100 elementor-top-column elementor-element elementor-element-e48a0a6\" data-id=\"e48a0a6\" data-element_type=\"column\">\n\t\t\t<div class=\"elementor-widget-wrap elementor-element-populated\">\n\t\t\t\t\t\t<div class=\"elementor-element elementor-element-9429df2 elementor-widget elementor-widget-heading\" data-id=\"9429df2\" data-element_type=\"widget\" data-widget_type=\"heading.default\">\n\t\t\t\t<div class=\"elementor-widget-container\">\n\t\t\t\t\t<h2 class=\"elementor-heading-title elementor-size-default\">Adriatic Pearl Kor\u010dula Apartments <\/h2>\t\t\t\t<\/div>\n\t\t\t\t<\/div>\n\t\t\t\t<div class=\"elementor-element elementor-element-dea6319 elementor-widget elementor-widget-image\" data-id=\"dea6319\" data-element_type=\"widget\" data-widget_type=\"image.default\">\n\t\t\t\t<div class=\"elementor-widget-container\">\n\t\t\t\t\t\t\t\t\t\t\t\t\t\t\t<img decoding=\"async\" width=\"768\" height=\"489\" data-src=\"https:\/\/visitkorculaisland.com\/wp-content\/uploads\/2023\/04\/Adriatic-Pearl-Korcula-Aparmtents-scaled-e1681393815551-768x489.jpg\" class=\"attachment-medium_large size-medium_large wp-image-1094 lazyload\" alt=\"\" data-srcset=\"https:\/\/visitkorculaisland.com\/wp-content\/uploads\/2023\/04\/Adriatic-Pearl-Korcula-Aparmtents-scaled-e1681393815551-768x489.jpg 768w, https:\/\/visitkorculaisland.com\/wp-content\/uploads\/2023\/04\/Adriatic-Pearl-Korcula-Aparmtents-scaled-e1681393815551-300x191.jpg 300w, https:\/\/visitkorculaisland.com\/wp-content\/uploads\/2023\/04\/Adriatic-Pearl-Korcula-Aparmtents-scaled-e1681393815551-1024x653.jpg 1024w, https:\/\/visitkorculaisland.com\/wp-content\/uploads\/2023\/04\/Adriatic-Pearl-Korcula-Aparmtents-scaled-e1681393815551-1536x979.jpg 1536w, https:\/\/visitkorculaisland.com\/wp-content\/uploads\/2023\/04\/Adriatic-Pearl-Korcula-Aparmtents-scaled-e1681393815551-2048x1305.jpg 2048w\" data-sizes=\"(max-width: 768px) 100vw, 768px\" src=\"data:image\/svg+xml;base64,PHN2ZyB3aWR0aD0iMSIgaGVpZ2h0PSIxIiB4bWxucz0iaHR0cDovL3d3dy53My5vcmcvMjAwMC9zdmciPjwvc3ZnPg==\" style=\"--smush-placeholder-width: 768px; --smush-placeholder-aspect-ratio: 768\/489;\" \/>\t\t\t\t\t\t\t\t\t\t\t\t\t\t\t<\/div>\n\t\t\t\t<\/div>\n\t\t\t\t<div class=\"elementor-element elementor-element-0210da0 elementor-widget elementor-widget-text-editor\" data-id=\"0210da0\" data-element_type=\"widget\" data-widget_type=\"text-editor.default\">\n\t\t\t\t<div class=\"elementor-widget-container\">\n\t\t\t\t\t\t\t\t\t<p>Wohnungen in einem Haushalt - A. Star\u010devi\u0107a 25, Stadt Kor\u010dula \/ Stadt Kor\u010dula<\/p><p>+385 99 302 6335<\/p><p><span style=\"color: #00ccff;\"><a style=\"color: #00ccff;\" href=\"mailto:gaelle.granic@gmail.com\" target=\"_blank\" rel=\"noopener\">gaelle.granic@gmail.com<\/a><\/span><\/p><p><span style=\"color: #00ccff;\"><a style=\"color: #00ccff;\" href=\"http:\/\/www.adriaticpearlkorcula.com\" target=\"_blank\" rel=\"noopener\">www.adriaticpearlkorcula.com<\/a><\/span><\/p><p><span style=\"color: #00ccff;\"><a style=\"color: #00ccff;\" href=\"https:\/\/www.facebook.com\/adriaticpearlkorcula\/\" target=\"_blank\" rel=\"noopener\">https:\/\/www.facebook.com\/adriaticpearlkorcula\/<\/a><\/span><\/p>\t\t\t\t\t\t\t\t<\/div>\n\t\t\t\t<\/div>\n\t\t\t\t\t<\/div>\n\t\t<\/div>\n\t\t\t\t\t<\/div>\n\t\t<\/section>\n\t\t\t\t<section class=\"elementor-section elementor-top-section elementor-element elementor-element-84b7e4f elementor-section-boxed elementor-section-height-default elementor-section-height-default elementor-invisible\" data-id=\"84b7e4f\" data-element_type=\"section\" data-settings=\"{&quot;animation&quot;:&quot;slideInUp&quot;}\">\n\t\t\t\t\t\t<div class=\"elementor-container elementor-column-gap-default\">\n\t\t\t\t\t<div class=\"elementor-column elementor-col-100 elementor-top-column elementor-element elementor-element-3fd1ec8\" data-id=\"3fd1ec8\" data-element_type=\"column\">\n\t\t\t<div class=\"elementor-widget-wrap elementor-element-populated\">\n\t\t\t\t\t\t<div class=\"elementor-element elementor-element-da1f14d elementor-widget elementor-widget-heading\" data-id=\"da1f14d\" data-element_type=\"widget\" data-widget_type=\"heading.default\">\n\t\t\t\t<div class=\"elementor-widget-container\">\n\t\t\t\t\t<h2 class=\"elementor-heading-title elementor-size-default\">Kor\u010dula Hill doo <\/h2>\t\t\t\t<\/div>\n\t\t\t\t<\/div>\n\t\t\t\t<div class=\"elementor-element elementor-element-2896b2f elementor-widget-laptop__width-initial elementor-widget elementor-widget-image\" data-id=\"2896b2f\" data-element_type=\"widget\" data-widget_type=\"image.default\">\n\t\t\t\t<div class=\"elementor-widget-container\">\n\t\t\t\t\t\t\t\t\t\t\t\t\t\t\t<img decoding=\"async\" width=\"768\" height=\"513\" data-src=\"https:\/\/visitkorculaisland.com\/wp-content\/uploads\/2023\/11\/K-HILLS-HQ-22-768x513.jpg\" class=\"attachment-medium_large size-medium_large wp-image-1784 lazyload\" alt=\"Korcula_Hill\" data-srcset=\"https:\/\/visitkorculaisland.com\/wp-content\/uploads\/2023\/11\/K-HILLS-HQ-22-768x513.jpg 768w, https:\/\/visitkorculaisland.com\/wp-content\/uploads\/2023\/11\/K-HILLS-HQ-22-300x200.jpg 300w, https:\/\/visitkorculaisland.com\/wp-content\/uploads\/2023\/11\/K-HILLS-HQ-22-1024x684.jpg 1024w, https:\/\/visitkorculaisland.com\/wp-content\/uploads\/2023\/11\/K-HILLS-HQ-22-1536x1025.jpg 1536w, https:\/\/visitkorculaisland.com\/wp-content\/uploads\/2023\/11\/K-HILLS-HQ-22-2048x1367.jpg 2048w, https:\/\/visitkorculaisland.com\/wp-content\/uploads\/2023\/11\/K-HILLS-HQ-22-18x12.jpg 18w\" data-sizes=\"(max-width: 768px) 100vw, 768px\" src=\"data:image\/svg+xml;base64,PHN2ZyB3aWR0aD0iMSIgaGVpZ2h0PSIxIiB4bWxucz0iaHR0cDovL3d3dy53My5vcmcvMjAwMC9zdmciPjwvc3ZnPg==\" style=\"--smush-placeholder-width: 768px; --smush-placeholder-aspect-ratio: 768\/513;\" \/>\t\t\t\t\t\t\t\t\t\t\t\t\t\t\t<\/div>\n\t\t\t\t<\/div>\n\t\t\t\t<div class=\"elementor-element elementor-element-8667b59 elementor-widget elementor-widget-text-editor\" data-id=\"8667b59\" data-element_type=\"widget\" data-widget_type=\"text-editor.default\">\n\t\t\t\t<div class=\"elementor-widget-container\">\n\t\t\t\t\t\t\t\t\t<p>Apartmentkomplex - \u017drnovo 657, \u017drnovo \/ Stadt Kor\u010dula<\/p><p>+385 92 348 8888<\/p><p><span style=\"color: #00ccff;\"><a style=\"color: #00ccff;\" href=\"mailto:tourism@khill.hr\" target=\"_blank\" rel=\"noopener\">tourism@khill.hr<\/a><\/span><\/p><p><span style=\"color: #00ccff;\"><a style=\"color: #00ccff;\" href=\"https:\/\/korculahill.com\" target=\"_blank\" rel=\"noopener\">https:\/\/korculahill.com<\/a><\/span><\/p><p><span style=\"color: #00ccff;\"><a style=\"color: #00ccff;\" href=\"https:\/\/www.facebook.com\/korculahill\" target=\"_blank\" rel=\"noopener\">https:\/\/www.facebook.com\/korculahill<\/a><\/span><\/p><p><span style=\"color: #00ccff;\"><a style=\"color: #00ccff;\" href=\"https:\/\/www.instagram.com\/korcula_hill\/\" target=\"_blank\" rel=\"noopener\">https:\/\/www.instagram.com\/korcula_hill\/<\/a><\/span><\/p>\t\t\t\t\t\t\t\t<\/div>\n\t\t\t\t<\/div>\n\t\t\t\t\t<\/div>\n\t\t<\/div>\n\t\t\t\t\t<\/div>\n\t\t<\/section>\n\t\t\t\t<section class=\"elementor-section elementor-top-section elementor-element elementor-element-c51c864 elementor-section-boxed elementor-section-height-default elementor-section-height-default elementor-invisible\" data-id=\"c51c864\" data-element_type=\"section\" data-settings=\"{&quot;animation&quot;:&quot;slideInUp&quot;}\">\n\t\t\t\t\t\t<div class=\"elementor-container elementor-column-gap-default\">\n\t\t\t\t\t<div class=\"elementor-column elementor-col-100 elementor-top-column elementor-element elementor-element-0c37d18\" data-id=\"0c37d18\" data-element_type=\"column\">\n\t\t\t<div class=\"elementor-widget-wrap elementor-element-populated\">\n\t\t\t\t\t\t<div class=\"elementor-element elementor-element-6771e15 elementor-widget elementor-widget-heading\" data-id=\"6771e15\" data-element_type=\"widget\" data-widget_type=\"heading.default\">\n\t\t\t\t<div class=\"elementor-widget-container\">\n\t\t\t\t\t<h2 class=\"elementor-heading-title elementor-size-default\">Villa Maslina<\/h2>\t\t\t\t<\/div>\n\t\t\t\t<\/div>\n\t\t\t\t<div class=\"elementor-element elementor-element-bd6053a elementor-widget-laptop__width-initial elementor-widget elementor-widget-image\" data-id=\"bd6053a\" data-element_type=\"widget\" data-widget_type=\"image.default\">\n\t\t\t\t<div class=\"elementor-widget-container\">\n\t\t\t\t\t\t\t\t\t\t\t\t\t\t\t<img decoding=\"async\" width=\"768\" height=\"577\" data-src=\"https:\/\/visitkorculaisland.com\/wp-content\/uploads\/2024\/01\/Vila-Maslina-scaled-e1707725592211-768x577.jpg\" class=\"attachment-medium_large size-medium_large wp-image-1857 lazyload\" alt=\"\" data-srcset=\"https:\/\/visitkorculaisland.com\/wp-content\/uploads\/2024\/01\/Vila-Maslina-scaled-e1707725592211-768x577.jpg 768w, https:\/\/visitkorculaisland.com\/wp-content\/uploads\/2024\/01\/Vila-Maslina-scaled-e1707725592211-300x225.jpg 300w, https:\/\/visitkorculaisland.com\/wp-content\/uploads\/2024\/01\/Vila-Maslina-scaled-e1707725592211-16x12.jpg 16w, https:\/\/visitkorculaisland.com\/wp-content\/uploads\/2024\/01\/Vila-Maslina-scaled-e1707725592211.jpg 1023w\" data-sizes=\"(max-width: 768px) 100vw, 768px\" src=\"data:image\/svg+xml;base64,PHN2ZyB3aWR0aD0iMSIgaGVpZ2h0PSIxIiB4bWxucz0iaHR0cDovL3d3dy53My5vcmcvMjAwMC9zdmciPjwvc3ZnPg==\" style=\"--smush-placeholder-width: 768px; --smush-placeholder-aspect-ratio: 768\/577;\" \/>\t\t\t\t\t\t\t\t\t\t\t\t\t\t\t<\/div>\n\t\t\t\t<\/div>\n\t\t\t\t<div class=\"elementor-element elementor-element-819d24b elementor-widget elementor-widget-text-editor\" data-id=\"819d24b\" data-element_type=\"widget\" data-widget_type=\"text-editor.default\">\n\t\t\t\t<div class=\"elementor-widget-container\">\n\t\t\t\t\t\t\t\t\t<p>Wohnungen in einem Haushalt - Gr\u0161\u0107ica Vela Nr. 12, Schlamm<\/p><p>+385 91 735 1684<\/p><p><a href=\"mailto:steficatom@yahoo.ca\"><span style=\"color: #00ccff;\">steficatom@yahoo.ca<\/span><\/a><\/p><p><a href=\"mailto:steficatom@yahoo.ca\"><span style=\"color: #00ccff;\">mit<\/span><\/a><a href=\"https:\/\/tsphotography6954.pixieset.com\/villamaslina\/\" target=\"_blank\" rel=\"noopener\"><span style=\"color: #00ccff;\">https:\/\/tsphotography6954.pixieset.com\/villamaslina\/<\/span><\/a><\/p>\t\t\t\t\t\t\t\t<\/div>\n\t\t\t\t<\/div>\n\t\t\t\t\t<\/div>\n\t\t<\/div>\n\t\t\t\t\t<\/div>\n\t\t<\/section>\n\t\t\t\t<section class=\"elementor-section elementor-top-section elementor-element elementor-element-15efc13 elementor-section-boxed elementor-section-height-default elementor-section-height-default elementor-invisible\" data-id=\"15efc13\" data-element_type=\"section\" data-settings=\"{&quot;animation&quot;:&quot;slideInUp&quot;}\">\n\t\t\t\t\t\t<div class=\"elementor-container elementor-column-gap-default\">\n\t\t\t\t\t<div class=\"elementor-column elementor-col-100 elementor-top-column elementor-element elementor-element-323a849\" data-id=\"323a849\" data-element_type=\"column\">\n\t\t\t<div class=\"elementor-widget-wrap elementor-element-populated\">\n\t\t\t\t\t\t<div class=\"elementor-element elementor-element-04cb344 elementor-widget elementor-widget-heading\" data-id=\"04cb344\" data-element_type=\"widget\" data-widget_type=\"heading.default\">\n\t\t\t\t<div class=\"elementor-widget-container\">\n\t\t\t\t\t<h2 class=\"elementor-heading-title elementor-size-default\">Villa V<\/h2>\t\t\t\t<\/div>\n\t\t\t\t<\/div>\n\t\t\t\t<div class=\"elementor-element elementor-element-484f74f elementor-widget-laptop__width-initial elementor-widget elementor-widget-image\" data-id=\"484f74f\" data-element_type=\"widget\" data-widget_type=\"image.default\">\n\t\t\t\t<div class=\"elementor-widget-container\">\n\t\t\t\t\t\t\t\t\t\t\t\t\t\t\t<img decoding=\"async\" width=\"768\" height=\"512\" data-src=\"https:\/\/visitkorculaisland.com\/wp-content\/uploads\/2024\/02\/Villa-V-scaled-e1707725212256-768x512.jpg\" class=\"attachment-medium_large size-medium_large wp-image-1879 lazyload\" alt=\"\" data-srcset=\"https:\/\/visitkorculaisland.com\/wp-content\/uploads\/2024\/02\/Villa-V-scaled-e1707725212256-768x512.jpg 768w, https:\/\/visitkorculaisland.com\/wp-content\/uploads\/2024\/02\/Villa-V-scaled-e1707725212256-300x200.jpg 300w, https:\/\/visitkorculaisland.com\/wp-content\/uploads\/2024\/02\/Villa-V-scaled-e1707725212256-1024x682.jpg 1024w, https:\/\/visitkorculaisland.com\/wp-content\/uploads\/2024\/02\/Villa-V-scaled-e1707725212256-1536x1023.jpg 1536w, https:\/\/visitkorculaisland.com\/wp-content\/uploads\/2024\/02\/Villa-V-scaled-e1707725212256-18x12.jpg 18w, https:\/\/visitkorculaisland.com\/wp-content\/uploads\/2024\/02\/Villa-V-scaled-e1707725212256.jpg 1600w\" data-sizes=\"(max-width: 768px) 100vw, 768px\" src=\"data:image\/svg+xml;base64,PHN2ZyB3aWR0aD0iMSIgaGVpZ2h0PSIxIiB4bWxucz0iaHR0cDovL3d3dy53My5vcmcvMjAwMC9zdmciPjwvc3ZnPg==\" style=\"--smush-placeholder-width: 768px; --smush-placeholder-aspect-ratio: 768\/512;\" \/>\t\t\t\t\t\t\t\t\t\t\t\t\t\t\t<\/div>\n\t\t\t\t<\/div>\n\t\t\t\t<div class=\"elementor-element elementor-element-b3598ff elementor-widget elementor-widget-text-editor\" data-id=\"b3598ff\" data-element_type=\"widget\" data-widget_type=\"text-editor.default\">\n\t\t\t\t<div class=\"elementor-widget-container\">\n\t\t\t\t\t\t\t\t\t<p>Wohnungen in einem Haushalt - Pri\u0161\u0107apac 32 \/ Gemeinde Blato<\/p><p>+385 91 630 5969<\/p><p><a style=\"font-family: var( --e-global-typography-text-font-family ), Sans-serif; font-weight: var( --e-global-typography-text-font-weight ); background-color: #ffffff; font-size: 1rem; color: #00ccff;\" href=\"mailto:vucina@fesb.hr\" target=\"_blank\" rel=\"noopener\">vucina@fesb.hr<\/a><\/p><p><span style=\"color: #00ccff;\"><a style=\"color: #00ccff;\" href=\"villav.prizbakorcula@gmail.com\" target=\"_blank\" rel=\"noopener\">villav.prizbakorcula@gmail.com<\/a><\/span><\/p>\t\t\t\t\t\t\t\t<\/div>\n\t\t\t\t<\/div>\n\t\t\t\t\t<\/div>\n\t\t<\/div>\n\t\t\t\t\t<\/div>\n\t\t<\/section>\n\t\t\t\t<section class=\"elementor-section elementor-top-section elementor-element elementor-element-5e11229 elementor-section-boxed elementor-section-height-default elementor-section-height-default\" data-id=\"5e11229\" data-element_type=\"section\">\n\t\t\t\t\t\t<div class=\"elementor-container elementor-column-gap-default\">\n\t\t\t\t\t<div class=\"elementor-column elementor-col-100 elementor-top-column elementor-element elementor-element-d83dc93\" data-id=\"d83dc93\" data-element_type=\"column\">\n\t\t\t<div class=\"elementor-widget-wrap elementor-element-populated\">\n\t\t\t\t\t\t\t<\/div>\n\t\t<\/div>\n\t\t\t\t\t<\/div>\n\t\t<\/section>\n\t\t\t\t<\/div>","protected":false},"excerpt":{"rendered":"<p>ECO FRIENDLY SMJE\u0160TAJI Seascape Beach House Kor\u010dula Ku\u0107a za odmor &#8211; Podgomilje 1060 B, \u017drnovo \/ Grad Kor\u010dula +385 99 416 1858 seascape.korcula@gmail.com https:\/\/www.instagram.com\/seascape.korcula\/ https:\/\/www.seascapekorcula.eu\/\u00a0 https:\/\/web.facebook.com\/seascape.korcula?_rdc=1&amp;_rdr\u00a0 Adriatic Pearl Kor\u010dula Apartments Apartmani u doma\u0107instvu &#8211; A.Star\u010devi\u0107a 25, Grad Kor\u010dula \/ Grad Kor\u010dula +385 99 302 6335 gaelle.granic@gmail.com www.adriaticpearlkorcula.com https:\/\/www.facebook.com\/adriaticpearlkorcula\/ Kor\u010dula Hill d.o.o. Kompleks apartmana &#8211; \u017drnovo [&hellip;]<\/p>\n","protected":false},"author":1,"featured_media":0,"parent":0,"menu_order":0,"comment_status":"closed","ping_status":"closed","template":"elementor_header_footer","meta":{"footnotes":""},"class_list":["post-117","page","type-page","status-publish","hentry"],"_links":{"self":[{"href":"https:\/\/visitkorculaisland.com\/de\/wp-json\/wp\/v2\/pages\/117","targetHints":{"allow":["GET"]}}],"collection":[{"href":"https:\/\/visitkorculaisland.com\/de\/wp-json\/wp\/v2\/pages"}],"about":[{"href":"https:\/\/visitkorculaisland.com\/de\/wp-json\/wp\/v2\/types\/page"}],"author":[{"embeddable":true,"href":"https:\/\/visitkorculaisland.com\/de\/wp-json\/wp\/v2\/users\/1"}],"replies":[{"embeddable":true,"href":"https:\/\/visitkorculaisland.com\/de\/wp-json\/wp\/v2\/comments?post=117"}],"version-history":[{"count":0,"href":"https:\/\/visitkorculaisland.com\/de\/wp-json\/wp\/v2\/pages\/117\/revisions"}],"wp:attachment":[{"href":"https:\/\/visitkorculaisland.com\/de\/wp-json\/wp\/v2\/media?parent=117"}],"curies":[{"name":"wp","href":"https:\/\/api.w.org\/{rel}","templated":true}]}}