{"id":109,"date":"2023-04-05T12:31:00","date_gmt":"2023-04-05T11:31:00","guid":{"rendered":"https:\/\/visitkorculaisland.com\/?page_id=109"},"modified":"2024-10-23T12:55:44","modified_gmt":"2024-10-23T10:55:44","slug":"wie-man-zur-insel-kommt","status":"publish","type":"page","link":"https:\/\/visitkorculaisland.com\/de\/wie-man-zur-insel-kommt\/","title":{"rendered":"WIE KOMMT MAN AUF DIE INSEL?"},"content":{"rendered":"<h1>WIE KOMMT MAN AUF DIE INSEL?<\/h1>\n<h2>CAR FERRY<\/h2>\n<p>Sailing Schedule for car ferries, catamarans and boats from Split, Orebi\u0107 and Dubrovnik.<br \/>Die \u201eCaptain Luka\u201c-Flotte besteht aus schnellen Schiffen mit Sitzplatzkapazit\u00e4ten zwischen 180 und 396.<\/p>\n<p style=\"text-align: center;\" align=\"justify\"><a style=\"color: #00ccff;\" href=\"http:\/\/jadrolinija.hr\/\" target=\"_blank\" rel=\"noopener\">Jadrolinija<\/a>\u00a0\/\u00a0<a style=\"color: #00ccff;\" href=\"http:\/\/krilo.hr\/\" target=\"_blank\" rel=\"noopener\">MB Kapetan Luka<\/a>\u00a0\/\u00a0<a style=\"color: #00ccff;\" href=\"http:\/\/agencija-zolpp.hr\/\" target=\"_blank\" rel=\"noopener\">KTD Bilan<\/a>\u00a0\/\u00a0<a style=\"color: #00ccff;\" href=\"https:\/\/gv-zadar.hr\/linija\/drzavna-brodska-linija-br-614-orebic-peljesac-korcula-i-obratno\/\" target=\"_blank\" rel=\"noopener\">G&amp;V-Linie\u00a0<\/a>\u00a0\/ <a href=\"https:\/\/www.tp-line.hr\/hr\/red-plovidbe\" target=\"_blank\" rel=\"noopener\">TP-Linie<\/a><\/p>\n<p style=\"text-align: center;\" align=\"justify\">Weitere Informationen k\u00f6nnen Sie lesen <a href=\"https:\/\/www.visitkorcula.eu\/cro\/dolazak-brodom.html\" target=\"_blank\" rel=\"noopener\">hier<\/a>.<\/p>\n<figure>\n\t\t\t\t\t\t\t\t\t\t<img decoding=\"async\" width=\"570\" height=\"355\" data-src=\"http:\/\/visitkorculaisland.com\/wp-content\/uploads\/2023\/04\/Kako-doci-brodom.jpg\" alt=\"\" data-srcset=\"https:\/\/visitkorculaisland.com\/wp-content\/uploads\/2023\/04\/Kako-doci-brodom.jpg 570w, https:\/\/visitkorculaisland.com\/wp-content\/uploads\/2023\/04\/Kako-doci-brodom-300x187.jpg 300w\" data-sizes=\"auto, (max-width: 570px) 100vw, 570px\" src=\"data:image\/svg+xml;base64,PHN2ZyB3aWR0aD0iMSIgaGVpZ2h0PSIxIiB4bWxucz0iaHR0cDovL3d3dy53My5vcmcvMjAwMC9zdmciPjwvc3ZnPg==\" class=\"lazyload\" style=\"--smush-placeholder-width: 570px; --smush-placeholder-aspect-ratio: 570\/355;\" \/><figcaption><\/figcaption><\/figure>\n<h2>PARKING KOR\u010cULA<\/h2>\n<p>1 \u2013 \u00d6stliche Uferpromenade<\/p>\n<p>2 \u2013 Parkplatz Ex Liburna<\/p>\n<p>3 \u2013 Parkuhr Tommy<\/p>\n<p>4 \u2013 Garage<\/p>\n<p>HILFE UNTERWEGS -\u00a0<a style=\"color: #00ccff;\" href=\"http:\/\/www.hak.hr\/\" target=\"_blank\" rel=\"noopener\">Kroatischer Autoclub (HAK)<\/a><\/p>\n<p>Email:\u00a0<a style=\"color: #00ccff;\" href=\"mailto:1987@hak.hr?subject=visitor%20visitkorcula.eu\" target=\"_blank\" rel=\"noopener\">1987@hak.hr\u00a0<\/a><\/p>\n<p>Weitere Informationen k\u00f6nnen Sie lesen <a href=\"https:\/\/www.visitkorcula.eu\/cro\/dolazak-automobilom.html\" target=\"_blank\" rel=\"noopener\">hier<\/a>.<\/p>\n<figure>\n\t\t\t\t\t\t\t\t\t\t<img decoding=\"async\" width=\"800\" height=\"483\" data-src=\"http:\/\/visitkorculaisland.com\/wp-content\/uploads\/2023\/04\/Korcula_Parking-1024x618.png\" alt=\"\" data-srcset=\"https:\/\/visitkorculaisland.com\/wp-content\/uploads\/2023\/04\/Korcula_Parking-1024x618.png 1024w, https:\/\/visitkorculaisland.com\/wp-content\/uploads\/2023\/04\/Korcula_Parking-300x181.png 300w, https:\/\/visitkorculaisland.com\/wp-content\/uploads\/2023\/04\/Korcula_Parking-768x464.png 768w, https:\/\/visitkorculaisland.com\/wp-content\/uploads\/2023\/04\/Korcula_Parking.png 1070w\" data-sizes=\"auto, (max-width: 800px) 100vw, 800px\" src=\"data:image\/svg+xml;base64,PHN2ZyB3aWR0aD0iMSIgaGVpZ2h0PSIxIiB4bWxucz0iaHR0cDovL3d3dy53My5vcmcvMjAwMC9zdmciPjwvc3ZnPg==\" class=\"lazyload\" style=\"--smush-placeholder-width: 800px; --smush-placeholder-aspect-ratio: 800\/483;\" \/><figcaption><\/figcaption><\/figure>\n<h2>MIT DEM BUS<\/h2>\n<p><a style=\"color: #00ccff;\" href=\"http:\/\/www.korkyra.info\/\" target=\"_blank\" rel=\"noopener\">KORKYRA-\u00dcBERTRAGUNGEN<\/a><br \/>E-Mail: info@korkyra.info<br \/>Transfers\/Shuttlebus\/Touren\/Ausfl\u00fcge<\/p>\n<p><a style=\"color: #00ccff;\" href=\"https:\/\/www.arriva.com.hr\/en-us\/\" target=\"_blank\" rel=\"noopener\">ANKUNFT KORCULA\u00a0<\/a>\u00a0<br \/>E-Mail: info@arriva.com.hr<br \/>Ticketb\u00fcro Kor\u010dula<\/p>\n<p>Weitere Informationen k\u00f6nnen Sie lesen <a href=\"https:\/\/www.visitkorcula.eu\/cro\/dolazak-autobusom.html\" target=\"_blank\" rel=\"noopener\">hier<\/a>.<\/p>\n<figure>\n\t\t\t\t\t\t\t\t\t\t<img decoding=\"async\" width=\"500\" height=\"250\" data-src=\"http:\/\/visitkorculaisland.com\/wp-content\/uploads\/2023\/04\/Arriva-bus-korcula.jpg\" alt=\"\" data-srcset=\"https:\/\/visitkorculaisland.com\/wp-content\/uploads\/2023\/04\/Arriva-bus-korcula.jpg 500w, https:\/\/visitkorculaisland.com\/wp-content\/uploads\/2023\/04\/Arriva-bus-korcula-300x150.jpg 300w\" data-sizes=\"auto, (max-width: 500px) 100vw, 500px\" src=\"data:image\/svg+xml;base64,PHN2ZyB3aWR0aD0iMSIgaGVpZ2h0PSIxIiB4bWxucz0iaHR0cDovL3d3dy53My5vcmcvMjAwMC9zdmciPjwvc3ZnPg==\" class=\"lazyload\" style=\"--smush-placeholder-width: 500px; --smush-placeholder-aspect-ratio: 500\/250;\" \/><figcaption><\/figcaption><\/figure>\n<h2>MIT DEM FLUGZEUG<\/h2>\n<p>\t\t\t\t\t\t\t\t\t\t\t\t<a href=\"\">KROATIEN-FLUGGESELLSCHAFTEN<\/a><\/p>\n<p>Vom 24.06<br \/>Split \u2013 Frankfurt \u2013 zweimal pro Woche (Mittwoch \u2013 Samstag)<br \/>Vom 26.06<br \/>Split - M\u00fcnchen - zweimal pro Woche (Freitag - Samstag)<br \/>Split - Z\u00fcrich - zweimal pro Woche (Freitag - Samstag)<br \/>Vom 27.06<br \/>Split - D\u00fcsseldorf - einmal pro Woche (Samstag)<br \/>Split - Berlin - einmal pro Woche (Samstag)<\/p>\n<p>\t\t\t\t\t\t\t\t\t\t\t\t<a href=\"\">INTELLIGENTE FL\u00dcGEL<\/a><\/p>\n<p>Vom 10.06<br \/>Prag \u2013 Split \u2013 zweimal pro Woche (Mittwoch \u2013 Samstag)<br \/>Vom 17.06. - dreimal pro Woche (Montag - Mittwoch - Samstag)<br \/>Ab 24. Juni - t\u00e4glich<br \/>Vom 18.06<br \/>Kattowitz \u2013 Split \u2013 einmal pro Woche (Donnerstag)<br \/>Warschau \u2013 Split \u2013 einmal pro Woche (Donnerstag)<\/p>\n<p>\t\t\t\t\t\t\t\t\t\t\t\t<a href=\"\">TUI<\/a><\/p>\n<p>Vom 20.06<br \/>Br\u00fcssel \u2013 Dubrovnik \u2013 zweimal pro Woche (Mittwoch \u2013 Samstag)<br \/>Vom 10.07<br \/>Antwerpen \u2013 Split \u2013 zweimal pro Woche (Montag \u2013 Freitag)<\/p>\n<p>\t\t\t\t\t\t\t\t\t\t\t\t<a href=\"\">SEGGE<\/a><\/p>\n<p>Vom 20.06<br \/>Kopenhagen \u2013 Split \u2013 zweimal pro Woche (Mittwoch \u2013 Samstag)<br \/>Oslo \u2013 Split \u2013 einmal pro Woche (Samstag)<\/p>\n<p>\t\t\t\t\t\t\t\t\t\t\t\t<a href=\"\">LUFT BALTIK<\/a><\/p>\n<p>Vom 17.06<br \/>Riga \u2013 Dubrovnik \u2013 zweimal pro Woche (Montag \u2013 Donnerstag)<br \/>Vom 22.06<br \/>Riga \u2013 Split \u2013 einmal pro Woche (Mittwoch)<br \/>Vom 03.07<br \/>Riga \u2013 Split \u2013 zweimal pro Woche<\/p>\n<p>\t\t\t\t\t\t\t\t\t\t\t\t<a href=\"\">LUFTHANSA<\/a><\/p>\n<p>Vom 20.06<br \/>M\u00fcnchen - Dubrovnik - einmal pro Woche (Samstag)<br \/>M\u00fcnchen - Split - einmal pro Woche (Samstag)<br \/>Vom 27.06<br \/>Frankfurt - Split - einmal pro Woche (Samstag)<\/p>\n<p>\t\t\t\t\t\t\t\t\t\t\t\t<a href=\"\">BR\u00dcSSEL AIRLINES<\/a><\/p>\n<p>Vom 27.06<br \/>Br\u00fcssel \u2013 Dubrovnik \u2013 zweimal pro Woche (Dienstag \u2013 Sonntag)<\/p>\n<p>Zivilflugh\u00e4fen \/ HACZ \u2013\u00a0<a style=\"color: #00ccff;\" title=\"Kroatische Zivilluftfahrtbeh\u00f6rde\" href=\"http:\/\/www.ccaa.hr\/english\/naslovnica_1\/\" target=\"_blank\" rel=\"noopener\">www.ccaa.hr<\/a><\/p>\n<p><a style=\"color: #00ccff;\" title=\"Flughafen Brac\" href=\"https:\/\/www.airport-brac.hr\/en\/\" target=\"_blank\" rel=\"noopener\">Brac<\/a>\u00a0::\u00a0<a style=\"color: #00ccff;\" title=\"Flughafen Dubrovnik\" href=\"https:\/\/www.airport-dubrovnik.hr\/index.php\/en\/\" target=\"_blank\" rel=\"noopener\">Dubrovnik<\/a>\u00a0::\u00a0<a style=\"color: #00ccff;\" title=\"Flughafen Mali Lo\u0161inj\" href=\"https:\/\/www.airportmalilosinj.hr\/\" target=\"_blank\" rel=\"noopener\">Mali Lo\u0161inj<\/a>\u00a0::\u00a0<a style=\"color: #00ccff;\" title=\"Flughafen Osijek\" href=\"http:\/\/www.osijek-airport.hr\/\" target=\"_blank\" rel=\"noopener\">Osijek<\/a><br \/><a style=\"color: #00ccff;\" title=\"Flughafen Pula\" href=\"https:\/\/airport-pula.hr\/en\/\" target=\"_blank\" rel=\"noopener\">Pula<\/a>\u00a0::\u00a0<a style=\"color: #00ccff;\" title=\"Flughafen Rijeka\" href=\"http:\/\/rijeka-airport.hr\/\" target=\"_blank\" rel=\"noopener\">Rijeka<\/a>\u00a0::\u00a0<a style=\"color: #00ccff;\" title=\"Flughafen Split\" href=\"http:\/\/www.split-airport.hr\/index.php?lang=en\" target=\"_blank\" rel=\"noopener\">Split<\/a>\u00a0::\u00a0<a style=\"color: #00ccff;\" title=\"Flughafen Zadar\" href=\"https:\/\/www.zadar-airport.hr\/\" target=\"_blank\" rel=\"noopener\">Zadar<\/a><br \/><a title=\"Franjo Tu\u0111man Flughafen Zagreb\" href=\"http:\/\/www.zagreb-airport.hr\/en\" target=\"_blank\" rel=\"noopener\">MZL Franjo Tu\u0111man Zagreb<\/a><\/p>\n<p>Weitere Informationen k\u00f6nnen Sie lesen <a href=\"https:\/\/www.visitkorcula.eu\/cro\/dolazak-zrakoplovom.html\" target=\"_blank\" rel=\"noopener\">hier<\/a>.<\/p>\n<figure>\n\t\t\t\t\t\t\t\t\t\t<img decoding=\"async\" width=\"500\" height=\"250\" data-src=\"http:\/\/visitkorculaisland.com\/wp-content\/uploads\/2023\/04\/Zracna-luka-Dubrovnik.jpg\" alt=\"\" data-srcset=\"https:\/\/visitkorculaisland.com\/wp-content\/uploads\/2023\/04\/Zracna-luka-Dubrovnik.jpg 500w, https:\/\/visitkorculaisland.com\/wp-content\/uploads\/2023\/04\/Zracna-luka-Dubrovnik-300x150.jpg 300w\" data-sizes=\"auto, (max-width: 500px) 100vw, 500px\" src=\"data:image\/svg+xml;base64,PHN2ZyB3aWR0aD0iMSIgaGVpZ2h0PSIxIiB4bWxucz0iaHR0cDovL3d3dy53My5vcmcvMjAwMC9zdmciPjwvc3ZnPg==\" class=\"lazyload\" style=\"--smush-placeholder-width: 500px; --smush-placeholder-aspect-ratio: 500\/250;\" \/><figcaption><\/figcaption><\/figure>\n<figure>\n\t\t\t\t\t\t\t\t\t\t<img decoding=\"async\" width=\"500\" height=\"250\" data-src=\"http:\/\/visitkorculaisland.com\/wp-content\/uploads\/2023\/04\/Korcula-civil-airport.jpg\" alt=\"\" data-srcset=\"https:\/\/visitkorculaisland.com\/wp-content\/uploads\/2023\/04\/Korcula-civil-airport.jpg 500w, https:\/\/visitkorculaisland.com\/wp-content\/uploads\/2023\/04\/Korcula-civil-airport-300x150.jpg 300w\" data-sizes=\"auto, (max-width: 500px) 100vw, 500px\" src=\"data:image\/svg+xml;base64,PHN2ZyB3aWR0aD0iMSIgaGVpZ2h0PSIxIiB4bWxucz0iaHR0cDovL3d3dy53My5vcmcvMjAwMC9zdmciPjwvc3ZnPg==\" class=\"lazyload\" style=\"--smush-placeholder-width: 500px; --smush-placeholder-aspect-ratio: 500\/250;\" \/><figcaption><\/figcaption><\/figure>\n<h2>MIT DEM ZUG<\/h2>\n<p><a style=\"color: #00ccff;\" href=\"http:\/\/www.hzpp.hr\/\" target=\"_blank\" rel=\"noopener\">KROATISCHE EISENBAHN<\/a><\/p>\n<p>Das Netz der Kroatischen Eisenbahnen (H\u017d) konzentriert sich auf die Hauptstadt Zagreb. Das Eisenbahnnetz fungiert als Schnittpunkt der Routen von Europa von West nach Ost und von Nord nach S\u00fcd und stellt die k\u00fcrzeste Verbindung zwischen Mitteleuropa und der Adria und dem Mittelmeer dar.<\/p>\n<figure>\n\t\t\t\t\t\t\t\t\t\t<img decoding=\"async\" width=\"400\" height=\"270\" data-src=\"http:\/\/visitkorculaisland.com\/wp-content\/uploads\/2023\/04\/HZ-KORCULA.jpg\" alt=\"\" data-srcset=\"https:\/\/visitkorculaisland.com\/wp-content\/uploads\/2023\/04\/HZ-KORCULA.jpg 400w, https:\/\/visitkorculaisland.com\/wp-content\/uploads\/2023\/04\/HZ-KORCULA-300x203.jpg 300w\" data-sizes=\"auto, (max-width: 400px) 100vw, 400px\" src=\"data:image\/svg+xml;base64,PHN2ZyB3aWR0aD0iMSIgaGVpZ2h0PSIxIiB4bWxucz0iaHR0cDovL3d3dy53My5vcmcvMjAwMC9zdmciPjwvc3ZnPg==\" class=\"lazyload\" style=\"--smush-placeholder-width: 400px; --smush-placeholder-aspect-ratio: 400\/270;\" \/><figcaption><\/figcaption><\/figure>","protected":false},"excerpt":{"rendered":"<p>KAKO DO\u0106I DO OTOKA? BRODOM Plovidbeni red za trajekte, katamarane i brodove iz Splita, Orebi\u0107a i Dubrovnika. Jadrolinija \u0107e vas odvesti do prekrasnog otoka Kor\u010dula, sigurno, udobno i na vrijeme. Nudi vam nezaboravan do\u017eivljaj putovanja s okusom mora i do\u017eivljajem najljep\u0161ih obalnih i oto\u010dkih krajolika.Flota \u2018Kapetan Luka\u2019 se sastoji od brzih brodova sa sjedi\u0161nim kapacitetima [&hellip;]<\/p>\n","protected":false},"author":1,"featured_media":0,"parent":0,"menu_order":0,"comment_status":"closed","ping_status":"closed","template":"elementor_header_footer","meta":{"footnotes":""},"class_list":["post-109","page","type-page","status-publish","hentry"],"_links":{"self":[{"href":"https:\/\/visitkorculaisland.com\/de\/wp-json\/wp\/v2\/pages\/109","targetHints":{"allow":["GET"]}}],"collection":[{"href":"https:\/\/visitkorculaisland.com\/de\/wp-json\/wp\/v2\/pages"}],"about":[{"href":"https:\/\/visitkorculaisland.com\/de\/wp-json\/wp\/v2\/types\/page"}],"author":[{"embeddable":true,"href":"https:\/\/visitkorculaisland.com\/de\/wp-json\/wp\/v2\/users\/1"}],"replies":[{"embeddable":true,"href":"https:\/\/visitkorculaisland.com\/de\/wp-json\/wp\/v2\/comments?post=109"}],"version-history":[{"count":0,"href":"https:\/\/visitkorculaisland.com\/de\/wp-json\/wp\/v2\/pages\/109\/revisions"}],"wp:attachment":[{"href":"https:\/\/visitkorculaisland.com\/de\/wp-json\/wp\/v2\/media?parent=109"}],"curies":[{"name":"wp","href":"https:\/\/api.w.org\/{rel}","templated":true}]}}